{"id":475285,"date":"2024-04-08T18:31:46","date_gmt":"2024-04-08T16:31:46","guid":{"rendered":"https:\/\/schuhewiebarfuss.at\/shop\/produkt\/feldom-schwarz-orange\/"},"modified":"2026-03-01T16:19:39","modified_gmt":"2026-03-01T15:19:39","slug":"feldom-schwarz-orange","status":"publish","type":"product","link":"https:\/\/schuhewiebarfuss.at\/shop\/produkt\/feldom-schwarz-orange\/","title":{"rendered":"Feldom Schwarz\/Orange"},"content":{"rendered":"<p>Der Freet Feldom ist ein\u00a0leistungsstarker Schuh f\u00fcr das Laufen und Wandern auf Trails und im Gel\u00e4nde. Durch sein\u00a0asymmetrisches\u00a0Design sitzt er\u00a0sehr angenehm am Fu\u00df und bietet extra viel Raum im Vorfu\u00dfbereich. Sein Breathe-Mesh Recycling-Obermaterial macht den Feldom leicht, flexibel und atmungsaktiv, w\u00e4hrend die HillGrip-Au\u00dfensohle auch auf nassen Trails hervorragenden\u00a0Halt bietet. Die 2,5mm Flexile Innensohle ist herausnehmbar uns sorgt f\u00fcr zus\u00e4tzlichen Komfort auf anspruchsvollem Untergrund.<\/p>\n<p><b>Audio-Beschreibung<\/b><br \/><audio controls src=\"https:\/\/schuhewiebarfuss.at\/shop\/wp-content\/uploads\/lk\/5231_audio.wav\"><br \/>\n                                            Ihr Browser unterst\u00fctzt diese Audio-Ausgabe leider nicht.<br \/>\n                                            <\/ audio ><\/p>\n","protected":false},"excerpt":{"rendered":"<p>Einsatzbereiche:\u00a0Trailrunning, Wandern.<br \/>\nBesonderheiten:\u00a0Sehr\u00a0angenehme Passform und \u00e4u\u00dferst griffige Sohle.<br \/>\nMaterial:\u00a0Au\u00dfensohle:\u00a0Gummi, Obermaterial: Polyester. Vegan.<br \/>\nPflege:\u00a0?Handw\u00e4sche empfohlen. Lufttrocknen (kein W\u00e4schetrockner).<br \/>\nPassform: Fallen\u00a0normal\u00a0aus. Bitte\u00a0orientiere Dich an der Gr\u00f6\u00dfentabelle des Herstellers unter &#8222;Gr\u00f6\u00dfe finden&#8220;.<\/p>\n","protected":false},"featured_media":475284,"comment_status":"open","ping_status":"closed","template":"","meta":[],"product_brand":[],"product_cat":[3121],"product_tag":[1368,1373,1374,1375,1376,1377,1378,1379,1380,1381,1449,1452,2444,1450],"class_list":{"0":"post-475285","1":"product","2":"type-product","3":"status-publish","4":"has-post-thumbnail","6":"product_cat-sale","7":"product_tag-groesse-37","8":"product_tag-groesse-38","9":"product_tag-groesse-39","10":"product_tag-groesse-40","11":"product_tag-groesse-41","12":"product_tag-groesse-42","13":"product_tag-groesse-43","14":"product_tag-groesse-44","15":"product_tag-groesse-45","16":"product_tag-groesse-46","17":"product_tag-groesse-47","18":"product_tag-groesse-48","19":"product_tag-marke-freet","20":"product_tag-sale","22":"first","23":"instock","24":"taxable","25":"shipping-taxable","26":"purchasable","27":"product-type-variable"},"_links":{"self":[{"href":"https:\/\/schuhewiebarfuss.at\/shop\/wp-json\/wp\/v2\/product\/475285","targetHints":{"allow":["GET"]}}],"collection":[{"href":"https:\/\/schuhewiebarfuss.at\/shop\/wp-json\/wp\/v2\/product"}],"about":[{"href":"https:\/\/schuhewiebarfuss.at\/shop\/wp-json\/wp\/v2\/types\/product"}],"replies":[{"embeddable":true,"href":"https:\/\/schuhewiebarfuss.at\/shop\/wp-json\/wp\/v2\/comments?post=475285"}],"wp:featuredmedia":[{"embeddable":true,"href":"https:\/\/schuhewiebarfuss.at\/shop\/wp-json\/wp\/v2\/media\/475284"}],"wp:attachment":[{"href":"https:\/\/schuhewiebarfuss.at\/shop\/wp-json\/wp\/v2\/media?parent=475285"}],"wp:term":[{"taxonomy":"product_brand","embeddable":true,"href":"https:\/\/schuhewiebarfuss.at\/shop\/wp-json\/wp\/v2\/product_brand?post=475285"},{"taxonomy":"product_cat","embeddable":true,"href":"https:\/\/schuhewiebarfuss.at\/shop\/wp-json\/wp\/v2\/product_cat?post=475285"},{"taxonomy":"product_tag","embeddable":true,"href":"https:\/\/schuhewiebarfuss.at\/shop\/wp-json\/wp\/v2\/product_tag?post=475285"}],"curies":[{"name":"wp","href":"https:\/\/api.w.org\/{rel}","templated":true}]}}