{"id":475041,"date":"2024-04-08T18:08:44","date_gmt":"2024-04-08T16:08:44","guid":{"rendered":"https:\/\/schuhewiebarfuss.at\/shop\/produkt\/z-trek-herren\/"},"modified":"2026-02-28T20:28:36","modified_gmt":"2026-02-28T19:28:36","slug":"z-trek-herren","status":"publish","type":"product","link":"https:\/\/schuhewiebarfuss.at\/shop\/produkt\/z-trek-herren\/","title":{"rendered":"Z-Trek Herren"},"content":{"rendered":"<p>Die Xero Z-Trek ist die perfekte Kombination aus leichtem Schutz, nat\u00fcrlicher Flexibilit\u00e4t, Haltbarkeit und Vielseitigkeit. Die 6,0 mm FeelTrue\u00ae-Sohle bietet ein fantastisches Bodengef\u00fchl und sch\u00fctzt dennoch vorm Untergrund, w\u00e4hrend das in zwei Richtungen verlaufende Chevron-Profil sicheren Halt bietet. Das vollst\u00e4ndig verstellbare Riemensystem l\u00e4sst sich perfekt an die Fu\u00dfform anpassen und bietet somit sicheren Halt, auch auf unebenen Wege. Das schlichte Design ist einfach zu kombinieren, egal ob beim Stadtspaziergang oder bei der Wanderung durch den Wald.  <\/p>\n<p><b>Audio-Beschreibung<\/b><br \/><audio controls src=\"https:\/\/schuhewiebarfuss.at\/shop\/wp-content\/uploads\/lk\/5998_audio.wav\"><br \/>\n                                            Ihr Browser unterst\u00fctzt diese Audio-Ausgabe leider nicht.<br \/>\n                                            <\/ audio ><\/p>\n","protected":false},"excerpt":{"rendered":"<p>Gurtband: schnell trocknendes Nylon aus recycelten PET-Flaschen<br \/>\nSohle: 6,0 mm FeelTrue\u00ae-Sohle<br \/>\nvegan<\/p>\n","protected":false},"featured_media":475040,"comment_status":"open","ping_status":"closed","template":"","meta":[],"product_brand":[],"product_cat":[3121],"product_tag":[1544,3161,3082,1600,1408,1375,1376,1377,1378,1379,1380,1381,1449,2446,1450],"class_list":{"0":"post-475041","1":"product","2":"type-product","3":"status-publish","4":"has-post-thumbnail","6":"product_cat-sale","7":"product_tag-farbe-braun","8":"product_tag-farbe-forrest","9":"product_tag-farbe-multiblue","10":"product_tag-farbe-rot","11":"product_tag-farbe-schwarz","12":"product_tag-groesse-40","13":"product_tag-groesse-41","14":"product_tag-groesse-42","15":"product_tag-groesse-43","16":"product_tag-groesse-44","17":"product_tag-groesse-45","18":"product_tag-groesse-46","19":"product_tag-groesse-47","20":"product_tag-marke-xero","21":"product_tag-sale","23":"first","24":"instock","25":"taxable","26":"shipping-taxable","27":"purchasable","28":"product-type-variable"},"_links":{"self":[{"href":"https:\/\/schuhewiebarfuss.at\/shop\/wp-json\/wp\/v2\/product\/475041","targetHints":{"allow":["GET"]}}],"collection":[{"href":"https:\/\/schuhewiebarfuss.at\/shop\/wp-json\/wp\/v2\/product"}],"about":[{"href":"https:\/\/schuhewiebarfuss.at\/shop\/wp-json\/wp\/v2\/types\/product"}],"replies":[{"embeddable":true,"href":"https:\/\/schuhewiebarfuss.at\/shop\/wp-json\/wp\/v2\/comments?post=475041"}],"wp:featuredmedia":[{"embeddable":true,"href":"https:\/\/schuhewiebarfuss.at\/shop\/wp-json\/wp\/v2\/media\/475040"}],"wp:attachment":[{"href":"https:\/\/schuhewiebarfuss.at\/shop\/wp-json\/wp\/v2\/media?parent=475041"}],"wp:term":[{"taxonomy":"product_brand","embeddable":true,"href":"https:\/\/schuhewiebarfuss.at\/shop\/wp-json\/wp\/v2\/product_brand?post=475041"},{"taxonomy":"product_cat","embeddable":true,"href":"https:\/\/schuhewiebarfuss.at\/shop\/wp-json\/wp\/v2\/product_cat?post=475041"},{"taxonomy":"product_tag","embeddable":true,"href":"https:\/\/schuhewiebarfuss.at\/shop\/wp-json\/wp\/v2\/product_tag?post=475041"}],"curies":[{"name":"wp","href":"https:\/\/api.w.org\/{rel}","templated":true}]}}