{"id":474953,"date":"2024-04-08T17:59:46","date_gmt":"2024-04-08T15:59:46","guid":{"rendered":"https:\/\/schuhewiebarfuss.at\/shop\/produkt\/primus-lux-wp-damen\/"},"modified":"2026-03-01T07:22:21","modified_gmt":"2026-03-01T06:22:21","slug":"primus-lux-wp-damen","status":"publish","type":"product","link":"https:\/\/schuhewiebarfuss.at\/shop\/produkt\/primus-lux-wp-damen\/","title":{"rendered":"Primus Lux WP Damen"},"content":{"rendered":"<p>Wir haben den eleganten Primus Lux jetzt f\u00fcr die kalten Tage wetterfest gemacht. Das neue Modell ist aus wasserabweisendem Leder mit Neopreninnenfutter. Der Primus Lux Winterproof ist ein einzigartiger Barfu\u00dfschuh, der alle Bewegungen mitmacht. Er begleitet dich im Alltag in der Stadt, ebenso wie in der Freizeit &#8211; und dabei macht er jedes Wetter mit. Sein elegant-sportliches Design im typischen VIVOBAREFOOT-Stil macht diesen neuen Sneaker zu einem unverwechselbaren Highlight der Herbst-Winterkollektion. Das Leder l\u00e4sst deine F\u00fc\u00dfe atmen und w\u00e4rmt zugleich durch das funktionale Futter. Das Modell ist ein echtes Multitalent, denn es sieht klasse aus, bietet deinen F\u00fc\u00dfen den bestm\u00f6glichen Komfort und optimale Bewegungsfreiheit &#8211; Wohlf\u00fchlluxus f\u00fcr deine F\u00fc\u00dfe! An der Seite befindet sich ein eingepr\u00e4gtes Logo-V. Die 3mm d\u00fcnne Casual-Au\u00dfensohle l\u00e4sst deine F\u00fc\u00dfe den Boden sp\u00fcren w\u00e4hrend die durchstichfeste TPU-Schicht f\u00fcr den notwendigen Schutz sorgt.<\/p>\n<p>HINWEIS: Pflegen und Impr\u00e4gnieren sie den Wanderschuh regelm\u00e4\u00dfig damit es l\u00e4nger Wasserfest bleibt!<\/p>\n<p>WICHTIGER HINWEIS ZUM LEDER!!!<br \/>\nDas hochwertige Leder des britischen Traditionsunternehmens Pittards hat eine besondere Struktur und stammt aus Afrika. Das Leder wird mit pflanzlichen Mitteln gegerbt und m\u00f6glichst in seiner nat\u00fcrlichen Form und Textur erhalten. Au\u00dferdem zeichnet es sich durch seine robuste Struktur aus. Da es sich hierbei um nat\u00fcrliches Leder von wilden Tieren handelt, ist jedes Paar ein Unikat. Somit kann es sein, das einzelne Schuhe Narben, Kratzer oder kleine Flecken aufweisen.<\/p>\n<p><b>Audio-Beschreibung<\/b><br \/><audio controls src=\"https:\/\/schuhewiebarfuss.at\/shop\/wp-content\/uploads\/lk\/6188_audio.wav\"><br \/>\n                                            Ihr Browser unterst\u00fctzt diese Audio-Ausgabe leider nicht.<br \/>\n                                            <\/ audio ><\/p>\n","protected":false},"excerpt":{"rendered":"<p>\u2022Obermaterial: 100% Pittards Leder<br \/>\n\u2022Lederfu\u00dfbett<br \/>\n\u2022winterfest gef\u00fcttert<br \/>\n\u2022Pro 5: abrieb- und durchstichfeste Sohlentechnologie<br \/>\n\u2022patentierte, 3mm d\u00fcnne Casual-Au\u00dfensohle<br \/>\n\u2022Gewicht pro Schuh: 250g (Gr\u00f6\u00dfe 42)<\/p>\n","protected":false},"featured_media":474952,"comment_status":"open","ping_status":"closed","template":"","meta":[],"product_brand":[],"product_cat":[3121],"product_tag":[1544,1408,1362,1368,1373,1374,1375,1376,1377,2451,1450],"class_list":{"0":"post-474953","1":"product","2":"type-product","3":"status-publish","4":"has-post-thumbnail","6":"product_cat-sale","7":"product_tag-farbe-braun","8":"product_tag-farbe-schwarz","9":"product_tag-groesse-36","10":"product_tag-groesse-37","11":"product_tag-groesse-38","12":"product_tag-groesse-39","13":"product_tag-groesse-40","14":"product_tag-groesse-41","15":"product_tag-groesse-42","16":"product_tag-marke-vivobarefoot","17":"product_tag-sale","19":"first","20":"instock","21":"sale","22":"taxable","23":"shipping-taxable","24":"purchasable","25":"product-type-variable"},"_links":{"self":[{"href":"https:\/\/schuhewiebarfuss.at\/shop\/wp-json\/wp\/v2\/product\/474953","targetHints":{"allow":["GET"]}}],"collection":[{"href":"https:\/\/schuhewiebarfuss.at\/shop\/wp-json\/wp\/v2\/product"}],"about":[{"href":"https:\/\/schuhewiebarfuss.at\/shop\/wp-json\/wp\/v2\/types\/product"}],"replies":[{"embeddable":true,"href":"https:\/\/schuhewiebarfuss.at\/shop\/wp-json\/wp\/v2\/comments?post=474953"}],"wp:featuredmedia":[{"embeddable":true,"href":"https:\/\/schuhewiebarfuss.at\/shop\/wp-json\/wp\/v2\/media\/474952"}],"wp:attachment":[{"href":"https:\/\/schuhewiebarfuss.at\/shop\/wp-json\/wp\/v2\/media?parent=474953"}],"wp:term":[{"taxonomy":"product_brand","embeddable":true,"href":"https:\/\/schuhewiebarfuss.at\/shop\/wp-json\/wp\/v2\/product_brand?post=474953"},{"taxonomy":"product_cat","embeddable":true,"href":"https:\/\/schuhewiebarfuss.at\/shop\/wp-json\/wp\/v2\/product_cat?post=474953"},{"taxonomy":"product_tag","embeddable":true,"href":"https:\/\/schuhewiebarfuss.at\/shop\/wp-json\/wp\/v2\/product_tag?post=474953"}],"curies":[{"name":"wp","href":"https:\/\/api.w.org\/{rel}","templated":true}]}}