{"id":474929,"date":"2024-04-08T17:57:51","date_gmt":"2024-04-08T15:57:51","guid":{"rendered":"https:\/\/schuhewiebarfuss.at\/shop\/produkt\/vapor-glove-4-damen\/"},"modified":"2026-02-28T21:19:30","modified_gmt":"2026-02-28T20:19:30","slug":"vapor-glove-4-damen","status":"publish","type":"product","link":"https:\/\/schuhewiebarfuss.at\/shop\/produkt\/vapor-glove-4-damen\/","title":{"rendered":"Vapor Glove 4 Damen"},"content":{"rendered":"<p>Super leicht und dadurch extrem komfortabel zum Trailrunning: die Vapor Glove 4 von Merrell! Die Schuhe kommen in einem Synthetik-Obermaterial und sind dadurch super atmungsaktiv. Sie transportieren damit Feuchtigkeit super nach au\u00dfen ab. Zudem punkten die Trailrunningschuhe durch ihre Vibram-Laufsohle. Die leistungsstarke Sohle ist bekannt f\u00fcr ihre Langlebigkeit sowie Griffigkeit.<\/p>\n<p>Dank der antimikrobiellen Behandlung riechen die Schuhe im Inneren nicht unangenehm. Au\u00dferdem besitzen sie die sogenannte Barefoot 2 Konstruktion, die mehr Kraft, Beweglichkeit und damit Leistungsf\u00e4higkeit beim Laufen verspricht. Durch die bestimmte Konstruktion tritt man nicht mit der Ferse, sondern mit dem Mittelfu\u00df auf. Leistungsstark, gutaussehend und leicht &#8211; das ist der Vapor Glove 4!<\/p>\n<p><b>Audio-Beschreibung<\/b><br \/><audio controls src=\"https:\/\/schuhewiebarfuss.at\/shop\/wp-content\/uploads\/lk\/6058_audio.wav\"><br \/>\n                                            Ihr Browser unterst\u00fctzt diese Audio-Ausgabe leider nicht.<br \/>\n                                            <\/ audio ><\/p>\n","protected":false},"excerpt":{"rendered":"<p>Materialtyp: Synthetik<br \/>\nMaterialbehandlung: antimikrobielle Behandlung<br \/>\nMaterialeigenschaften: geruchshemmend, atmungsaktiv<br \/>\nVerschluss: Schn\u00fcrung<br \/>\nSohle: Vibram<\/p>\n","protected":false},"featured_media":474928,"comment_status":"open","ping_status":"closed","template":"","meta":[],"product_brand":[],"product_cat":[3121],"product_tag":[1479,2308,1600,1408,1413,1362,1368,1373,1374,1375,1376,1377,2468,1450],"class_list":{"0":"post-474929","1":"product","2":"type-product","3":"status-publish","4":"has-post-thumbnail","6":"product_cat-sale","7":"product_tag-farbe-blau","8":"product_tag-farbe-rosa","9":"product_tag-farbe-rot","10":"product_tag-farbe-schwarz","11":"product_tag-farbe-tuerkis","12":"product_tag-groesse-36","13":"product_tag-groesse-37","14":"product_tag-groesse-38","15":"product_tag-groesse-39","16":"product_tag-groesse-40","17":"product_tag-groesse-41","18":"product_tag-groesse-42","19":"product_tag-marke-merrell","20":"product_tag-sale","22":"first","23":"instock","24":"taxable","25":"shipping-taxable","26":"purchasable","27":"product-type-variable"},"_links":{"self":[{"href":"https:\/\/schuhewiebarfuss.at\/shop\/wp-json\/wp\/v2\/product\/474929","targetHints":{"allow":["GET"]}}],"collection":[{"href":"https:\/\/schuhewiebarfuss.at\/shop\/wp-json\/wp\/v2\/product"}],"about":[{"href":"https:\/\/schuhewiebarfuss.at\/shop\/wp-json\/wp\/v2\/types\/product"}],"replies":[{"embeddable":true,"href":"https:\/\/schuhewiebarfuss.at\/shop\/wp-json\/wp\/v2\/comments?post=474929"}],"wp:featuredmedia":[{"embeddable":true,"href":"https:\/\/schuhewiebarfuss.at\/shop\/wp-json\/wp\/v2\/media\/474928"}],"wp:attachment":[{"href":"https:\/\/schuhewiebarfuss.at\/shop\/wp-json\/wp\/v2\/media?parent=474929"}],"wp:term":[{"taxonomy":"product_brand","embeddable":true,"href":"https:\/\/schuhewiebarfuss.at\/shop\/wp-json\/wp\/v2\/product_brand?post=474929"},{"taxonomy":"product_cat","embeddable":true,"href":"https:\/\/schuhewiebarfuss.at\/shop\/wp-json\/wp\/v2\/product_cat?post=474929"},{"taxonomy":"product_tag","embeddable":true,"href":"https:\/\/schuhewiebarfuss.at\/shop\/wp-json\/wp\/v2\/product_tag?post=474929"}],"curies":[{"name":"wp","href":"https:\/\/api.w.org\/{rel}","templated":true}]}}