{"id":474916,"date":"2024-04-08T17:55:44","date_gmt":"2024-04-08T15:55:44","guid":{"rendered":"https:\/\/schuhewiebarfuss.at\/shop\/produkt\/universe-damen-weiss\/"},"modified":"2026-03-01T10:19:09","modified_gmt":"2026-03-01T09:19:09","slug":"universe-damen","status":"publish","type":"product","link":"https:\/\/schuhewiebarfuss.at\/shop\/produkt\/universe-damen\/","title":{"rendered":"Universe Damen"},"content":{"rendered":"<p>Same same but different: Dieser neue Universe kommt mit neuem Leder und f\u00fchlt sich noch besser an! Alles andere bleibt kompromisslos revolution\u00e4r: Noch nie waren nat\u00fcrliche Fu\u00dffreiheit und l\u00e4ssiger Streetstyle so makellos vereint. Klare Kanten und weiches Leder machen jedes Outfit zum Statement. Die v\u00f6llig neue, innovative TrueSense\u00ae GS1 Sohle ist nur 6,9 mm dick, flexibel und langlebig. Sie schenkt dir ein Gef\u00fchl wie barfu\u00df und sch\u00fctzt deine F\u00fc\u00dfe wie in einem herk\u00f6mmlichen Schuh.<\/p>\n<p>Groundies Barfu\u00dfsneaker Universe<br \/>\nAnatomische Zehenbox: Fu\u00dfgerechte, weitere Passform<br \/>\nObermaterial: Hochwertiges Rindsleder f\u00fcr soften Komfort<br \/>\nInnenfutter aus 100% atmungsaktive Mikrofaser<br \/>\nTrueSense\u00ae GS1 Sohle: 3 mm Basis und 3,9 mm Profil f\u00fcr ein nat\u00fcrliches Barfu\u00dfgef\u00fchl<br \/>\nFlexibel, rutsch- und abriebfest<br \/>\nDesigned in Germany. Made in Portugal.<br \/>\nGr\u00f6\u00dfenhinweis: Dieses Modell f\u00e4llt gr\u00f6\u00dfengerecht aus<\/p>\n<p>Pflegehinweise:<\/p>\n<p>Mit Bedacht solltest du deine Lederschuhe behandeln. Wir bitten dich hier die \u00fcblichen Hinweise zur richtigen Pflege von Lederschuhen zu beachten. Leder darf nicht mit Reinigungsmittel ges\u00e4ubert werden und ben\u00f6tigt immer mal wieder Feuchtigkeit. Die Behandlung mit einfachem Wachs oder einem Lederpflegemittel aus unserem Zubeh\u00f6r k\u00f6nnen wir empfehlen.<\/p>\n<p><b>Audio-Beschreibung<\/b><br \/><audio controls src=\"https:\/\/schuhewiebarfuss.at\/shop\/wp-content\/uploads\/lk\/9388_audio.wav\"><br \/>\n                                            Ihr Browser unterst\u00fctzt diese Audio-Ausgabe leider nicht.<br \/>\n                                            <\/ audio ><\/p>\n","protected":false},"excerpt":{"rendered":"<p>Groundies UNIVERSE<\/p>\n<p>Hochwertiges Rindsleder<br \/>\natmungsaktive Mikrofaser<br \/>\nTrueSense\u00ae GS1 Sohle<br \/>\nRutsch- und abriebfeste Sohle<br \/>\nAnatomische Zehenbox<\/p>\n","protected":false},"featured_media":672999,"comment_status":"open","ping_status":"closed","template":"","meta":[],"product_brand":[],"product_cat":[830],"product_tag":[1408,1651,1362,1368,1373,1374,1375,1376,1377,2953],"class_list":{"0":"post-474916","1":"product","2":"type-product","3":"status-publish","4":"has-post-thumbnail","6":"product_cat-lifestyle-4","7":"product_tag-farbe-schwarz","8":"product_tag-farbe-weiss","9":"product_tag-groesse-36","10":"product_tag-groesse-37","11":"product_tag-groesse-38","12":"product_tag-groesse-39","13":"product_tag-groesse-40","14":"product_tag-groesse-41","15":"product_tag-groesse-42","16":"product_tag-marke-groundies","18":"first","19":"outofstock","20":"taxable","21":"shipping-taxable","22":"product-type-variable"},"_links":{"self":[{"href":"https:\/\/schuhewiebarfuss.at\/shop\/wp-json\/wp\/v2\/product\/474916","targetHints":{"allow":["GET"]}}],"collection":[{"href":"https:\/\/schuhewiebarfuss.at\/shop\/wp-json\/wp\/v2\/product"}],"about":[{"href":"https:\/\/schuhewiebarfuss.at\/shop\/wp-json\/wp\/v2\/types\/product"}],"replies":[{"embeddable":true,"href":"https:\/\/schuhewiebarfuss.at\/shop\/wp-json\/wp\/v2\/comments?post=474916"}],"wp:featuredmedia":[{"embeddable":true,"href":"https:\/\/schuhewiebarfuss.at\/shop\/wp-json\/wp\/v2\/media\/672999"}],"wp:attachment":[{"href":"https:\/\/schuhewiebarfuss.at\/shop\/wp-json\/wp\/v2\/media?parent=474916"}],"wp:term":[{"taxonomy":"product_brand","embeddable":true,"href":"https:\/\/schuhewiebarfuss.at\/shop\/wp-json\/wp\/v2\/product_brand?post=474916"},{"taxonomy":"product_cat","embeddable":true,"href":"https:\/\/schuhewiebarfuss.at\/shop\/wp-json\/wp\/v2\/product_cat?post=474916"},{"taxonomy":"product_tag","embeddable":true,"href":"https:\/\/schuhewiebarfuss.at\/shop\/wp-json\/wp\/v2\/product_tag?post=474916"}],"curies":[{"name":"wp","href":"https:\/\/api.w.org\/{rel}","templated":true}]}}