{"id":474807,"date":"2024-04-08T17:44:44","date_gmt":"2024-04-08T15:44:44","guid":{"rendered":"https:\/\/schuhewiebarfuss.at\/shop\/produkt\/gobi-ii-damen-eco-suede\/"},"modified":"2026-03-01T19:05:52","modified_gmt":"2026-03-01T18:05:52","slug":"gobi-ii-damen-eco-suede","status":"publish","type":"product","link":"https:\/\/schuhewiebarfuss.at\/shop\/produkt\/gobi-ii-damen-eco-suede\/","title":{"rendered":"Gobi II Damen Eco Suede"},"content":{"rendered":"<p>Der unverwechselbare Gobi ist auch in der neuen Saison wieder da. Wie eh und je punktet er in Sachen Stil und Eleganz. Der Gobi II ist angelehnt an den legend\u00e4ren Desert-Boot von Clarks. Ob im B\u00fcro oder in deiner Freizeit &#8211; mit dem Gobi II genie\u00dft du Barfu\u00dfgef\u00fchl bei jeder Gelegenheit. Der Schuh besteht aus veganem Eco Suede, welches unter anderem aus recycleten PET-Flaschen produziert wird. Eco Suede sieht \u00e4hnlich aus wie Wildleder und f\u00fchlt sich weich an. Die patentierte, 3mm d\u00fcnne Lifestyle-Sohle mit kleinen Profilnoppen sorgt f\u00fcr maximales sensorisches Feedback bei gleichzeitigem Schutz. Das Modell hat eine neue Kork-Einlegesohle f\u00fcr ein verbessertes Fu\u00dfklima.<\/p>\n<p><b>Audio-Beschreibung<\/b><br \/><audio controls src=\"https:\/\/schuhewiebarfuss.at\/shop\/wp-content\/uploads\/lk\/6283_audio.wav\"><br \/>\n                                            Ihr Browser unterst\u00fctzt diese Audio-Ausgabe leider nicht.<br \/>\n                                            <\/ audio ><\/p>\n","protected":false},"excerpt":{"rendered":"<p>\u2022Obermaterial: Eco Suede<br \/>\n\u2022100 % vegan<br \/>\n\u2022Patentierte 3mm d\u00fcnne Lifestyle-Sohle mit kleinen Profilnoppen<br \/>\n\u2022Pro5: durchstichfeste Sohlentechnologie<br \/>\n\u2022Herausnehmbare Innensohle mit Korkbeschichtung<br \/>\n\u2022Gewicht pro Schuh: 186 g (Gr. 37)<\/p>\n","protected":false},"featured_media":474806,"comment_status":"open","ping_status":"closed","template":"","meta":[],"product_brand":[],"product_cat":[3121],"product_tag":[1544,1408,1404,1362,1368,1373,1374,1375,1376,1377,2451,1450],"class_list":{"0":"post-474807","1":"product","2":"type-product","3":"status-publish","4":"has-post-thumbnail","6":"product_cat-sale","7":"product_tag-farbe-braun","8":"product_tag-farbe-schwarz","9":"product_tag-groesse-35","10":"product_tag-groesse-36","11":"product_tag-groesse-37","12":"product_tag-groesse-38","13":"product_tag-groesse-39","14":"product_tag-groesse-40","15":"product_tag-groesse-41","16":"product_tag-groesse-42","17":"product_tag-marke-vivobarefoot","18":"product_tag-sale","20":"first","21":"instock","22":"taxable","23":"shipping-taxable","24":"purchasable","25":"product-type-variable"},"_links":{"self":[{"href":"https:\/\/schuhewiebarfuss.at\/shop\/wp-json\/wp\/v2\/product\/474807","targetHints":{"allow":["GET"]}}],"collection":[{"href":"https:\/\/schuhewiebarfuss.at\/shop\/wp-json\/wp\/v2\/product"}],"about":[{"href":"https:\/\/schuhewiebarfuss.at\/shop\/wp-json\/wp\/v2\/types\/product"}],"replies":[{"embeddable":true,"href":"https:\/\/schuhewiebarfuss.at\/shop\/wp-json\/wp\/v2\/comments?post=474807"}],"wp:featuredmedia":[{"embeddable":true,"href":"https:\/\/schuhewiebarfuss.at\/shop\/wp-json\/wp\/v2\/media\/474806"}],"wp:attachment":[{"href":"https:\/\/schuhewiebarfuss.at\/shop\/wp-json\/wp\/v2\/media?parent=474807"}],"wp:term":[{"taxonomy":"product_brand","embeddable":true,"href":"https:\/\/schuhewiebarfuss.at\/shop\/wp-json\/wp\/v2\/product_brand?post=474807"},{"taxonomy":"product_cat","embeddable":true,"href":"https:\/\/schuhewiebarfuss.at\/shop\/wp-json\/wp\/v2\/product_cat?post=474807"},{"taxonomy":"product_tag","embeddable":true,"href":"https:\/\/schuhewiebarfuss.at\/shop\/wp-json\/wp\/v2\/product_tag?post=474807"}],"curies":[{"name":"wp","href":"https:\/\/api.w.org\/{rel}","templated":true}]}}