{"id":474768,"date":"2024-04-08T17:40:46","date_gmt":"2024-04-08T15:40:46","guid":{"rendered":"https:\/\/schuhewiebarfuss.at\/shop\/produkt\/elara-schwarz\/"},"modified":"2026-02-28T18:05:38","modified_gmt":"2026-02-28T17:05:38","slug":"elara-schwarz","status":"publish","type":"product","link":"https:\/\/schuhewiebarfuss.at\/shop\/produkt\/elara-schwarz\/","title":{"rendered":"Elara Schwarz"},"content":{"rendered":"<p>Das Sole Runner Konzept wird bei der neuen Damensandale Elara konsequent fortgef\u00fchrt.<br \/>\nBei diesem neuen Modell handelt es sich um eine Damensandale aus einem extrem handschuhweichen Oberleder aus Ziegenvelours, das sehr angenehm am Fu\u00df sitzt.<br \/>\nEin Kn\u00f6chelriemen mit Klettverschluss h\u00e4lt die Sandale sicher am Fu\u00df.<\/p>\n<p><b>Audio-Beschreibung<\/b><br \/><audio controls src=\"https:\/\/schuhewiebarfuss.at\/shop\/wp-content\/uploads\/lk\/5099_audio.wav\"><br \/>\n                                            Ihr Browser unterst\u00fctzt diese Audio-Ausgabe leider nicht.<br \/>\n                                            <\/ audio ><\/p>\n","protected":false},"excerpt":{"rendered":"<p>Obermaterial: feinstes Ziegenvelours, wasserabweisend<br \/>\nVerschluss: Klett<br \/>\nForm: Weit<br \/>\nLaufsohle: ca.2,5mm Gummi, Non Marking (nicht abf\u00e4rbend).<br \/>\nErlaubt einen m\u00f6glichst direkten Kontakt zum Boden. Fast wie Gehen auf der eigenen Fu\u00dfsohle<\/p>\n","protected":false},"featured_media":474767,"comment_status":"open","ping_status":"closed","template":"","meta":[],"product_brand":[],"product_cat":[3121],"product_tag":[1362,1368,1373,1374,1375,1376,2449,1450],"class_list":{"0":"post-474768","1":"product","2":"type-product","3":"status-publish","4":"has-post-thumbnail","6":"product_cat-sale","7":"product_tag-groesse-36","8":"product_tag-groesse-37","9":"product_tag-groesse-38","10":"product_tag-groesse-39","11":"product_tag-groesse-40","12":"product_tag-groesse-41","13":"product_tag-marke-sole-runner","14":"product_tag-sale","16":"first","17":"instock","18":"taxable","19":"shipping-taxable","20":"purchasable","21":"product-type-variable"},"_links":{"self":[{"href":"https:\/\/schuhewiebarfuss.at\/shop\/wp-json\/wp\/v2\/product\/474768","targetHints":{"allow":["GET"]}}],"collection":[{"href":"https:\/\/schuhewiebarfuss.at\/shop\/wp-json\/wp\/v2\/product"}],"about":[{"href":"https:\/\/schuhewiebarfuss.at\/shop\/wp-json\/wp\/v2\/types\/product"}],"replies":[{"embeddable":true,"href":"https:\/\/schuhewiebarfuss.at\/shop\/wp-json\/wp\/v2\/comments?post=474768"}],"wp:featuredmedia":[{"embeddable":true,"href":"https:\/\/schuhewiebarfuss.at\/shop\/wp-json\/wp\/v2\/media\/474767"}],"wp:attachment":[{"href":"https:\/\/schuhewiebarfuss.at\/shop\/wp-json\/wp\/v2\/media?parent=474768"}],"wp:term":[{"taxonomy":"product_brand","embeddable":true,"href":"https:\/\/schuhewiebarfuss.at\/shop\/wp-json\/wp\/v2\/product_brand?post=474768"},{"taxonomy":"product_cat","embeddable":true,"href":"https:\/\/schuhewiebarfuss.at\/shop\/wp-json\/wp\/v2\/product_cat?post=474768"},{"taxonomy":"product_tag","embeddable":true,"href":"https:\/\/schuhewiebarfuss.at\/shop\/wp-json\/wp\/v2\/product_tag?post=474768"}],"curies":[{"name":"wp","href":"https:\/\/api.w.org\/{rel}","templated":true}]}}