{"id":474690,"date":"2024-04-07T19:10:44","date_gmt":"2024-04-07T17:10:44","guid":{"rendered":"https:\/\/schuhewiebarfuss.at\/shop\/produkt\/falke-cool-24-7-invisible-herren\/"},"modified":"2026-03-16T18:50:08","modified_gmt":"2026-03-16T17:50:08","slug":"falke-cool-24-7-invisible-herren","status":"publish","type":"product","link":"https:\/\/schuhewiebarfuss.at\/shop\/produkt\/falke-cool-24-7-invisible-herren\/","title":{"rendered":"Falke COOL 24\/7 Invisible Herren"},"content":{"rendered":"<p>&#8211; Angenehmes Fu\u00dfklima durch hohen Feuchtigkeitstransport<br \/>\n&#8211; FALKE \u2013 WE CARE \u2013 COTTON: ressourcenschonend, sozial verantwortlich, r\u00fcckverfolgbar<br \/>\n&#8211; K\u00fchlendes Material f\u00fcr ein frisches Tragegef\u00fchl<br \/>\n&#8211; Feines Maschenbild durch weiche, veredelte Baumwolle<br \/>\n&#8211; Low Cut-Ausschnitt: Perfekt f\u00fcr tief ausgeschnittene Schuhe wie Espadrilles<br \/>\n&#8211; Optimaler Halt durch Anti-Slip-System im Fersenbereich<br \/>\n&#8211; Perfekte FALKE-Passform <\/p>\n<p>Dieser niedrig ausgeschnittene Invisible ist der perfekte Begleiter f\u00fcr die hei\u00dfen Tage im Jahr. Er verschwindet nicht nur unsichtbar im Schuh, sondern \u00fcberzeugt gleichzeitig durch seine k\u00fchlende Funktion. Die Kombination von nachhaltiger Bio-Baumwolle mit einem speziellen Polyamid-Funktionsgarn transportiert K\u00f6rperw\u00e4rme und Feuchtigkeit schnell nach au\u00dfen. Neben der perfekten FALKE-Passform sorgt das Anti-Slip-System im Fersenbereich f\u00fcr ein exzellentes Tragegef\u00fchl.<\/p>\n<p><b>Audio-Beschreibung<\/b><br \/><audio controls src=\"https:\/\/schuhewiebarfuss.at\/shop\/wp-content\/uploads\/lk\/6113_audio.wav\"><br \/>\n                                            Ihr Browser unterst\u00fctzt diese Audio-Ausgabe leider nicht.<br \/>\n                                            <\/ audio ><\/p>\n","protected":false},"excerpt":{"rendered":"<p>K\u00fchlende Wirkung &#8211; Sorgt f\u00fcr ein optimales Wohlf\u00fchlklima.<br \/>\nAnti-Slip-Effekt &#8211; Rutschfest durch Anti-Slip System im Fersenbereich.<br \/>\nOptimaler Halt &#8211; Perfekter Halt am Fu\u00df, rutschsicher durch Silikon. <\/p>\n<p>Muster: Uni<br \/>\nMaterial: 78% Baumwolle (Bio), 20% Polyamid, 2% Elasthan<br \/>\nOptik: glatt<br \/>\nStrumpfl\u00e4nge: Invisible &#8211; low cut<br \/>\nTragegef\u00fchl: angenehm weich<br \/>\nPolsterung: keine<br \/>\nPassform: FALKE-Passform<br \/>\nSohle: Klimaaktivsohle<br \/>\nStil: klassisch<br \/>\nNachhaltigkeit: Ja <\/p>\n","protected":false},"featured_media":474689,"comment_status":"open","ping_status":"closed","template":"","meta":[],"product_brand":[],"product_cat":[857],"product_tag":[1426,1408,1651,1649,1577,1476,1578,1579,2742,1360],"class_list":{"0":"post-474690","1":"product","2":"type-product","3":"status-publish","4":"has-post-thumbnail","6":"product_cat-herren-1","7":"product_tag-farbe-dunkelblau","8":"product_tag-farbe-schwarz","9":"product_tag-farbe-weiss","10":"product_tag-groesse-39-40","11":"product_tag-groesse-41-42","12":"product_tag-groesse-43-44","13":"product_tag-groesse-45-46","14":"product_tag-groesse-47-48","15":"product_tag-marke-falke","16":"product_tag-standard","18":"first","19":"instock","20":"taxable","21":"shipping-taxable","22":"purchasable","23":"product-type-variable"},"_links":{"self":[{"href":"https:\/\/schuhewiebarfuss.at\/shop\/wp-json\/wp\/v2\/product\/474690","targetHints":{"allow":["GET"]}}],"collection":[{"href":"https:\/\/schuhewiebarfuss.at\/shop\/wp-json\/wp\/v2\/product"}],"about":[{"href":"https:\/\/schuhewiebarfuss.at\/shop\/wp-json\/wp\/v2\/types\/product"}],"replies":[{"embeddable":true,"href":"https:\/\/schuhewiebarfuss.at\/shop\/wp-json\/wp\/v2\/comments?post=474690"}],"wp:featuredmedia":[{"embeddable":true,"href":"https:\/\/schuhewiebarfuss.at\/shop\/wp-json\/wp\/v2\/media\/474689"}],"wp:attachment":[{"href":"https:\/\/schuhewiebarfuss.at\/shop\/wp-json\/wp\/v2\/media?parent=474690"}],"wp:term":[{"taxonomy":"product_brand","embeddable":true,"href":"https:\/\/schuhewiebarfuss.at\/shop\/wp-json\/wp\/v2\/product_brand?post=474690"},{"taxonomy":"product_cat","embeddable":true,"href":"https:\/\/schuhewiebarfuss.at\/shop\/wp-json\/wp\/v2\/product_cat?post=474690"},{"taxonomy":"product_tag","embeddable":true,"href":"https:\/\/schuhewiebarfuss.at\/shop\/wp-json\/wp\/v2\/product_tag?post=474690"}],"curies":[{"name":"wp","href":"https:\/\/api.w.org\/{rel}","templated":true}]}}