{"id":474605,"date":"2024-04-07T18:52:49","date_gmt":"2024-04-07T16:52:49","guid":{"rendered":"https:\/\/schuhewiebarfuss.at\/shop\/produkt\/herzklopfen-blau-weiss-pink\/"},"modified":"2026-03-17T18:25:31","modified_gmt":"2026-03-17T17:25:31","slug":"herzklopfen-blau-weiss-pink","status":"publish","type":"product","link":"https:\/\/schuhewiebarfuss.at\/shop\/produkt\/herzklopfen-blau-weiss-pink\/","title":{"rendered":"Herzklopfen Blau\/Wei\u00df\/Pink"},"content":{"rendered":"<p>Glitzer-Fans kriegen beim Anblick dieser Hausschuhe Herzklopfen! Die federleichten Hausschuhe sind super f\u00fcr zu Hause, Kindergarten oder Schule. Sie sind aus atmungsaktiver Bio-Baumwolle hergestellt. So beh\u00e4lt dein Kind warme F\u00fc\u00dfe &#8211; ohne zu schwitzen. Dank dem breiten Gummi passen sie sich den meisten Fu\u00dfformen problemlos an. Sie sind weich und leicht, atmungsaktiv und nat\u00fcrlich oberniedlich.\u00a0<\/p>\n<p><b>Audio-Beschreibung<\/b><br \/><audio controls src=\"https:\/\/schuhewiebarfuss.at\/shop\/wp-content\/uploads\/lk\/5253_audio.wav\"><br \/>\n                                            Ihr Browser unterst\u00fctzt diese Audio-Ausgabe leider nicht.<br \/>\n                                            <\/ audio ><\/p>\n","protected":false},"excerpt":{"rendered":"<p>super leichter und weicher Schuh<br \/>\nrutschhemmende Sohle mit Latex \u00dcberzug<br \/>\nmit Gummizug<br \/>\naus 100% Bio-Baumwolle<br \/>\nSohle aus 100% Naturkautschuk (Latex)<br \/>\nmit glitzernder Applikation<br \/>\nwaschbar bei 30\u00b0 im W\u00e4schebeutel <\/p>\n","protected":false},"featured_media":474604,"comment_status":"open","ping_status":"closed","template":"","meta":[],"product_brand":[],"product_cat":[843],"product_tag":[1392,1393,1394,1395,1396,1397,1398,1399,1400,1401,1402,1403,1404,2445,1360],"class_list":{"0":"post-474605","1":"product","2":"type-product","3":"status-publish","4":"has-post-thumbnail","6":"product_cat-hausschuhe-3","7":"product_tag-groesse-23","8":"product_tag-groesse-24","9":"product_tag-groesse-25","10":"product_tag-groesse-26","11":"product_tag-groesse-27","12":"product_tag-groesse-28","13":"product_tag-groesse-29","14":"product_tag-groesse-30","15":"product_tag-groesse-31","16":"product_tag-groesse-32","17":"product_tag-groesse-33","18":"product_tag-groesse-34","19":"product_tag-groesse-35","20":"product_tag-marke-nanga","21":"product_tag-standard","23":"first","24":"instock","25":"taxable","26":"shipping-taxable","27":"purchasable","28":"product-type-variable"},"_links":{"self":[{"href":"https:\/\/schuhewiebarfuss.at\/shop\/wp-json\/wp\/v2\/product\/474605","targetHints":{"allow":["GET"]}}],"collection":[{"href":"https:\/\/schuhewiebarfuss.at\/shop\/wp-json\/wp\/v2\/product"}],"about":[{"href":"https:\/\/schuhewiebarfuss.at\/shop\/wp-json\/wp\/v2\/types\/product"}],"replies":[{"embeddable":true,"href":"https:\/\/schuhewiebarfuss.at\/shop\/wp-json\/wp\/v2\/comments?post=474605"}],"wp:featuredmedia":[{"embeddable":true,"href":"https:\/\/schuhewiebarfuss.at\/shop\/wp-json\/wp\/v2\/media\/474604"}],"wp:attachment":[{"href":"https:\/\/schuhewiebarfuss.at\/shop\/wp-json\/wp\/v2\/media?parent=474605"}],"wp:term":[{"taxonomy":"product_brand","embeddable":true,"href":"https:\/\/schuhewiebarfuss.at\/shop\/wp-json\/wp\/v2\/product_brand?post=474605"},{"taxonomy":"product_cat","embeddable":true,"href":"https:\/\/schuhewiebarfuss.at\/shop\/wp-json\/wp\/v2\/product_cat?post=474605"},{"taxonomy":"product_tag","embeddable":true,"href":"https:\/\/schuhewiebarfuss.at\/shop\/wp-json\/wp\/v2\/product_tag?post=474605"}],"curies":[{"name":"wp","href":"https:\/\/api.w.org\/{rel}","templated":true}]}}