{"id":474354,"date":"2024-04-07T17:32:49","date_gmt":"2024-04-07T15:32:49","guid":{"rendered":"https:\/\/schuhewiebarfuss.at\/shop\/produkt\/froddo-canvas\/"},"modified":"2026-04-09T21:56:19","modified_gmt":"2026-04-09T19:56:19","slug":"froddo-canvas","status":"publish","type":"product","link":"https:\/\/schuhewiebarfuss.at\/shop\/produkt\/froddo-canvas\/","title":{"rendered":"Froddo Canvas"},"content":{"rendered":"<p>Hausschuh oder Stra\u00dfenschuh. Optisch als auch funktional ist dieser Schuh perfekt f\u00fcr den Fr\u00fchling und milden Sommer geeignet! Der ergonomische Schnitt ist optimal f\u00fcr eine gesunde Fu\u00dfentwicklung. Die breite Zehenbox erlaubt ein gesundes Fu\u00dfwachstum und sorgt f\u00fcr Stabilit\u00e4t beim Gehen. Die Sohle ist schon im Neuzustand sehr flexibel, und wird nat\u00fcrlich durch die Bewegung noch viel weicher.<\/p>\n<p>Kein Fersenabfall, extra flexible Naturkautschuk-Au\u00dfensohle und flache, herausnehmbare antibakterielle Mikrofaser-Einlegesohle.<br \/>\nIm Bereich der Ferse ist der Schuh von innen leicht mit weichem Leder &#8222;gepolstert&#8220; um besten Komfort zu garantieren.<br \/>\nDieser Schuh ist optimal als Hausschuh aber auch f\u00fcr drau\u00dfen geeignet. <\/p>\n<p>Obermaterial: Canvas (Textil) + Klettverschluss aus Veloursleder<br \/>\nFutter: Textil mit Mikrofaser, Fersenpolster aus Leder<br \/>\nVerschluss: doppelter Klettverschluss<br \/>\nEinlegesohle: herausnehmbare, antibakterielle Mikrofaser-Einlegesohle<br \/>\nAu\u00dfensohle: Gummi (Naturkautschuk)<br \/>\nKein Chrom VI<br \/>\nV\u00f6llig flach, kein Absatz<br \/>\nUltraleicht und atmungsaktiv<br \/>\nF\u00fcr normal breite F\u00fc\u00dfe mit normaler bis breiter Ferse<\/p>\n<p><b>Audio-Beschreibung<\/b><br \/><audio controls src=\"https:\/\/schuhewiebarfuss.at\/shop\/wp-content\/uploads\/lk\/6065_audio.wav\"><br \/>\n                                            Ihr Browser unterst\u00fctzt diese Audio-Ausgabe leider nicht.<br \/>\n                                            <\/ audio ><\/p>\n","protected":false},"excerpt":{"rendered":"<p>Barfu\u00dfschuh Froddo CANVAS<\/p>\n<p>Obermaterial: Textil und Veloursleder<br \/>\nFutter: Textil\/Leder<br \/>\nVerschluss: Klettverschluss<br \/>\nEinlegesohle: herausnehmbare, Mikrofaser<br \/>\nAu\u00dfensohle: Gummi<br \/>\nKein Chrom VI<br \/>\nF\u00fcr normal breite F\u00fc\u00dfe mit normaler bis breiter Ferse<\/p>\n","protected":false},"featured_media":515742,"comment_status":"open","ping_status":"closed","template":"","meta":[],"product_brand":[],"product_cat":[3121],"product_tag":[1479,3144,2660,1371,2629,3147,1481,3145,2308,1385,1390,1391,1392,1393,1394,1395,1396,1397,1398,1399,1400,1401,1402,1403,1404,1362,1368,1373,1374,1375,2450,2698,2697,2968,2696,3146,2692,2690,2967,2694,2693,2695,2691,1450],"class_list":{"0":"post-474354","1":"product","2":"type-product","3":"status-publish","4":"has-post-thumbnail","6":"product_cat-sale","7":"product_tag-farbe-blau","8":"product_tag-farbe-fuxia","9":"product_tag-farbe-gold","10":"product_tag-farbe-grau","11":"product_tag-farbe-lila","12":"product_tag-farbe-lilac","13":"product_tag-farbe-pink","14":"product_tag-farbe-purple","15":"product_tag-farbe-rosa","16":"product_tag-groesse-20","17":"product_tag-groesse-21","18":"product_tag-groesse-22","19":"product_tag-groesse-23","20":"product_tag-groesse-24","21":"product_tag-groesse-25","22":"product_tag-groesse-26","23":"product_tag-groesse-27","24":"product_tag-groesse-28","25":"product_tag-groesse-29","26":"product_tag-groesse-30","27":"product_tag-groesse-31","28":"product_tag-groesse-32","29":"product_tag-groesse-33","30":"product_tag-groesse-34","31":"product_tag-groesse-35","32":"product_tag-groesse-36","33":"product_tag-groesse-37","34":"product_tag-groesse-38","35":"product_tag-groesse-39","36":"product_tag-groesse-40","37":"product_tag-marke-froddo-ivancia-d-d","38":"product_tag-motiv-auto","39":"product_tag-motiv-blumen","40":"product_tag-motiv-cartoon","41":"product_tag-motiv-dinos","42":"product_tag-motiv-einhorn","43":"product_tag-motiv-flugzeug","44":"product_tag-motiv-fussball","45":"product_tag-motiv-glitzer","46":"product_tag-motiv-glitzerherzen","47":"product_tag-motiv-herzen","48":"product_tag-motiv-monstertruck","49":"product_tag-motiv-ohne-motiv","50":"product_tag-sale","52":"first","53":"instock","54":"taxable","55":"shipping-taxable","56":"purchasable","57":"product-type-variable"},"_links":{"self":[{"href":"https:\/\/schuhewiebarfuss.at\/shop\/wp-json\/wp\/v2\/product\/474354","targetHints":{"allow":["GET"]}}],"collection":[{"href":"https:\/\/schuhewiebarfuss.at\/shop\/wp-json\/wp\/v2\/product"}],"about":[{"href":"https:\/\/schuhewiebarfuss.at\/shop\/wp-json\/wp\/v2\/types\/product"}],"replies":[{"embeddable":true,"href":"https:\/\/schuhewiebarfuss.at\/shop\/wp-json\/wp\/v2\/comments?post=474354"}],"wp:featuredmedia":[{"embeddable":true,"href":"https:\/\/schuhewiebarfuss.at\/shop\/wp-json\/wp\/v2\/media\/515742"}],"wp:attachment":[{"href":"https:\/\/schuhewiebarfuss.at\/shop\/wp-json\/wp\/v2\/media?parent=474354"}],"wp:term":[{"taxonomy":"product_brand","embeddable":true,"href":"https:\/\/schuhewiebarfuss.at\/shop\/wp-json\/wp\/v2\/product_brand?post=474354"},{"taxonomy":"product_cat","embeddable":true,"href":"https:\/\/schuhewiebarfuss.at\/shop\/wp-json\/wp\/v2\/product_cat?post=474354"},{"taxonomy":"product_tag","embeddable":true,"href":"https:\/\/schuhewiebarfuss.at\/shop\/wp-json\/wp\/v2\/product_tag?post=474354"}],"curies":[{"name":"wp","href":"https:\/\/api.w.org\/{rel}","templated":true}]}}