{"id":474297,"date":"2024-04-07T17:22:49","date_gmt":"2024-04-07T15:22:49","guid":{"rendered":"https:\/\/schuhewiebarfuss.at\/shop\/produkt\/loris\/"},"modified":"2026-03-06T07:02:49","modified_gmt":"2026-03-06T06:02:49","slug":"loris","status":"publish","type":"product","link":"https:\/\/schuhewiebarfuss.at\/shop\/produkt\/loris\/","title":{"rendered":"Loris"},"content":{"rendered":"<p>F\u00fcr kleine L\u00e4ufer und alle, die es noch werden wollen &#8211; unser Modell LORIS! Durch den praktischen Klettverschluss k\u00f6nnen unsere Kleinsten den Schuh ganz einfach selbst schlie\u00dfen und nach drau\u00dfen st\u00fcrmen. Das Obermaterial besteht aus Bio Baumwolle und weichem Veloursleder, w\u00e4hrend wir im Futter pflanzlich gegerbtes Bioleder verwenden.  <\/p>\n<p>Durch die spezielle Behandlung der GOTS zertifizierten Bio-Baumwolle des Schuhs ist das Modell Loris wasserabweisend, sehr unempfindlich und die Kleinen k\u00f6nnen sorgenfrei drau\u00dfen toben! Au\u00dferdem bieten das weiche, rein pflanzlich gegerbte Bioleder im Futter und die flexiblen Barfu\u00dfsohle h\u00f6chsten Komfort.<\/p>\n<p><b>Audio-Beschreibung<\/b><br \/><audio controls src=\"https:\/\/schuhewiebarfuss.at\/shop\/wp-content\/uploads\/lk\/6016_audio.wav\"><br \/>\n                                            Ihr Browser unterst\u00fctzt diese Audio-Ausgabe leider nicht.<br \/>\n                                            <\/ audio ><\/p>\n","protected":false},"excerpt":{"rendered":"<p>Obermaterial: Veloursleder \/ Textil<br \/>\nInnenmaterial: Weiches Bioleder (pflanzlich gegerbt)<br \/>\nSohle: 100 % synth. Kautschuk<br \/>\nVerschlussart: Klettverschluss <\/p>\n","protected":false},"featured_media":474296,"comment_status":"open","ping_status":"closed","template":"","meta":[],"product_brand":[],"product_cat":[3121],"product_tag":[1479,2660,1371,1570,1481,1600,2457,1385,1390,1391,1392,1393,1394,1395,1396,1397,1398,1399,1400,1401,1402,2447,1450],"class_list":{"0":"post-474297","1":"product","2":"type-product","3":"status-publish","4":"has-post-thumbnail","6":"product_cat-sale","7":"product_tag-farbe-blau","8":"product_tag-farbe-gold","9":"product_tag-farbe-grau","10":"product_tag-farbe-gruen","11":"product_tag-farbe-pink","12":"product_tag-farbe-rot","13":"product_tag-farbe-violett","14":"product_tag-groesse-20","15":"product_tag-groesse-21","16":"product_tag-groesse-22","17":"product_tag-groesse-23","18":"product_tag-groesse-24","19":"product_tag-groesse-25","20":"product_tag-groesse-26","21":"product_tag-groesse-27","22":"product_tag-groesse-28","23":"product_tag-groesse-29","24":"product_tag-groesse-30","25":"product_tag-groesse-31","26":"product_tag-groesse-32","27":"product_tag-groesse-33","28":"product_tag-marke-blifestyle","29":"product_tag-sale","31":"first","32":"instock","33":"taxable","34":"shipping-taxable","35":"purchasable","36":"product-type-variable"},"_links":{"self":[{"href":"https:\/\/schuhewiebarfuss.at\/shop\/wp-json\/wp\/v2\/product\/474297","targetHints":{"allow":["GET"]}}],"collection":[{"href":"https:\/\/schuhewiebarfuss.at\/shop\/wp-json\/wp\/v2\/product"}],"about":[{"href":"https:\/\/schuhewiebarfuss.at\/shop\/wp-json\/wp\/v2\/types\/product"}],"replies":[{"embeddable":true,"href":"https:\/\/schuhewiebarfuss.at\/shop\/wp-json\/wp\/v2\/comments?post=474297"}],"wp:featuredmedia":[{"embeddable":true,"href":"https:\/\/schuhewiebarfuss.at\/shop\/wp-json\/wp\/v2\/media\/474296"}],"wp:attachment":[{"href":"https:\/\/schuhewiebarfuss.at\/shop\/wp-json\/wp\/v2\/media?parent=474297"}],"wp:term":[{"taxonomy":"product_brand","embeddable":true,"href":"https:\/\/schuhewiebarfuss.at\/shop\/wp-json\/wp\/v2\/product_brand?post=474297"},{"taxonomy":"product_cat","embeddable":true,"href":"https:\/\/schuhewiebarfuss.at\/shop\/wp-json\/wp\/v2\/product_cat?post=474297"},{"taxonomy":"product_tag","embeddable":true,"href":"https:\/\/schuhewiebarfuss.at\/shop\/wp-json\/wp\/v2\/product_tag?post=474297"}],"curies":[{"name":"wp","href":"https:\/\/api.w.org\/{rel}","templated":true}]}}