{"id":473992,"date":"2024-04-07T16:36:47","date_gmt":"2024-04-07T14:36:47","guid":{"rendered":"https:\/\/schuhewiebarfuss.at\/shop\/produkt\/froddo-prewalkers-d-velcro\/"},"modified":"2026-03-01T11:59:02","modified_gmt":"2026-03-01T10:59:02","slug":"froddo-prewalkers-d-velcro","status":"publish","type":"product","link":"https:\/\/schuhewiebarfuss.at\/shop\/produkt\/froddo-prewalkers-d-velcro\/","title":{"rendered":"Froddo Prewalkers D-Velcro"},"content":{"rendered":"<p>Weil die ersten Schritte am wichtigsten sind &#8211; Inspiriert von den kleinen F\u00fc\u00dfen, die gerade beginnen zu gehen, haben wir die sanftesten Schuhe kreiert\u2013 Froddo Prewalkers. F\u00fcr ihr Produktion w\u00e4hlten wir die weichste vegetabil Leder, die mit nat\u00fcrlichen Tanninen gegerbt wurden, ohne sch\u00e4dliche chemische Verbindungen. Froddo Prewalkers, leicht wie Wolken, imitieren das Barfu\u00dflaufen, und erm\u00f6glichen nat\u00fcrliche und gesunde Entwicklung der Kinderf\u00fc\u00dfe.<\/p>\n<p>Zusammensetzung:<\/p>\n<p>&#8211; Obermaterial &#8211; Chromfreies Leder<br \/>\n&#8211; Futter und Einlegesohle &#8211; Chromfreies Leder<br \/>\n&#8211; Sohle &#8211; Gummi<br \/>\n&#8211; doppelter Klettverschluss<br \/>\n&#8211; Breite f\u00fcr mittlere bis breite F\u00fc\u00dfe<br \/>\n&#8211; Nachaltiges Produkt und Produktion<\/p>\n<p>Merkmale:<\/p>\n<p>Mit Naturleder gef\u00fcttert<br \/>\nLeicht und sehr weich<br \/>\nBreiter Zeh, der eine freie Bewegung der Finger erm\u00f6glicht<br \/>\nEinfach zu entfernen und anzuziehen<br \/>\nSehr flexible und rutschfeste Flachsohle<br \/>\nOhne St\u00fctze oder Verst\u00e4rkung in der Ferse<br \/>\nF\u00fcr drinnen und drau\u00dfen geeignet<br \/>\nEmpfohlen f\u00fcr d\u00fcnne\/mittlere F\u00fc\u00dfe und mittleren\/hohen Rist<\/p>\n<p>Pflege:<\/p>\n<p>Pflanzlich gegerbtes Naturleder wird ausschlie\u00dflich mit einem trockenen Tuch gepflegt. Wenn das Leder mit Wasser und verschiedenen Schuhreinigungsmitteln gepflegt wird, kann es zur Sch\u00e4digung der Farbe und dem Verlust der antibakteriellen und antiallergischen Eigenschaften kommen. Diese Schuhe sind f\u00fcr trockenes Wetter geeignet. Witterungsumst\u00e4nde k\u00f6nnen sich auf die Farb\u00e4nderung auswirken. <\/p>\n<p><b>Audio-Beschreibung<\/b><br \/><audio controls src=\"https:\/\/schuhewiebarfuss.at\/shop\/wp-content\/uploads\/lk\/6072_audio.wav\"><br \/>\n                                            Ihr Browser unterst\u00fctzt diese Audio-Ausgabe leider nicht.<br \/>\n                                            <\/ audio ><\/p>\n","protected":false},"excerpt":{"rendered":"<p>&#8211; Der doppelte Klettverschluss erm\u00f6glicht eine gute Anpassung an hohe Riststufen.<br \/>\n&#8211; Aus mit nat\u00fcrlichen, chromfreien Farbstoffen gef\u00e4rbtem Leder.<br \/>\n&#8211; Perfekt f\u00fcr die ersten Schritte.<br \/>\n&#8211; Empfohlen f\u00fcr d\u00fcnne\/mittlere F\u00fc\u00dfe und mittleren\/hohen Rist.<\/p>\n<p>Zusammensetzung:<\/p>\n<p>&#8211; Obermaterial &#8211; Chromfreies Leder<br \/>\n&#8211; Futter und Einlegesohle &#8211; Chromfreies Leder<br \/>\n&#8211; Sohle &#8211; Gummi<br \/>\n&#8211; doppelter Klettverschluss<br \/>\n&#8211; Breite f\u00fcr mittlere bis breite F\u00fc\u00dfe<br \/>\n&#8211; Nachaltiges Produkt und Produktion<\/p>\n","protected":false},"featured_media":473991,"comment_status":"open","ping_status":"closed","template":"","meta":[],"product_brand":[],"product_cat":[3121],"product_tag":[1479,2308,1549,1550,1483,1385,1390,1391,1392,1393,2450,1450],"class_list":{"0":"post-473992","1":"product","2":"type-product","3":"status-publish","4":"has-post-thumbnail","6":"product_cat-sale","7":"product_tag-farbe-blau","8":"product_tag-farbe-rosa","9":"product_tag-groesse-17","10":"product_tag-groesse-18","11":"product_tag-groesse-19","12":"product_tag-groesse-20","13":"product_tag-groesse-21","14":"product_tag-groesse-22","15":"product_tag-groesse-23","16":"product_tag-groesse-24","17":"product_tag-marke-froddo-ivancia-d-d","18":"product_tag-sale","20":"first","21":"instock","22":"taxable","23":"shipping-taxable","24":"purchasable","25":"product-type-variable"},"_links":{"self":[{"href":"https:\/\/schuhewiebarfuss.at\/shop\/wp-json\/wp\/v2\/product\/473992","targetHints":{"allow":["GET"]}}],"collection":[{"href":"https:\/\/schuhewiebarfuss.at\/shop\/wp-json\/wp\/v2\/product"}],"about":[{"href":"https:\/\/schuhewiebarfuss.at\/shop\/wp-json\/wp\/v2\/types\/product"}],"replies":[{"embeddable":true,"href":"https:\/\/schuhewiebarfuss.at\/shop\/wp-json\/wp\/v2\/comments?post=473992"}],"wp:featuredmedia":[{"embeddable":true,"href":"https:\/\/schuhewiebarfuss.at\/shop\/wp-json\/wp\/v2\/media\/473991"}],"wp:attachment":[{"href":"https:\/\/schuhewiebarfuss.at\/shop\/wp-json\/wp\/v2\/media?parent=473992"}],"wp:term":[{"taxonomy":"product_brand","embeddable":true,"href":"https:\/\/schuhewiebarfuss.at\/shop\/wp-json\/wp\/v2\/product_brand?post=473992"},{"taxonomy":"product_cat","embeddable":true,"href":"https:\/\/schuhewiebarfuss.at\/shop\/wp-json\/wp\/v2\/product_cat?post=473992"},{"taxonomy":"product_tag","embeddable":true,"href":"https:\/\/schuhewiebarfuss.at\/shop\/wp-json\/wp\/v2\/product_tag?post=473992"}],"curies":[{"name":"wp","href":"https:\/\/api.w.org\/{rel}","templated":true}]}}