{"id":473951,"date":"2024-04-07T16:31:48","date_gmt":"2024-04-07T14:31:48","guid":{"rendered":"https:\/\/schuhewiebarfuss.at\/shop\/produkt\/mountainstyle\/"},"modified":"2026-03-10T20:18:09","modified_gmt":"2026-03-10T19:18:09","slug":"mountainstyle","status":"publish","type":"product","link":"https:\/\/schuhewiebarfuss.at\/shop\/produkt\/mountainstyle\/","title":{"rendered":"mountainSTYLE"},"content":{"rendered":"<p>Es geht in die Berge \u2013 mit unserem mountainSTYLE! Unser neues Modell wurde speziell daf\u00fcr entwickelt, auch beim Wandern und l\u00e4ngeren Tagestouren nicht auf Barfu\u00dfschuhe verzichten zu m\u00fcssen. Unsere flexible und leichte Barfu\u00dfsohle sorgt daf\u00fcr, dass ihr den Boden optimal unter euren F\u00fc\u00dfen sp\u00fcrt und das besondere Profil der Sohle f\u00fchrt dazu, dass man keinen falschen Schritt macht. Nat\u00fcrlich haben wir auch unsere Materialien passend zur Funktion angepasst: Das Obermaterial besteht aus einer Kombination aus Nubukleder und Bio-Veloursleder, im Innenbereich arbeiten wir mit synthetischen Materialien inklusive einer Tex-Membran. Das Futter ist nicht nur besonders atmungsaktiv und sorgt somit f\u00fcr ein gutes Fu\u00dfklima, die Membran macht den Schuh au\u00dferdem komplett wasserfest. Somit steht auch Wanderungen bei nassem Wetter nichts im Weg! <\/p>\n<p>\u00dcbrigens: Unseren mountainSTYLE gibt es auch als niedrig geschnittene Variante in Form unseres trekkSTYLEs. <\/p>\n<p>Materialdetails:<\/p>\n<p>Obermaterial: Leder (Nubuk)<br \/>\nInnenfutter: Synthetikfasern (atmungsaktiv)<br \/>\nSohle: TR<br \/>\nInnensohle: Synthetikfasern (atmungsaktiv)<br \/>\nAbsatz: Nullabsatz, keine H\u00f6hendifferenz zwischen Ferse und Vorderfu\u00df<br \/>\nVerschluss: Schn\u00fcrsenkel<br \/>\nBesonderheiten: Pflegeleicht, Wasserfest (TEX-Membran)<br \/>\nMaterialhinweis: Frei von sch\u00e4dlichen Materialien (gepr\u00fcft!)<br \/>\nHergestellt in Portugal<\/p>\n<p>Material &amp; Pflegehinweis<br \/>\nBioleder kann gewissen Merkmale wie Insektenstiche, Kratzer oder leichte Farbunterschiede aufweisen, welche aber zum einmaligen und nat\u00fcrlichen Charakter geh\u00f6ren. Jeder einzelne Schuh ist ein handgefertigtes Unikat, welcher die Handschrift des\/der Mitarbeiter*in tr\u00e4gt. Socken k\u00f6nnen sich bei starkem Schwitzen verf\u00e4rben. Um eine lange Haltbarkeit unseres Bioleders zu gew\u00e4hrleisten, ist ein guter Schutz vor N\u00e4sse und Feuchtigkeit essentiell.<\/p>\n<p>Bitte wasche deinen Schuh nicht in der Waschmaschine und s\u00e4ubere ihn nur mit einem geeigneten Reinigungsmittel. Wir empfehlen die Innensohle regelm\u00e4\u00dfig zum L\u00fcften aus dem Schuh zu nehmen und Staun\u00e4sse somit zu vermeiden. F\u00fcr optimale Produkteigenschaften sollten unsere Schuhe vor dem Einsatz impr\u00e4gniert werden, dies ist vor allem bei Schuhen mit Textilanteil wichtig. Mehr Pflegetipps findest du in unserem Nachhaltigkeitsbereich! <\/p>\n<p><b>Audio-Beschreibung<\/b><br \/><audio controls src=\"https:\/\/schuhewiebarfuss.at\/shop\/wp-content\/uploads\/lk\/9381_audio.wav\"><br \/>\n                                            Ihr Browser unterst\u00fctzt diese Audio-Ausgabe leider nicht.<br \/>\n                                            <\/ audio ><\/p>\n","protected":false},"excerpt":{"rendered":"<p>bLifestyle MOUNTAINSTYLE Trekkingschuh<\/p>\n<p>Obermaterial: Leder (Nubuk)<br \/>\nInnenfutter: Synthetik<br \/>\nSohle: TR<br \/>\nInnensohle: Synthetik<br \/>\nAbsatz: Nullabsatz<br \/>\nVerschluss: Schn\u00fcrsenkel<br \/>\nBesonderheiten: Pflegeleicht, Wasserfestes TEX-Membran<br \/>\nMaterialhinweis: frei von Schadstoffen<br \/>\nHergestellt in Portugal<\/p>\n","protected":false},"featured_media":556405,"comment_status":"open","ping_status":"closed","template":"","meta":[],"product_brand":[],"product_cat":[854],"product_tag":[1544,1462,1570,1408,1413,1362,1368,1373,1374,1375,1376,1377,1378,1379,2447],"class_list":{"0":"post-473951","1":"product","2":"type-product","3":"status-publish","4":"has-post-thumbnail","6":"product_cat-wanderschuhe-3","7":"product_tag-farbe-braun","8":"product_tag-farbe-dunkelgrau","9":"product_tag-farbe-gruen","10":"product_tag-farbe-schwarz","11":"product_tag-farbe-tuerkis","12":"product_tag-groesse-36","13":"product_tag-groesse-37","14":"product_tag-groesse-38","15":"product_tag-groesse-39","16":"product_tag-groesse-40","17":"product_tag-groesse-41","18":"product_tag-groesse-42","19":"product_tag-groesse-43","20":"product_tag-groesse-44","21":"product_tag-marke-blifestyle","23":"first","24":"instock","25":"taxable","26":"shipping-taxable","27":"purchasable","28":"product-type-variable"},"_links":{"self":[{"href":"https:\/\/schuhewiebarfuss.at\/shop\/wp-json\/wp\/v2\/product\/473951","targetHints":{"allow":["GET"]}}],"collection":[{"href":"https:\/\/schuhewiebarfuss.at\/shop\/wp-json\/wp\/v2\/product"}],"about":[{"href":"https:\/\/schuhewiebarfuss.at\/shop\/wp-json\/wp\/v2\/types\/product"}],"replies":[{"embeddable":true,"href":"https:\/\/schuhewiebarfuss.at\/shop\/wp-json\/wp\/v2\/comments?post=473951"}],"wp:featuredmedia":[{"embeddable":true,"href":"https:\/\/schuhewiebarfuss.at\/shop\/wp-json\/wp\/v2\/media\/556405"}],"wp:attachment":[{"href":"https:\/\/schuhewiebarfuss.at\/shop\/wp-json\/wp\/v2\/media?parent=473951"}],"wp:term":[{"taxonomy":"product_brand","embeddable":true,"href":"https:\/\/schuhewiebarfuss.at\/shop\/wp-json\/wp\/v2\/product_brand?post=473951"},{"taxonomy":"product_cat","embeddable":true,"href":"https:\/\/schuhewiebarfuss.at\/shop\/wp-json\/wp\/v2\/product_cat?post=473951"},{"taxonomy":"product_tag","embeddable":true,"href":"https:\/\/schuhewiebarfuss.at\/shop\/wp-json\/wp\/v2\/product_tag?post=473951"}],"curies":[{"name":"wp","href":"https:\/\/api.w.org\/{rel}","templated":true}]}}