{"id":473789,"date":"2024-04-07T16:04:51","date_gmt":"2024-04-07T14:04:51","guid":{"rendered":"https:\/\/schuhewiebarfuss.at\/shop\/produkt\/daylite-hiker-fusion-herren\/"},"modified":"2026-04-22T18:09:45","modified_gmt":"2026-04-22T16:09:45","slug":"daylite-hiker-fusion-herren","status":"publish","type":"product","link":"https:\/\/schuhewiebarfuss.at\/shop\/produkt\/daylite-hiker-fusion-herren\/","title":{"rendered":"Daylite Hiker Fusion Herren"},"content":{"rendered":"<p>Mit seinem neuen leichten, abriebfesten, geschwei\u00dften Obermaterial und der griffigeren Stollensohle ist der Daylite Hiker Fusion perfekt f\u00fcr Wanderungen, bei denen ein technischer Schuh mehr ist, als Sie brauchen.<\/p>\n<p>SCHUTZ, DER SICH GENAU RICHTIG ANF\u00dcHLT.<\/p>\n<p>Der Daylite Hiker Fusion verf\u00fcgt \u00fcber eine neue 10-mm-FeelTrue\u00ae-Sohle mit einem 3,5-mm-Stollenprofil mit Doppelwinkel, das neu gestaltet wurde, um noch mehr Grip und Kontrolle zu bieten, ohne das Bodengef\u00fchl und Feedback zu beeintr\u00e4chtigen, das Sie von Xero-Schuhen erwarten.<\/p>\n<p>VERBESSERTER KOMFORT UND HALTBARKEIT.<\/p>\n<p>Wir haben unsere von Huarache inspirierten Spanngurte unter ein schlankes, neues, geschwei\u00dftes Obermaterial gesteckt, damit Sie eine eng anliegende Passform mit noch mehr Spritzwasser- und Abriebfestigkeit erzielen k\u00f6nnen. Mit jeweils nur 351 Gramm f\u00fcr einen Herren 42 bleibt der Daylite Hiker Fusion der perfekte Wanderschuh f\u00fcr allt\u00e4gliche Abenteuer.<\/p>\n<p>EIN FRISCHER, AKTUALISIERTER LOOK.<\/p>\n<p>Der neue Daylite Hiker ist in Schwarz und einem subtilen, erdigen Braun erh\u00e4ltlich und ein minimalistischer Wanderschuh, der stilvoll genug ist, um mit fast jeder Freizeit- oder Arbeitskleidung kombiniert zu werden, sodass Sie ihn sowohl auf als auch abseits des Weges tragen k\u00f6nnen.<\/p>\n<p><b>Audio-Beschreibung<\/b><br \/><audio controls src=\"https:\/\/schuhewiebarfuss.at\/shop\/wp-content\/uploads\/lk\/5970_audio.wav\"><br \/>\n                                            Ihr Browser unterst\u00fctzt diese Audio-Ausgabe leider nicht.<br \/>\n                                            <\/ audio ><\/p>\n","protected":false},"excerpt":{"rendered":"<p>Obermaterial: Synthetische Textilien 100%Vegan<br \/>\nInnenmaterial: Textil<br \/>\nInnensohle: Herausnehmbar<br \/>\nSohle: 10 mm FeelTrue\u00ae Sohle, 3,5 mm Dual-Chevron Profil<br \/>\nVerschlussart: Schn\u00fcrschuh <\/p>\n","protected":false},"featured_media":473788,"comment_status":"open","ping_status":"closed","template":"","meta":[],"product_brand":[],"product_cat":[839],"product_tag":[1544,1371,1408,1375,1376,1377,1378,1379,1380,1381,1449,2446,1360],"class_list":{"0":"post-473789","1":"product","2":"type-product","3":"status-publish","4":"has-post-thumbnail","6":"product_cat-wanderschuhe-2","7":"product_tag-farbe-braun","8":"product_tag-farbe-grau","9":"product_tag-farbe-schwarz","10":"product_tag-groesse-40","11":"product_tag-groesse-41","12":"product_tag-groesse-42","13":"product_tag-groesse-43","14":"product_tag-groesse-44","15":"product_tag-groesse-45","16":"product_tag-groesse-46","17":"product_tag-groesse-47","18":"product_tag-marke-xero","19":"product_tag-standard","21":"first","22":"instock","23":"taxable","24":"shipping-taxable","25":"purchasable","26":"product-type-variable"},"_links":{"self":[{"href":"https:\/\/schuhewiebarfuss.at\/shop\/wp-json\/wp\/v2\/product\/473789","targetHints":{"allow":["GET"]}}],"collection":[{"href":"https:\/\/schuhewiebarfuss.at\/shop\/wp-json\/wp\/v2\/product"}],"about":[{"href":"https:\/\/schuhewiebarfuss.at\/shop\/wp-json\/wp\/v2\/types\/product"}],"replies":[{"embeddable":true,"href":"https:\/\/schuhewiebarfuss.at\/shop\/wp-json\/wp\/v2\/comments?post=473789"}],"wp:featuredmedia":[{"embeddable":true,"href":"https:\/\/schuhewiebarfuss.at\/shop\/wp-json\/wp\/v2\/media\/473788"}],"wp:attachment":[{"href":"https:\/\/schuhewiebarfuss.at\/shop\/wp-json\/wp\/v2\/media?parent=473789"}],"wp:term":[{"taxonomy":"product_brand","embeddable":true,"href":"https:\/\/schuhewiebarfuss.at\/shop\/wp-json\/wp\/v2\/product_brand?post=473789"},{"taxonomy":"product_cat","embeddable":true,"href":"https:\/\/schuhewiebarfuss.at\/shop\/wp-json\/wp\/v2\/product_cat?post=473789"},{"taxonomy":"product_tag","embeddable":true,"href":"https:\/\/schuhewiebarfuss.at\/shop\/wp-json\/wp\/v2\/product_tag?post=473789"}],"curies":[{"name":"wp","href":"https:\/\/api.w.org\/{rel}","templated":true}]}}