{"id":473648,"date":"2024-04-07T15:30:54","date_gmt":"2024-04-07T13:30:54","guid":{"rendered":"https:\/\/schuhewiebarfuss.at\/shop\/produkt\/primus-knit-herren\/"},"modified":"2026-03-01T06:56:16","modified_gmt":"2026-03-01T05:56:16","slug":"primus-knit-herren","status":"publish","type":"product","link":"https:\/\/schuhewiebarfuss.at\/shop\/produkt\/primus-knit-herren\/","title":{"rendered":"Primus Knit Herren"},"content":{"rendered":"<p>Der PRIMUS KNIT ist ein Minimal-Barfu\u00df Schuh bestehend aus einer Socke, die mit Leder Aufs\u00e4tzen und unserer patentierten Sohle beste Beweglichkeit, Atmungsaktivit\u00e4t und Komfort bietet.<br \/>\nSomit ist der Primus Knit pr\u00e4destiniert f\u00fcr den Sommer in der Stadt, bei der Arbeit oder beim Flanieren.<\/p>\n<p>Die Leder Aufs\u00e4tze bestehen aus unserem bew\u00e4hrten Pittards Leder, von freilebenden Rindern in \u00c4thiopien.<br \/>\nEine herausnehmbare Performance Einlegesohle aus 10% BLOOM (ein auf Algen basierte Alternative zu synthetischen EVA) liegt bei.<\/p>\n<p>Achtung: Der Schuh f\u00e4llt eine Nummer gr\u00f6\u00dfer aus, daher bitte eine Nummer kleiner bestellen!<\/p>\n<p><b>Audio-Beschreibung<\/b><br \/><audio controls src=\"https:\/\/schuhewiebarfuss.at\/shop\/wp-content\/uploads\/lk\/6172_audio.wav\"><br \/>\n                                            Ihr Browser unterst\u00fctzt diese Audio-Ausgabe leider nicht.<br \/>\n                                            <\/ audio ><\/p>\n","protected":false},"excerpt":{"rendered":"<p>Obermaterial: Gestrickte Premium Socke mit Leder-Aufs\u00e4tzen aus Pittards Leder<br \/>\nHerausnehmbare Performance Einlegesohle<br \/>\nPatentierte, durchsto\u00dffeste PRO5 3mm ACTIVE-SOLE<br \/>\nSchn\u00fcrschuh<\/p>\n","protected":false},"featured_media":473647,"comment_status":"open","ping_status":"closed","template":"","meta":[],"product_brand":[],"product_cat":[3121],"product_tag":[2561,1408,1651,1375,1376,1377,1378,1379,1380,1381,1449,2451,1450],"class_list":{"0":"post-473648","1":"product","2":"type-product","3":"status-publish","4":"has-post-thumbnail","6":"product_cat-sale","7":"product_tag-farbe-dunkelgruen","8":"product_tag-farbe-schwarz","9":"product_tag-farbe-weiss","10":"product_tag-groesse-40","11":"product_tag-groesse-41","12":"product_tag-groesse-42","13":"product_tag-groesse-43","14":"product_tag-groesse-44","15":"product_tag-groesse-45","16":"product_tag-groesse-46","17":"product_tag-groesse-47","18":"product_tag-marke-vivobarefoot","19":"product_tag-sale","21":"first","22":"instock","23":"taxable","24":"shipping-taxable","25":"purchasable","26":"product-type-variable"},"_links":{"self":[{"href":"https:\/\/schuhewiebarfuss.at\/shop\/wp-json\/wp\/v2\/product\/473648","targetHints":{"allow":["GET"]}}],"collection":[{"href":"https:\/\/schuhewiebarfuss.at\/shop\/wp-json\/wp\/v2\/product"}],"about":[{"href":"https:\/\/schuhewiebarfuss.at\/shop\/wp-json\/wp\/v2\/types\/product"}],"replies":[{"embeddable":true,"href":"https:\/\/schuhewiebarfuss.at\/shop\/wp-json\/wp\/v2\/comments?post=473648"}],"wp:featuredmedia":[{"embeddable":true,"href":"https:\/\/schuhewiebarfuss.at\/shop\/wp-json\/wp\/v2\/media\/473647"}],"wp:attachment":[{"href":"https:\/\/schuhewiebarfuss.at\/shop\/wp-json\/wp\/v2\/media?parent=473648"}],"wp:term":[{"taxonomy":"product_brand","embeddable":true,"href":"https:\/\/schuhewiebarfuss.at\/shop\/wp-json\/wp\/v2\/product_brand?post=473648"},{"taxonomy":"product_cat","embeddable":true,"href":"https:\/\/schuhewiebarfuss.at\/shop\/wp-json\/wp\/v2\/product_cat?post=473648"},{"taxonomy":"product_tag","embeddable":true,"href":"https:\/\/schuhewiebarfuss.at\/shop\/wp-json\/wp\/v2\/product_tag?post=473648"}],"curies":[{"name":"wp","href":"https:\/\/api.w.org\/{rel}","templated":true}]}}