{"id":473399,"date":"2024-04-07T14:34:46","date_gmt":"2024-04-07T12:34:46","guid":{"rendered":"https:\/\/schuhewiebarfuss.at\/shop\/produkt\/gobi-ii-damen\/"},"modified":"2026-03-01T07:22:43","modified_gmt":"2026-03-01T06:22:43","slug":"gobi-ii-damen","status":"publish","type":"product","link":"https:\/\/schuhewiebarfuss.at\/shop\/produkt\/gobi-ii-damen\/","title":{"rendered":"Gobi II Damen"},"content":{"rendered":"<p>Dieser unverwechselbare Barfu\u00dfschuh ist in der aktuellen Saison endlich wieder f\u00fcr Damen erh\u00e4ltlich. Das Modell ist aus Pittards-Premiumleder gefertigt und punktet wie seit je her in Sachen Stil und Eleganz. Der Gobi II ist ein klassischer Schn\u00fcrschuh, angelehnt an den legend\u00e4ren Desert-Boot von Clarks. Ob im B\u00fcro, zum Business-Meeting, zum feierlichen Anlass oder als Alltagsschuh, mit dem Gobi II genie\u00dft du das einzigartige Barfu\u00dfgef\u00fchl bei jeder Gelegenheit. Hinten an der Ferse ist das V-Logo eingepr\u00e4gt. Die patentierte, 3mm d\u00fcnne Lifestyle-Sohle mit kleinen Profilnoppen sorgt f\u00fcr maximales sensorisches Feedback bei gleichzeitigem Schutz. F\u00fchl\u2018 dich barfu\u00df, den ganzen Tag und jeden Tag! Das Modell hat eine neue Einlegesohle mit Korkbeschichtung f\u00fcr ein verbessertes Fu\u00dfklima.<\/p>\n<p>WICHTIGER HINWEIS ZUM LEDER!!!<br \/>\nDas hochwertige Leder des britischen Traditionsunternehmens Pittards hat eine besondere Struktur und stammt aus Afrika. Das Leder wird mit pflanzlichen Mitteln gegerbt und m\u00f6glichst in seiner nat\u00fcrlichen Form und Textur erhalten. Au\u00dferdem zeichnet es sich durch seine robuste Struktur aus. Da es sich hierbei um nat\u00fcrliches Leder von wilden Tieren handelt, ist jedes Paar ein Unikat. Somit kann es sein, das einzelne Schuhe Narben, Kratzer oder kleine Flecken aufweisen.<\/p>\n<p><b>Audio-Beschreibung<\/b><br \/><audio controls src=\"https:\/\/schuhewiebarfuss.at\/shop\/wp-content\/uploads\/lk\/6154_audio.wav\"><br \/>\n                                            Ihr Browser unterst\u00fctzt diese Audio-Ausgabe leider nicht.<br \/>\n                                            <\/ audio ><\/p>\n","protected":false},"excerpt":{"rendered":"<p>Obermaterial: hochwertiges Pittards Leder<br \/>\npatentierte 3mm d\u00fcnne Lifestylesohle mit kleinen Profilnoppen<br \/>\nPro5: durchstichfeste Sohlentechnologie<br \/>\nherausnehmbare, 3mm d\u00fcnne Innensohle mit Korkbeschichtung<br \/>\nweite, lockere Passform<br \/>\nGewicht pro Schuh: 300g (Gr.42)<br \/>\nWild Hide Leder: Unregelm\u00e4\u00dfigkeiten im Leder sind gewollt, da das Leder in seiner nat\u00fcrlichen Form erhalten bleiben soll<br \/>\nVerschlussart: Schn\u00fcrung<\/p>\n","protected":false},"featured_media":473398,"comment_status":"open","ping_status":"closed","template":"","meta":[],"product_brand":[],"product_cat":[3121],"product_tag":[1544,1408,1404,1362,1368,1373,1374,1375,1376,1377,2451,1450],"class_list":{"0":"post-473399","1":"product","2":"type-product","3":"status-publish","4":"has-post-thumbnail","6":"product_cat-sale","7":"product_tag-farbe-braun","8":"product_tag-farbe-schwarz","9":"product_tag-groesse-35","10":"product_tag-groesse-36","11":"product_tag-groesse-37","12":"product_tag-groesse-38","13":"product_tag-groesse-39","14":"product_tag-groesse-40","15":"product_tag-groesse-41","16":"product_tag-groesse-42","17":"product_tag-marke-vivobarefoot","18":"product_tag-sale","20":"first","21":"instock","22":"sale","23":"taxable","24":"shipping-taxable","25":"purchasable","26":"product-type-variable"},"_links":{"self":[{"href":"https:\/\/schuhewiebarfuss.at\/shop\/wp-json\/wp\/v2\/product\/473399","targetHints":{"allow":["GET"]}}],"collection":[{"href":"https:\/\/schuhewiebarfuss.at\/shop\/wp-json\/wp\/v2\/product"}],"about":[{"href":"https:\/\/schuhewiebarfuss.at\/shop\/wp-json\/wp\/v2\/types\/product"}],"replies":[{"embeddable":true,"href":"https:\/\/schuhewiebarfuss.at\/shop\/wp-json\/wp\/v2\/comments?post=473399"}],"wp:featuredmedia":[{"embeddable":true,"href":"https:\/\/schuhewiebarfuss.at\/shop\/wp-json\/wp\/v2\/media\/473398"}],"wp:attachment":[{"href":"https:\/\/schuhewiebarfuss.at\/shop\/wp-json\/wp\/v2\/media?parent=473399"}],"wp:term":[{"taxonomy":"product_brand","embeddable":true,"href":"https:\/\/schuhewiebarfuss.at\/shop\/wp-json\/wp\/v2\/product_brand?post=473399"},{"taxonomy":"product_cat","embeddable":true,"href":"https:\/\/schuhewiebarfuss.at\/shop\/wp-json\/wp\/v2\/product_cat?post=473399"},{"taxonomy":"product_tag","embeddable":true,"href":"https:\/\/schuhewiebarfuss.at\/shop\/wp-json\/wp\/v2\/product_tag?post=473399"}],"curies":[{"name":"wp","href":"https:\/\/api.w.org\/{rel}","templated":true}]}}