{"id":473243,"date":"2024-04-05T11:21:14","date_gmt":"2024-04-05T09:21:14","guid":{"rendered":"https:\/\/schuhewiebarfuss.at\/shop\/produkt\/einlegesohle-skinners-2-0\/"},"modified":"2026-03-11T21:36:29","modified_gmt":"2026-03-11T20:36:29","slug":"einlegesohle-skinners-2-0","status":"publish","type":"product","link":"https:\/\/schuhewiebarfuss.at\/shop\/produkt\/einlegesohle-skinners-2-0\/","title":{"rendered":"Einlegesohle Skinners 2.0"},"content":{"rendered":"<p>Die 2mm d\u00fcnne perforierte (durchl\u00f6chert) Einlegesohle ist f\u00fcr Strecken auf steinigen Untergr\u00fcnden gedacht. So hast du trotz Minimalschuhwerk noch etwas Komfort.<\/p>\n<p>Comfort 2.0, Compression 2.0 &amp; Kids 2.0:<\/p>\n<p>Diese drei Modelle werden standardm\u00e4\u00dfig immer mit Einlegesohle ausgeliefert. Sollte man dennoch weitere Einlegesohlen ben\u00f6tigen besteht hier die M\u00f6glichkeit die Einlegesohlen als Zubeh\u00f6r-Artikel nachzukaufen.<\/p>\n<p>Limited Edition 2.0:<br \/>\nDieses Modell wird ohne Einlegesohle ausgeliefert. Besteht also der Wunsch die Limited Edition mit Einlegesohle zu tragen empfehlen wir diese optional mit- bzw. nachzubestellen. Die Einlegesohlen vom Compression 2.0 passen \u00fcbrigens auch in die Limited Edition. <\/p>\n<p><b>Audio-Beschreibung<\/b><br \/><audio controls src=\"https:\/\/schuhewiebarfuss.at\/shop\/wp-content\/uploads\/lk\/6356_audio.wav\"><br \/>\n                                            Ihr Browser unterst\u00fctzt diese Audio-Ausgabe leider nicht.<br \/>\n                                            <\/ audio ><\/p>\n","protected":false},"excerpt":{"rendered":"<p>Die Einlegesohlen kommen immer paarweise!<br \/>\nF\u00fcr Kinder und Erwachsene erh\u00e4ltlich!<\/p>\n","protected":false},"featured_media":500359,"comment_status":"open","ping_status":"closed","template":"","meta":[],"product_brand":[],"product_cat":[823],"product_tag":[2809,1592,1593,1594,1468,1470,1471,1577,1476,1578,1579,2484],"class_list":{"0":"post-473243","1":"product","2":"type-product","3":"status-publish","4":"has-post-thumbnail","6":"product_cat-einlegesohlen","7":"product_tag-groesse-26-27","8":"product_tag-groesse-28-29","9":"product_tag-groesse-30-32","10":"product_tag-groesse-33-35","11":"product_tag-groesse-36-37","12":"product_tag-groesse-38-39","13":"product_tag-groesse-40-41","14":"product_tag-groesse-41-42","15":"product_tag-groesse-43-44","16":"product_tag-groesse-45-46","17":"product_tag-groesse-47-48","18":"product_tag-marke-skinners","20":"first","21":"instock","22":"taxable","23":"shipping-taxable","24":"purchasable","25":"product-type-variable"},"_links":{"self":[{"href":"https:\/\/schuhewiebarfuss.at\/shop\/wp-json\/wp\/v2\/product\/473243","targetHints":{"allow":["GET"]}}],"collection":[{"href":"https:\/\/schuhewiebarfuss.at\/shop\/wp-json\/wp\/v2\/product"}],"about":[{"href":"https:\/\/schuhewiebarfuss.at\/shop\/wp-json\/wp\/v2\/types\/product"}],"replies":[{"embeddable":true,"href":"https:\/\/schuhewiebarfuss.at\/shop\/wp-json\/wp\/v2\/comments?post=473243"}],"wp:featuredmedia":[{"embeddable":true,"href":"https:\/\/schuhewiebarfuss.at\/shop\/wp-json\/wp\/v2\/media\/500359"}],"wp:attachment":[{"href":"https:\/\/schuhewiebarfuss.at\/shop\/wp-json\/wp\/v2\/media?parent=473243"}],"wp:term":[{"taxonomy":"product_brand","embeddable":true,"href":"https:\/\/schuhewiebarfuss.at\/shop\/wp-json\/wp\/v2\/product_brand?post=473243"},{"taxonomy":"product_cat","embeddable":true,"href":"https:\/\/schuhewiebarfuss.at\/shop\/wp-json\/wp\/v2\/product_cat?post=473243"},{"taxonomy":"product_tag","embeddable":true,"href":"https:\/\/schuhewiebarfuss.at\/shop\/wp-json\/wp\/v2\/product_tag?post=473243"}],"curies":[{"name":"wp","href":"https:\/\/api.w.org\/{rel}","templated":true}]}}