{"id":473198,"date":"2024-04-05T11:16:45","date_gmt":"2024-04-05T09:16:45","guid":{"rendered":"https:\/\/schuhewiebarfuss.at\/shop\/produkt\/smellwell\/"},"modified":"2026-04-15T01:37:50","modified_gmt":"2026-04-14T23:37:50","slug":"smellwell","status":"publish","type":"product","link":"https:\/\/schuhewiebarfuss.at\/shop\/produkt\/smellwell\/","title":{"rendered":"SmellWell"},"content":{"rendered":"<p>SmellWell Freshener Inserts ist eine nat\u00fcrliche 3-in-1-L\u00f6sung, die Feuchtigkeit effektiv absorbiert, Ger\u00fcche entfernt und einen langanhaltenden frischen Duft hinterl\u00e4sst. Werfen Sie sie einfach in Ihre Schuhe, Ausr\u00fcstung oder Tasche und erleben Sie einen echten Unterschied!<br \/>\nIm Gegensatz zu den meisten Produkten auf dem Markt, die unerw\u00fcnschte Ger\u00fcche \u00fcberdecken, geht SmellWell an die Quelle des Problems, indem es Feuchtigkeit effektiv absorbiert, sodass Sie Ihrem aktiven Leben vertrauensvoll nachgehen k\u00f6nnen. Keine Feuchtigkeit, keine Bakterien, kein Geruch.<\/p>\n<p>Absorbiert Geruch und Feuchtigkeit und macht Ihre Sachen SmellWellTM.<br \/>\nSchwedische Innovation: Entwickelt, entworfen und getestet in Schweden.<br \/>\nEnth\u00e4lt eine propriet\u00e4re Mischung aus Moso-Bambusholzkohle und Mineralien, die entfeuchten und desodorieren, indem sie Feuchtigkeit, Ger\u00fcche, Schadstoffe und Bakterien einfangen. Angereichert mit einem frischen Duft.<br \/>\nKlimaneutral, REACH-zertifiziert f\u00fcr Sicherheit und Umwelt und 100 % schadstofffrei.<br \/>\nErfrischungseins\u00e4tze sind formbar und passen \u00fcberall hin und bieten unbegrenzte Einsatzbereiche.<br \/>\nH\u00e4lt bis zu 6 Monate.<\/p>\n<p>WICHTIGER HINWEIS:<br \/>\nDie Online Abbildungen dieses Produktes sind lediglich Beispiele und werden vom tats\u00e4chlichen Aussehen der gelieferten Ware, hinsichtlich der Farbe und Farbkombinationen, abweichen. Es ist keine Farbauswahl m\u00f6glich!<\/p>\n<p><b>Audio-Beschreibung<\/b><br \/><audio controls src=\"https:\/\/schuhewiebarfuss.at\/shop\/wp-content\/uploads\/lk\/6144_audio.wav\"><br \/>\n                                            Ihr Browser unterst\u00fctzt diese Audio-Ausgabe leider nicht.<br \/>\n                                            <\/ audio ><\/p>\n","protected":false},"excerpt":{"rendered":"<p>Absorbiert Geruch und Feuchtigkeit und macht Ihre Sachen SmellWellTM.<br \/>\nEnth\u00e4lt eine propriet\u00e4re Mischung aus Moso-Bambusholzkohle und Mineralien, die entfeuchten und desodorieren, indem sie Feuchtigkeit, Ger\u00fcche, Schadstoffe und Bakterien einfangen. Angereichert mit einem frischen Duft.<br \/>\nKlimaneutral, REACH-zertifiziert f\u00fcr Sicherheit und Umwelt und 100 % schadstofffrei.<br \/>\nErfrischungseins\u00e4tze sind formbar und passen \u00fcberall hin und bieten unbegrenzte Einsatzbereiche.<br \/>\nH\u00e4lt bis zu 6 Monate.<\/p>\n<p>Active:<br \/>\nBreite: 8 cm<br \/>\nH\u00f6he: 12 cm<br \/>\nTiefe: 1cm<br \/>\nGewicht: 100 g\/Paar<\/p>\n<p>Active XL:<br \/>\nBreite: 8 cm<br \/>\nH\u00f6he: 18 cm<br \/>\nTiefe: 2 cm<br \/>\nGewicht: 250 g\/Paar<\/p>\n<p>WICHTIGER HINWEIS:<br \/>\nDie Online Abbildungen dieses Produktes sind lediglich Beispiele und werden vom tats\u00e4chlichen Aussehen der gelieferten Ware, hinsichtlich der Farbe und Farbkombinationen, abweichen. Es ist keine Farbauswahl m\u00f6glich!<\/p>\n","protected":false},"featured_media":473197,"comment_status":"open","ping_status":"closed","template":"","meta":[],"product_brand":[],"product_cat":[824],"product_tag":[1712,1711,2448,1360],"class_list":{"0":"post-473198","1":"product","2":"type-product","3":"status-publish","4":"has-post-thumbnail","6":"product_cat-pflegemittel","7":"product_tag-groesse-gross","8":"product_tag-groesse-klein","9":"product_tag-marke-zubehoer","10":"product_tag-standard","12":"first","13":"instock","14":"taxable","15":"shipping-taxable","16":"purchasable","17":"product-type-variable"},"_links":{"self":[{"href":"https:\/\/schuhewiebarfuss.at\/shop\/wp-json\/wp\/v2\/product\/473198","targetHints":{"allow":["GET"]}}],"collection":[{"href":"https:\/\/schuhewiebarfuss.at\/shop\/wp-json\/wp\/v2\/product"}],"about":[{"href":"https:\/\/schuhewiebarfuss.at\/shop\/wp-json\/wp\/v2\/types\/product"}],"replies":[{"embeddable":true,"href":"https:\/\/schuhewiebarfuss.at\/shop\/wp-json\/wp\/v2\/comments?post=473198"}],"wp:featuredmedia":[{"embeddable":true,"href":"https:\/\/schuhewiebarfuss.at\/shop\/wp-json\/wp\/v2\/media\/473197"}],"wp:attachment":[{"href":"https:\/\/schuhewiebarfuss.at\/shop\/wp-json\/wp\/v2\/media?parent=473198"}],"wp:term":[{"taxonomy":"product_brand","embeddable":true,"href":"https:\/\/schuhewiebarfuss.at\/shop\/wp-json\/wp\/v2\/product_brand?post=473198"},{"taxonomy":"product_cat","embeddable":true,"href":"https:\/\/schuhewiebarfuss.at\/shop\/wp-json\/wp\/v2\/product_cat?post=473198"},{"taxonomy":"product_tag","embeddable":true,"href":"https:\/\/schuhewiebarfuss.at\/shop\/wp-json\/wp\/v2\/product_tag?post=473198"}],"curies":[{"name":"wp","href":"https:\/\/api.w.org\/{rel}","templated":true}]}}