{"id":473168,"date":"2024-04-05T11:09:22","date_gmt":"2024-04-05T09:09:22","guid":{"rendered":"https:\/\/schuhewiebarfuss.at\/shop\/produkt\/plus12socks-unisex-merino-activity-kurz-schwarz-rot\/"},"modified":"2026-03-19T08:07:18","modified_gmt":"2026-03-19T07:07:18","slug":"plus12socks-unisex-merino-activity-kurz-schwarz-rot","status":"publish","type":"product","link":"https:\/\/schuhewiebarfuss.at\/shop\/produkt\/plus12socks-unisex-merino-activity-kurz-schwarz-rot\/","title":{"rendered":"Plus12socks Unisex: Merino Activity kurz Schwarz\/Rot"},"content":{"rendered":"<p>Merinowolle: in Kombination mit high-tech Fasern entsteht ein Socken f\u00fcr h\u00f6chste Anspr\u00fcche. Atmungsaktiv, rasch trocknend, klimaregulierend, kuschelweich. Entwickelt f\u00fcr alle Outdoor-Aktivit\u00e4ten.<br \/>\nAusgekl\u00fcgelte Konstruktion f\u00fcr optimale Passform, geringe Reibung auf der Haut und Langlebigkeit:<\/p>\n<p>    verst\u00e4rkte Ferse und Zehenspitze<br \/>\n    elastische Zone im Bereich des Fu\u00dfes<\/p>\n<p>\u00d6ko-tex und mulesing-frei.<\/p>\n<p><b>Audio-Beschreibung<\/b><br \/><audio controls src=\"https:\/\/schuhewiebarfuss.at\/shop\/wp-content\/uploads\/lk\/6098_audio.wav\"><br \/>\n                                            Ihr Browser unterst\u00fctzt diese Audio-Ausgabe leider nicht.<br \/>\n                                            <\/ audio ><\/p>\n","protected":false},"excerpt":{"rendered":"<p>40% Merinowolle, 40% Polypropylen, 18% Polyamid, 2% Elasthan<br \/>\nPolsterung: pl\u00fcsch (flauschige Laufsohle)<br \/>\nSchaftl\u00e4nge: kurz<\/p>\n","protected":false},"featured_media":500374,"comment_status":"open","ping_status":"closed","template":"","meta":[],"product_brand":[],"product_cat":[870],"product_tag":[1603,1604,1606,1607,2467],"class_list":{"0":"post-473168","1":"product","2":"type-product","3":"status-publish","4":"has-post-thumbnail","6":"product_cat-unisex-3","7":"product_tag-groesse-36-38","8":"product_tag-groesse-39-41","9":"product_tag-groesse-42-44","10":"product_tag-groesse-45-47","11":"product_tag-marke-plus12socks","13":"first","14":"instock","15":"taxable","16":"shipping-taxable","17":"purchasable","18":"product-type-variable"},"_links":{"self":[{"href":"https:\/\/schuhewiebarfuss.at\/shop\/wp-json\/wp\/v2\/product\/473168","targetHints":{"allow":["GET"]}}],"collection":[{"href":"https:\/\/schuhewiebarfuss.at\/shop\/wp-json\/wp\/v2\/product"}],"about":[{"href":"https:\/\/schuhewiebarfuss.at\/shop\/wp-json\/wp\/v2\/types\/product"}],"replies":[{"embeddable":true,"href":"https:\/\/schuhewiebarfuss.at\/shop\/wp-json\/wp\/v2\/comments?post=473168"}],"wp:featuredmedia":[{"embeddable":true,"href":"https:\/\/schuhewiebarfuss.at\/shop\/wp-json\/wp\/v2\/media\/500374"}],"wp:attachment":[{"href":"https:\/\/schuhewiebarfuss.at\/shop\/wp-json\/wp\/v2\/media?parent=473168"}],"wp:term":[{"taxonomy":"product_brand","embeddable":true,"href":"https:\/\/schuhewiebarfuss.at\/shop\/wp-json\/wp\/v2\/product_brand?post=473168"},{"taxonomy":"product_cat","embeddable":true,"href":"https:\/\/schuhewiebarfuss.at\/shop\/wp-json\/wp\/v2\/product_cat?post=473168"},{"taxonomy":"product_tag","embeddable":true,"href":"https:\/\/schuhewiebarfuss.at\/shop\/wp-json\/wp\/v2\/product_tag?post=473168"}],"curies":[{"name":"wp","href":"https:\/\/api.w.org\/{rel}","templated":true}]}}