{"id":473137,"date":"2024-04-05T11:03:08","date_gmt":"2024-04-05T09:03:08","guid":{"rendered":"https:\/\/schuhewiebarfuss.at\/shop\/produkt\/plus12socks-unisex-merino-halblang\/"},"modified":"2026-03-19T07:52:25","modified_gmt":"2026-03-19T06:52:25","slug":"plus12socks-unisex-merino-halblang","status":"publish","type":"product","link":"https:\/\/schuhewiebarfuss.at\/shop\/produkt\/plus12socks-unisex-merino-halblang\/","title":{"rendered":"Plus12socks Unisex: Merino Halblang"},"content":{"rendered":"<p>Merinowolle: in Kombination mit high-tech Fasern entsteht ein Socken f\u00fcr h\u00f6chste Anspr\u00fcche. Atmungsaktiv, rasch trocknend, klimaregulierend, kuschelweich. Ideal f\u00fcr drau\u00dfen in der kalten Jahreszeit. \u00d6ko-tex und mulesing-frei.<\/p>\n<p><b>Audio-Beschreibung<\/b><br \/><audio controls src=\"https:\/\/schuhewiebarfuss.at\/shop\/wp-content\/uploads\/lk\/6096_audio.wav\"><br \/>\n                                            Ihr Browser unterst\u00fctzt diese Audio-Ausgabe leider nicht.<br \/>\n                                            <\/ audio ><\/p>\n","protected":false},"excerpt":{"rendered":"<p>40% Merinowolle, 40% Polypropylen, 18% Polyamid, 2% Elasthan<br \/>\nPolsterung: glatt (leicht und luftig)<br \/>\nSchaftl\u00e4nge: halblang<\/p>\n","protected":false},"featured_media":473136,"comment_status":"open","ping_status":"closed","template":"","meta":[],"product_brand":[],"product_cat":[870],"product_tag":[1426,1462,1600,1408,1603,1604,1606,1607,1608,2467],"class_list":{"0":"post-473137","1":"product","2":"type-product","3":"status-publish","4":"has-post-thumbnail","6":"product_cat-unisex-3","7":"product_tag-farbe-dunkelblau","8":"product_tag-farbe-dunkelgrau","9":"product_tag-farbe-rot","10":"product_tag-farbe-schwarz","11":"product_tag-groesse-36-38","12":"product_tag-groesse-39-41","13":"product_tag-groesse-42-44","14":"product_tag-groesse-45-47","15":"product_tag-groesse-48-50","16":"product_tag-marke-plus12socks","18":"first","19":"instock","20":"taxable","21":"shipping-taxable","22":"purchasable","23":"product-type-variable"},"_links":{"self":[{"href":"https:\/\/schuhewiebarfuss.at\/shop\/wp-json\/wp\/v2\/product\/473137","targetHints":{"allow":["GET"]}}],"collection":[{"href":"https:\/\/schuhewiebarfuss.at\/shop\/wp-json\/wp\/v2\/product"}],"about":[{"href":"https:\/\/schuhewiebarfuss.at\/shop\/wp-json\/wp\/v2\/types\/product"}],"replies":[{"embeddable":true,"href":"https:\/\/schuhewiebarfuss.at\/shop\/wp-json\/wp\/v2\/comments?post=473137"}],"wp:featuredmedia":[{"embeddable":true,"href":"https:\/\/schuhewiebarfuss.at\/shop\/wp-json\/wp\/v2\/media\/473136"}],"wp:attachment":[{"href":"https:\/\/schuhewiebarfuss.at\/shop\/wp-json\/wp\/v2\/media?parent=473137"}],"wp:term":[{"taxonomy":"product_brand","embeddable":true,"href":"https:\/\/schuhewiebarfuss.at\/shop\/wp-json\/wp\/v2\/product_brand?post=473137"},{"taxonomy":"product_cat","embeddable":true,"href":"https:\/\/schuhewiebarfuss.at\/shop\/wp-json\/wp\/v2\/product_cat?post=473137"},{"taxonomy":"product_tag","embeddable":true,"href":"https:\/\/schuhewiebarfuss.at\/shop\/wp-json\/wp\/v2\/product_tag?post=473137"}],"curies":[{"name":"wp","href":"https:\/\/api.w.org\/{rel}","templated":true}]}}