{"id":473127,"date":"2024-04-05T10:58:01","date_gmt":"2024-04-05T08:58:01","guid":{"rendered":"https:\/\/schuhewiebarfuss.at\/shop\/produkt\/plus12socks-unisex-leon-ringelsocke-halblang\/"},"modified":"2026-03-19T07:47:52","modified_gmt":"2026-03-19T06:47:52","slug":"plus12socks-unisex-leon-ringelsocke-halblang","status":"publish","type":"product","link":"https:\/\/schuhewiebarfuss.at\/shop\/produkt\/plus12socks-unisex-leon-ringelsocke-halblang\/","title":{"rendered":"Plus12socks Unisex: LEON Ringelsocke Halblang"},"content":{"rendered":"<p>Merinowolle in Kombination mit high-tech Fasern entsteht ein Socken f\u00fcr h\u00f6chste Anspr\u00fcche. Atmungsaktiv, rasch trocknend, klimaregulierend, kuschelweich. Ideal f\u00fcr drau\u00dfen in der kalten Jahreszeit. \u00d6ko-tex und mulesing-frei.<\/p>\n<p><b>Audio-Beschreibung<\/b><br \/><audio controls src=\"https:\/\/schuhewiebarfuss.at\/shop\/wp-content\/uploads\/lk\/5617_audio.wav\"><br \/>\n                                            Ihr Browser unterst\u00fctzt diese Audio-Ausgabe leider nicht.<br \/>\n                                            <\/ audio ><\/p>\n","protected":false},"excerpt":{"rendered":"<p>40% Merinowolle, 40% Polypropylen, 18% Polyamid, 2% Elasthan<br \/>\nPolsterung: glatt (leicht und luftig)<br \/>\nSchaftl\u00e4nge: halblang<\/p>\n","protected":false},"featured_media":489815,"comment_status":"open","ping_status":"closed","template":"","meta":[],"product_brand":[],"product_cat":[870],"product_tag":[1603,1604,1606,1607,1608,2467],"class_list":{"0":"post-473127","1":"product","2":"type-product","3":"status-publish","4":"has-post-thumbnail","6":"product_cat-unisex-3","7":"product_tag-groesse-36-38","8":"product_tag-groesse-39-41","9":"product_tag-groesse-42-44","10":"product_tag-groesse-45-47","11":"product_tag-groesse-48-50","12":"product_tag-marke-plus12socks","14":"first","15":"instock","16":"taxable","17":"shipping-taxable","18":"purchasable","19":"product-type-variable"},"_links":{"self":[{"href":"https:\/\/schuhewiebarfuss.at\/shop\/wp-json\/wp\/v2\/product\/473127","targetHints":{"allow":["GET"]}}],"collection":[{"href":"https:\/\/schuhewiebarfuss.at\/shop\/wp-json\/wp\/v2\/product"}],"about":[{"href":"https:\/\/schuhewiebarfuss.at\/shop\/wp-json\/wp\/v2\/types\/product"}],"replies":[{"embeddable":true,"href":"https:\/\/schuhewiebarfuss.at\/shop\/wp-json\/wp\/v2\/comments?post=473127"}],"wp:featuredmedia":[{"embeddable":true,"href":"https:\/\/schuhewiebarfuss.at\/shop\/wp-json\/wp\/v2\/media\/489815"}],"wp:attachment":[{"href":"https:\/\/schuhewiebarfuss.at\/shop\/wp-json\/wp\/v2\/media?parent=473127"}],"wp:term":[{"taxonomy":"product_brand","embeddable":true,"href":"https:\/\/schuhewiebarfuss.at\/shop\/wp-json\/wp\/v2\/product_brand?post=473127"},{"taxonomy":"product_cat","embeddable":true,"href":"https:\/\/schuhewiebarfuss.at\/shop\/wp-json\/wp\/v2\/product_cat?post=473127"},{"taxonomy":"product_tag","embeddable":true,"href":"https:\/\/schuhewiebarfuss.at\/shop\/wp-json\/wp\/v2\/product_tag?post=473127"}],"curies":[{"name":"wp","href":"https:\/\/api.w.org\/{rel}","templated":true}]}}