{"id":473087,"date":"2024-04-05T10:43:48","date_gmt":"2024-04-05T08:43:48","guid":{"rendered":"https:\/\/schuhewiebarfuss.at\/shop\/produkt\/puck-3-leder-gelb\/"},"modified":"2026-03-01T11:01:07","modified_gmt":"2026-03-01T10:01:07","slug":"puck-3-leder-gelb","status":"publish","type":"product","link":"https:\/\/schuhewiebarfuss.at\/shop\/produkt\/puck-3-leder-gelb\/","title":{"rendered":"Puck 3 Leder Gelb"},"content":{"rendered":"<p>Kinder haben einen nat\u00fcrlichen Hang zum Toben oder herum laufen. Unser neuer Kinder Barfu\u00dfschuh Puck 3 aus Leder ist daf\u00fcr bestens geeignet.<br \/>\nDabei sollte der Fu\u00df nicht eingeengt sein. Viele Kinderf\u00fc\u00dfe sind zudem recht kr\u00e4ftig und ben\u00f6tigen schon deshalb mehr Platz im Schuh<\/p>\n<p>Da Kinder mit dem Gehen auf eine nat\u00fcrliche Art beginnen, und nicht wie Erwachsene mit der Ferse auftreten, sollte der nat\u00fcrliche Gang auch beim Gehen mit Schuhen nicht eingeengt werden.<br \/>\nErst Schuhe mit dicken oder zu harten Laufsohlen f\u00f6rdern den Fersengang.<br \/>\nUm das nat\u00fcrliche Gehen auch im Winter beizubehalten, hat Sole Runner\u00ae die Kinderkollektion erweitert. <\/p>\n<p>Diesem Artikel liegt kostenlos eine Einlegesohle bei.<br \/>\nBitte ber\u00fccksichtigen Sie eine Wachstumsreserve von ca. 12 mm zur gemessenen Fu\u00dfl\u00e4nge.<\/p>\n<p>Obermaterial: Leder hydrophobiert (Wasser abweisend)<br \/>\nInnenmaterial: Mesh<br \/>\nVerschluss: Klettverschluss<br \/>\nForm: Weit. vorn breit geschnitten. Die Zehen haben optimale Bewegungsfreiheit<br \/>\nGr\u00f6\u00dfen: 25 &#8211; 35<br \/>\nGewicht: 170 gr\/Gr\u00f6\u00dfe 32<br \/>\nLaufsohle: ca. 6 mm Gummi, Non Marking (nicht abf\u00e4rbend). Erlaubt einen m\u00f6glichst direkten Kontakt zum Boden. Fast wie Gehen auf der eigenen Fu\u00dfsohle<br \/>\nPflege: Schuhcreme, Spray<\/p>\n<p>Ein eventuell leicht sichtbarer &#8222;transparente Film&#8220; am Sohlen\u00fcbergang ist Silikonfinish und kein Kleberest<\/p>\n<p>WICHTIG: Obwohl es sich um einen Schuh handelt, sollte Ihr Kind mit dem Mittelfu\u00df auftreten, wie beim barfu\u00df Gehen!<br \/>\nWir empfehlen Sole Runner Barfu\u00dfschuhe, wie andere Stra\u00dfen- oder Sportschuhe auch, mit Socken zu tragen<\/p>\n<p><b>Audio-Beschreibung<\/b><br \/><audio controls src=\"https:\/\/schuhewiebarfuss.at\/shop\/wp-content\/uploads\/lk\/6137_audio.wav\"><br \/>\n                                            Ihr Browser unterst\u00fctzt diese Audio-Ausgabe leider nicht.<br \/>\n                                            <\/ audio ><\/p>\n","protected":false},"excerpt":{"rendered":"<p>Sole Runner Puck 3 Yellow, der neue Kinder Barfu\u00dfschuh aus Leder mit Klettverschluss f\u00fcr alle Kinder, sich das nat\u00fcrliche Laufen erhalten wollen. Weite: weit<\/p>\n<p>Hersteller: Sole Runner<\/p>\n","protected":false},"featured_media":473086,"comment_status":"open","ping_status":"closed","template":"","meta":[],"product_brand":[],"product_cat":[842],"product_tag":[1427,1394,1395,1396,1397,1398,1399,1400,1401,1402,1403,1404,2449],"class_list":{"0":"post-473087","1":"product","2":"type-product","3":"status-publish","4":"has-post-thumbnail","6":"product_cat-freizeit","7":"product_tag-farbe-gelb","8":"product_tag-groesse-25","9":"product_tag-groesse-26","10":"product_tag-groesse-27","11":"product_tag-groesse-28","12":"product_tag-groesse-29","13":"product_tag-groesse-30","14":"product_tag-groesse-31","15":"product_tag-groesse-32","16":"product_tag-groesse-33","17":"product_tag-groesse-34","18":"product_tag-groesse-35","19":"product_tag-marke-sole-runner","21":"first","22":"instock","23":"taxable","24":"shipping-taxable","25":"purchasable","26":"product-type-variable"},"_links":{"self":[{"href":"https:\/\/schuhewiebarfuss.at\/shop\/wp-json\/wp\/v2\/product\/473087","targetHints":{"allow":["GET"]}}],"collection":[{"href":"https:\/\/schuhewiebarfuss.at\/shop\/wp-json\/wp\/v2\/product"}],"about":[{"href":"https:\/\/schuhewiebarfuss.at\/shop\/wp-json\/wp\/v2\/types\/product"}],"replies":[{"embeddable":true,"href":"https:\/\/schuhewiebarfuss.at\/shop\/wp-json\/wp\/v2\/comments?post=473087"}],"wp:featuredmedia":[{"embeddable":true,"href":"https:\/\/schuhewiebarfuss.at\/shop\/wp-json\/wp\/v2\/media\/473086"}],"wp:attachment":[{"href":"https:\/\/schuhewiebarfuss.at\/shop\/wp-json\/wp\/v2\/media?parent=473087"}],"wp:term":[{"taxonomy":"product_brand","embeddable":true,"href":"https:\/\/schuhewiebarfuss.at\/shop\/wp-json\/wp\/v2\/product_brand?post=473087"},{"taxonomy":"product_cat","embeddable":true,"href":"https:\/\/schuhewiebarfuss.at\/shop\/wp-json\/wp\/v2\/product_cat?post=473087"},{"taxonomy":"product_tag","embeddable":true,"href":"https:\/\/schuhewiebarfuss.at\/shop\/wp-json\/wp\/v2\/product_tag?post=473087"}],"curies":[{"name":"wp","href":"https:\/\/api.w.org\/{rel}","templated":true}]}}