{"id":473042,"date":"2024-04-05T10:05:56","date_gmt":"2024-04-05T08:05:56","guid":{"rendered":"https:\/\/schuhewiebarfuss.at\/shop\/produkt\/ice-princess-grau\/"},"modified":"2026-03-01T09:35:45","modified_gmt":"2026-03-01T08:35:45","slug":"ice-princess-grau","status":"publish","type":"product","link":"https:\/\/schuhewiebarfuss.at\/shop\/produkt\/ice-princess-grau\/","title":{"rendered":"Ice Princess Grau"},"content":{"rendered":"<p>100% SCHURWOLLE<\/p>\n<p>ELASTISCH &amp; BELASTBAR\u00a0&#8211; Wir erzeugen unsere Stoffe selbst und geben uns nur mit der besten Qualit\u00e4t zufrieden. Durch die doppelte Verzwirnung (2 PLY) von hochwertigem Schurwoll-Garn wird die Wolle verfilzt und der einzigartige NANGA Walkfilz entsteht. Diese zwei zus\u00e4tzlichen Schritte in der Herstellung ben\u00f6tigen sehr viel Zeit und jahrelanges Know-How, zeigen aber auf, dass h\u00f6chste Qualit\u00e4t und Tradition f\u00fcr uns ein Selbstverst\u00e4ndnis ist.<br \/>\n100% NATURKAUTSCHUK<\/p>\n<p>RUTSCHFEST &amp; ROBUST\u00a0&#8211; Die Lamellen unserer patentierten Naturkautschuk-Sohle garantieren einen festen Stand und sind \u00e4u\u00dferst rutschsicher. Die Zwischensohle aus reiner Schurwolle ist mit kleinen Luftkammern ausgestattet &#8211; so erzeugen wir ein weiches Bett und es entsteht ein Gef\u00fchl des Barfu\u00dfgehens.<\/p>\n<p><b>Audio-Beschreibung<\/b><br \/><audio controls src=\"https:\/\/schuhewiebarfuss.at\/shop\/wp-content\/uploads\/lk\/6237_audio.wav\"><br \/>\n                                            Ihr Browser unterst\u00fctzt diese Audio-Ausgabe leider nicht.<br \/>\n                                            <\/ audio ><\/p>\n","protected":false},"excerpt":{"rendered":"<p>Obermaterial: Baumwolle<br \/>\nInnenmaterial:Baumwolle<br \/>\nInnensohle:Baumwolle<br \/>\nSohle:Naturkautschuk<br \/>\nSchuhspitze: Rund<br \/>\nVerschluss: Slip on<br \/>\nDetails: Elastisch<\/p>\n","protected":false},"featured_media":473041,"comment_status":"open","ping_status":"closed","template":"","meta":[],"product_brand":[],"product_cat":[843],"product_tag":[1392,1393,1394,1395,1396,1397,1398,1399,1400,1401,1402,1403,1404,2445,1382],"class_list":{"0":"post-473042","1":"product","2":"type-product","3":"status-publish","4":"has-post-thumbnail","6":"product_cat-hausschuhe-3","7":"product_tag-groesse-23","8":"product_tag-groesse-24","9":"product_tag-groesse-25","10":"product_tag-groesse-26","11":"product_tag-groesse-27","12":"product_tag-groesse-28","13":"product_tag-groesse-29","14":"product_tag-groesse-30","15":"product_tag-groesse-31","16":"product_tag-groesse-32","17":"product_tag-groesse-33","18":"product_tag-groesse-34","19":"product_tag-groesse-35","20":"product_tag-marke-nanga","21":"product_tag-neu","23":"first","24":"instock","25":"taxable","26":"shipping-taxable","27":"purchasable","28":"product-type-variable"},"_links":{"self":[{"href":"https:\/\/schuhewiebarfuss.at\/shop\/wp-json\/wp\/v2\/product\/473042","targetHints":{"allow":["GET"]}}],"collection":[{"href":"https:\/\/schuhewiebarfuss.at\/shop\/wp-json\/wp\/v2\/product"}],"about":[{"href":"https:\/\/schuhewiebarfuss.at\/shop\/wp-json\/wp\/v2\/types\/product"}],"replies":[{"embeddable":true,"href":"https:\/\/schuhewiebarfuss.at\/shop\/wp-json\/wp\/v2\/comments?post=473042"}],"wp:featuredmedia":[{"embeddable":true,"href":"https:\/\/schuhewiebarfuss.at\/shop\/wp-json\/wp\/v2\/media\/473041"}],"wp:attachment":[{"href":"https:\/\/schuhewiebarfuss.at\/shop\/wp-json\/wp\/v2\/media?parent=473042"}],"wp:term":[{"taxonomy":"product_brand","embeddable":true,"href":"https:\/\/schuhewiebarfuss.at\/shop\/wp-json\/wp\/v2\/product_brand?post=473042"},{"taxonomy":"product_cat","embeddable":true,"href":"https:\/\/schuhewiebarfuss.at\/shop\/wp-json\/wp\/v2\/product_cat?post=473042"},{"taxonomy":"product_tag","embeddable":true,"href":"https:\/\/schuhewiebarfuss.at\/shop\/wp-json\/wp\/v2\/product_tag?post=473042"}],"curies":[{"name":"wp","href":"https:\/\/api.w.org\/{rel}","templated":true}]}}