{"id":473010,"date":"2024-04-05T09:48:29","date_gmt":"2024-04-05T07:48:29","guid":{"rendered":"https:\/\/schuhewiebarfuss.at\/shop\/produkt\/sandburg-dunkelblau-weiss\/"},"modified":"2026-03-13T20:27:10","modified_gmt":"2026-03-13T19:27:10","slug":"sandburg-dunkelblau-weiss","status":"publish","type":"product","link":"https:\/\/schuhewiebarfuss.at\/shop\/produkt\/sandburg-dunkelblau-weiss\/","title":{"rendered":"Sandburg Dunkelblau\/Wei\u00df"},"content":{"rendered":"<p>Diese s\u00fc\u00dfen Slipper sind tolle Hausschuhe f\u00fcr Krippe und Kindergarten, aber nat\u00fcrlich auch f\u00fcr zu Hause! Dank dem breiten Gummi passen sie sich den meisten Fu\u00dfformen problemlos an. Sie sind weich und leicht, atmungsaktiv und nat\u00fcrlich oberniedlich.\u00a0Das klassische Design mit Streifen gef\u00e4llt allen Kindern und l\u00e4\u00dft sich prima kombinieren.\u00a0<\/p>\n<p><b>Audio-Beschreibung<\/b><br \/><audio controls src=\"https:\/\/schuhewiebarfuss.at\/shop\/wp-content\/uploads\/lk\/5261_audio.wav\"><br \/>\n                                            Ihr Browser unterst\u00fctzt diese Audio-Ausgabe leider nicht.<br \/>\n                                            <\/ audio ><\/p>\n","protected":false},"excerpt":{"rendered":"<p>super leichter und weicher Schuh<br \/>\nrutschhemmende Sohle mit Latex \u00dcberzug<br \/>\nmit Gummizug<br \/>\naus 100% Bio-Baumwolle<br \/>\nSohle aus 100% Naturkautschuk (Latex)<br \/>\nblau mit Streifen<br \/>\nwaschbar bei 30\u00b0 im W\u00e4schebeutel\u00a0<\/p>\n","protected":false},"featured_media":473009,"comment_status":"open","ping_status":"closed","template":"","meta":[],"product_brand":[],"product_cat":[843],"product_tag":[1385,1390,1391,1392,1393,1394,1395,1396,1397,1398,1399,1400,1401,1402,1403,1404,1362,1368,1373,2445,1360],"class_list":{"0":"post-473010","1":"product","2":"type-product","3":"status-publish","4":"has-post-thumbnail","6":"product_cat-hausschuhe-3","7":"product_tag-groesse-20","8":"product_tag-groesse-21","9":"product_tag-groesse-22","10":"product_tag-groesse-23","11":"product_tag-groesse-24","12":"product_tag-groesse-25","13":"product_tag-groesse-26","14":"product_tag-groesse-27","15":"product_tag-groesse-28","16":"product_tag-groesse-29","17":"product_tag-groesse-30","18":"product_tag-groesse-31","19":"product_tag-groesse-32","20":"product_tag-groesse-33","21":"product_tag-groesse-34","22":"product_tag-groesse-35","23":"product_tag-groesse-36","24":"product_tag-groesse-37","25":"product_tag-groesse-38","26":"product_tag-marke-nanga","27":"product_tag-standard","29":"first","30":"instock","31":"taxable","32":"shipping-taxable","33":"purchasable","34":"product-type-variable"},"_links":{"self":[{"href":"https:\/\/schuhewiebarfuss.at\/shop\/wp-json\/wp\/v2\/product\/473010","targetHints":{"allow":["GET"]}}],"collection":[{"href":"https:\/\/schuhewiebarfuss.at\/shop\/wp-json\/wp\/v2\/product"}],"about":[{"href":"https:\/\/schuhewiebarfuss.at\/shop\/wp-json\/wp\/v2\/types\/product"}],"replies":[{"embeddable":true,"href":"https:\/\/schuhewiebarfuss.at\/shop\/wp-json\/wp\/v2\/comments?post=473010"}],"wp:featuredmedia":[{"embeddable":true,"href":"https:\/\/schuhewiebarfuss.at\/shop\/wp-json\/wp\/v2\/media\/473009"}],"wp:attachment":[{"href":"https:\/\/schuhewiebarfuss.at\/shop\/wp-json\/wp\/v2\/media?parent=473010"}],"wp:term":[{"taxonomy":"product_brand","embeddable":true,"href":"https:\/\/schuhewiebarfuss.at\/shop\/wp-json\/wp\/v2\/product_brand?post=473010"},{"taxonomy":"product_cat","embeddable":true,"href":"https:\/\/schuhewiebarfuss.at\/shop\/wp-json\/wp\/v2\/product_cat?post=473010"},{"taxonomy":"product_tag","embeddable":true,"href":"https:\/\/schuhewiebarfuss.at\/shop\/wp-json\/wp\/v2\/product_tag?post=473010"}],"curies":[{"name":"wp","href":"https:\/\/api.w.org\/{rel}","templated":true}]}}