{"id":472934,"date":"2024-04-05T08:15:37","date_gmt":"2024-04-05T06:15:37","guid":{"rendered":"https:\/\/schuhewiebarfuss.at\/shop\/produkt\/froddo-track\/"},"modified":"2026-04-09T22:01:15","modified_gmt":"2026-04-09T20:01:15","slug":"froddo-track","status":"publish","type":"product","link":"https:\/\/schuhewiebarfuss.at\/shop\/produkt\/froddo-track\/","title":{"rendered":"Froddo Track"},"content":{"rendered":"<p>Sportliches Design f\u00fcr kleine Entdecker mit kinderleichtem Verschluss zum Selber Anziehen.<br \/>\nBreitere Zehenbox sorgt f\u00fcr Stabilit\u00e4t beim Gehen. Kein Fersenabfall, extra flexible Thermogummi-Au\u00dfensohle, flache, herausnehmbare antibakterielle Innensohle, ultraleicht und atmungsaktiv.<br \/>\nSportliches Design f\u00fcr kleine Entdecker mit kinderleichtem Verschluss zum Selber Anziehen. Sohle gerne nochmal kneten, wird danach und mit dem Tragen weicher.<\/p>\n<p>Obermaterial: Naturleder (wasserabweisend) + Textil \u2013 hochwertig und langlebig<br \/>\nFutter: chromfreies Leder<br \/>\nVerschluss: Gummiband, Schnellverschluss<br \/>\nEinlegesohle: herausnehmbare, antibakterielle Mikrofaser-Einlegesohle mit GRS-Zertifikat<br \/>\nAu\u00dfensohle: TR \u2013 extra Grip, ultraleicht, flexibel, rutschfest<br \/>\nKein Chrom VI<br \/>\nEigenschaften: normalbreite F\u00fc\u00dfe, niedriger Schaft<br \/>\nHergestellt in: Kroatien<\/p>\n<p>Wir empfehlen die Schuhe regelm\u00e4\u00dfig zu impr\u00e4gnieren!<\/p>\n<p><b>Audio-Beschreibung<\/b><br \/><audio controls src=\"https:\/\/schuhewiebarfuss.at\/shop\/wp-content\/uploads\/lk\/9480_audio.wav\"><br \/>\n                                            Ihr Browser unterst\u00fctzt diese Audio-Ausgabe leider nicht.<br \/>\n                                            <\/ audio ><\/p>\n","protected":false},"excerpt":{"rendered":"<p>Barfu\u00dfschuh Froddo TRACK<\/p>\n<p>Obermaterial: Naturleder und Textil<br \/>\nFutter: Leder<br \/>\nVerschluss: Schnellverschluss<br \/>\nEinlegesohle: herausnehmbare, Mikrofaser<br \/>\nAu\u00dfensohle: TR \u2013 extra Grip<br \/>\nKein Chrom VI<br \/>\nF\u00fcr normalbreite F\u00fc\u00dfe, mit niedrigem Schaft<\/p>\n","protected":false},"featured_media":514468,"comment_status":"open","ping_status":"closed","template":"","meta":[],"product_brand":[],"product_cat":[847],"product_tag":[1479,1427,1371,1570,1480,1394,1395,1396,1397,1398,1399,1400,1401,1402,1403,1404,2450],"class_list":{"0":"post-472934","1":"product","2":"type-product","3":"status-publish","4":"has-post-thumbnail","6":"product_cat-wanderschuhe-4","7":"product_tag-farbe-blau","8":"product_tag-farbe-gelb","9":"product_tag-farbe-grau","10":"product_tag-farbe-gruen","11":"product_tag-farbe-orange","12":"product_tag-groesse-25","13":"product_tag-groesse-26","14":"product_tag-groesse-27","15":"product_tag-groesse-28","16":"product_tag-groesse-29","17":"product_tag-groesse-30","18":"product_tag-groesse-31","19":"product_tag-groesse-32","20":"product_tag-groesse-33","21":"product_tag-groesse-34","22":"product_tag-groesse-35","23":"product_tag-marke-froddo-ivancia-d-d","25":"first","26":"instock","27":"taxable","28":"shipping-taxable","29":"purchasable","30":"product-type-variable"},"_links":{"self":[{"href":"https:\/\/schuhewiebarfuss.at\/shop\/wp-json\/wp\/v2\/product\/472934","targetHints":{"allow":["GET"]}}],"collection":[{"href":"https:\/\/schuhewiebarfuss.at\/shop\/wp-json\/wp\/v2\/product"}],"about":[{"href":"https:\/\/schuhewiebarfuss.at\/shop\/wp-json\/wp\/v2\/types\/product"}],"replies":[{"embeddable":true,"href":"https:\/\/schuhewiebarfuss.at\/shop\/wp-json\/wp\/v2\/comments?post=472934"}],"wp:featuredmedia":[{"embeddable":true,"href":"https:\/\/schuhewiebarfuss.at\/shop\/wp-json\/wp\/v2\/media\/514468"}],"wp:attachment":[{"href":"https:\/\/schuhewiebarfuss.at\/shop\/wp-json\/wp\/v2\/media?parent=472934"}],"wp:term":[{"taxonomy":"product_brand","embeddable":true,"href":"https:\/\/schuhewiebarfuss.at\/shop\/wp-json\/wp\/v2\/product_brand?post=472934"},{"taxonomy":"product_cat","embeddable":true,"href":"https:\/\/schuhewiebarfuss.at\/shop\/wp-json\/wp\/v2\/product_cat?post=472934"},{"taxonomy":"product_tag","embeddable":true,"href":"https:\/\/schuhewiebarfuss.at\/shop\/wp-json\/wp\/v2\/product_tag?post=472934"}],"curies":[{"name":"wp","href":"https:\/\/api.w.org\/{rel}","templated":true}]}}