{"id":472927,"date":"2024-04-05T08:12:40","date_gmt":"2024-04-05T06:12:40","guid":{"rendered":"https:\/\/schuhewiebarfuss.at\/shop\/produkt\/bare-steps-a83-sneaker\/"},"modified":"2026-04-09T22:02:11","modified_gmt":"2026-04-09T20:02:11","slug":"bare-steps-a83-k-bunt","status":"publish","type":"product","link":"https:\/\/schuhewiebarfuss.at\/shop\/produkt\/bare-steps-a83-k-bunt\/","title":{"rendered":"Bare Steps A83 K Bunt"},"content":{"rendered":"<p>Kombinieren Sie es mit Ihren Minis. Der Bare Steps\u2122 A83 Sneaker wurde im Retro-Stil passend zu Ihrem gefertigt und besteht aus umweltfreundlichen Materialien. Die gesamte Bare Steps\u2122-Kollektion wurde speziell f\u00fcr Kleinkinder entwickelt und bietet innovative Funktionen wie eine extra breite Zehenbox f\u00fcr die richtige Fu\u00dfentwicklung, ein flexibles Barfu\u00dfgef\u00fchl, alternative Verschl\u00fcsse f\u00fcr einfaches An- und Ausziehen sowie \u00fcberragende Flexibilit\u00e4t und Traktion. Bonus: Anti-Stink-Futter hilft, Ger\u00fcche zu reduzieren!<\/p>\n<p>MERKMALE<\/p>\n<p>Gr\u00f6\u00dfen: 21-27<\/p>\n<p>\u2022 Obermaterial aus Leder und Mesh f\u00fcr Atmungsaktivit\u00e4t und Haltbarkeit<br \/>\n\u2022 Praktischer Klettverschluss f\u00fcr eine gute Passform und einfaches An- und Ausziehen<br \/>\n\u2022 Extrabreiter Zehenbereich und Au\u00dfensohle mit abgerundeten Kanten erm\u00f6glichen eine optimale Fu\u00dfentwicklung<br \/>\n\u2022 Das Fu\u00dfbett besteht zu 10 % aus recyceltem EVA, w\u00e4hrend die Au\u00dfensohle zu 20 % aus recyceltem Gummi besteht<br \/>\n\u2022 Futter aus recyceltem PET<br \/>\n\u2022 Anti-Stink-Futter hilft, Ger\u00fcche zu reduzieren<br \/>\n\u2022 Multidirektionale Flexkerben in der Au\u00dfensohle f\u00fcr maximale Flexibilit\u00e4t<br \/>\n\u2022 Flexible, nicht abf\u00e4rbende Au\u00dfensohle mit extra Grip<\/p>\n<p><b>Audio-Beschreibung<\/b><br \/><audio controls src=\"https:\/\/schuhewiebarfuss.at\/shop\/wp-content\/uploads\/lk\/9491_audio.wav\"><br \/>\n                                            Ihr Browser unterst\u00fctzt diese Audio-Ausgabe leider nicht.<br \/>\n                                            <\/ audio ><\/p>\n","protected":false},"excerpt":{"rendered":"<p>Merrell BARE STEPS A83 Kinder<\/p>\n<p>Obermaterial: Leder und Mesh<br \/>\nInnenfutter: recyceltem PET<br \/>\nSohle: 20 % aus recyceltem Gummi<br \/>\nInnensohle: 10 % aus recyceltem EVA, nicht herausnehmbar<br \/>\nVeschluss: Klettverschluss<br \/>\nBesonderheiten: Anti-Stink-Futter, Flexible, nicht abf\u00e4rbende Au\u00dfensohle mit extra Grip, Multidirektionale Flexkerben, Extrabreiter Zehenbereich<\/p>\n","protected":false},"featured_media":521139,"comment_status":"open","ping_status":"closed","template":"","meta":[],"product_brand":[],"product_cat":[847],"product_tag":[1390,1391,1392,1393,1394,1395,1396,2468],"class_list":{"0":"post-472927","1":"product","2":"type-product","3":"status-publish","4":"has-post-thumbnail","6":"product_cat-wanderschuhe-4","7":"product_tag-groesse-21","8":"product_tag-groesse-22","9":"product_tag-groesse-23","10":"product_tag-groesse-24","11":"product_tag-groesse-25","12":"product_tag-groesse-26","13":"product_tag-groesse-27","14":"product_tag-marke-merrell","16":"first","17":"instock","18":"taxable","19":"shipping-taxable","20":"purchasable","21":"product-type-variable"},"_links":{"self":[{"href":"https:\/\/schuhewiebarfuss.at\/shop\/wp-json\/wp\/v2\/product\/472927","targetHints":{"allow":["GET"]}}],"collection":[{"href":"https:\/\/schuhewiebarfuss.at\/shop\/wp-json\/wp\/v2\/product"}],"about":[{"href":"https:\/\/schuhewiebarfuss.at\/shop\/wp-json\/wp\/v2\/types\/product"}],"replies":[{"embeddable":true,"href":"https:\/\/schuhewiebarfuss.at\/shop\/wp-json\/wp\/v2\/comments?post=472927"}],"wp:featuredmedia":[{"embeddable":true,"href":"https:\/\/schuhewiebarfuss.at\/shop\/wp-json\/wp\/v2\/media\/521139"}],"wp:attachment":[{"href":"https:\/\/schuhewiebarfuss.at\/shop\/wp-json\/wp\/v2\/media?parent=472927"}],"wp:term":[{"taxonomy":"product_brand","embeddable":true,"href":"https:\/\/schuhewiebarfuss.at\/shop\/wp-json\/wp\/v2\/product_brand?post=472927"},{"taxonomy":"product_cat","embeddable":true,"href":"https:\/\/schuhewiebarfuss.at\/shop\/wp-json\/wp\/v2\/product_cat?post=472927"},{"taxonomy":"product_tag","embeddable":true,"href":"https:\/\/schuhewiebarfuss.at\/shop\/wp-json\/wp\/v2\/product_tag?post=472927"}],"curies":[{"name":"wp","href":"https:\/\/api.w.org\/{rel}","templated":true}]}}