{"id":472903,"date":"2024-04-05T07:54:24","date_gmt":"2024-04-05T05:54:24","guid":{"rendered":"https:\/\/schuhewiebarfuss.at\/shop\/produkt\/wellies\/"},"modified":"2026-04-15T18:51:37","modified_gmt":"2026-04-15T16:51:37","slug":"wellies","status":"publish","type":"product","link":"https:\/\/schuhewiebarfuss.at\/shop\/produkt\/wellies\/","title":{"rendered":"Wellies"},"content":{"rendered":"<p>Rein in die Pf\u00fctze und einfach nur Spa\u00df haben.<\/p>\n<p>Wenn es drau\u00dfen nass ist, brauchen Deine Kinder alternativ Barfu\u00dfschuhe wie die Gummistiefel mit breiter Zehenbox von Koel Shoes, die die F\u00fc\u00dfe trocken halten.<br \/>\nDie Koel Wellie Kinder Gummistiefel garantieren Trockenheit bei jedem Regenwetter.<\/p>\n<p>Details der Koel Shoes &#8211; Wellie Bare &#8211; Kinder Gummistiefel blau :<\/p>\n<p>    Obermaterial: 100% Naturkautschuk<br \/>\n    Innenmaterial: 65% Polyester, 35% Baumwolle<br \/>\n    super flexibel v\u00f6llig flach, keine Fersensprengung<br \/>\n    ergonomische Form<br \/>\n    Reflektoren an der Ferse<\/p>\n<p>Was die Koel Shoes &#8211; Wellie Bare &#8211; Kinder Gummistiefel f\u00fcr Kinder sonst noch auszeichnet:<\/p>\n<p>&#8211; sehr breite Zehenbox wie herk\u00f6mmlichen Gummistiefeln<br \/>\n&#8211; dem Wasserspa\u00df steht beim Spielen nichts im Wege<br \/>\n&#8211; wenn dein Kind sich hinhocken m\u00f6chte, ist das durch das weichere Obermaterial deutlich einfacher als mit normalen Gummistiefeln<br \/>\n&#8211; Ideal f\u00fcr den Waldkindergarten<br \/>\n&#8211; die 100%ige Wasserdichtigkeit<br \/>\n&#8211; Null Absatz f\u00fcr gute K\u00f6rperhaltung<br \/>\n&#8211; die Schafth\u00f6he der Schuhe ist knapp 13 cm (5\u201c) hoch.<br \/>\n&#8211; der Tragekomfort wird durch das geringe Gewicht nochmals verbessert.<br \/>\n&#8211; die Innensohle ist herausnehmbar.gemessen &#8211; Die Innensohle ist von Kante zu Kante gemessen an der l\u00e4ngsten Stelle so lang (minimale Abweichungen k\u00f6nnen aufgrund aus produktionsbedingten Gr\u00fcnden auftreten &#8211; diese bewegen sich aber im mm-Bereich)<\/p>\n<p>Innensohle &#8211; L\u00e4nge\/Breite (mm):<\/p>\n<p>Gr\u00f6\u00dfe: 22 &#8211; L\u00e4nge: 151 mm &#8211; Breite: 66 mm<br \/>\nGr\u00f6\u00dfe: 23 &#8211; L\u00e4nge: 160 mm &#8211; Breite: 67 mm<br \/>\nGr\u00f6\u00dfe: 24 &#8211; L\u00e4nge: 165 mm &#8211; Breite: 68 mm<br \/>\nGr\u00f6\u00dfe: 25 &#8211; L\u00e4nge: 172 mm &#8211; Breite: 69 mm<br \/>\nGr\u00f6\u00dfe: 26 &#8211; L\u00e4nge: 180 mm &#8211; Breite: 70 mm<br \/>\nGr\u00f6\u00dfe: 27 &#8211; L\u00e4nge: 187 mm &#8211; Breite: 73 mm<br \/>\nGr\u00f6\u00dfe: 28 &#8211; L\u00e4nge: 192 mm &#8211; Breite: 73 mm<br \/>\nGr\u00f6\u00dfe: 29 &#8211; L\u00e4nge: 198 mm &#8211; Breite: 74 mm<br \/>\nGr\u00f6\u00dfe: 30 &#8211; L\u00e4nge: 205 mm &#8211; Breite: 76 mm<br \/>\nGr\u00f6\u00dfe: 31 &#8211; L\u00e4nge: 211 mm &#8211; Breite: 78 mm<br \/>\nGr\u00f6\u00dfe: 32 &#8211; L\u00e4nge: 218 mm &#8211; Breite: 80 mm<\/p>\n<p>Wichtiger Hinweis!<br \/>\nSetzen Sie dieses Produkt keinen hohen Temperaturen und Heizger\u00e4ten aus.<\/p>\n<p><b>Audio-Beschreibung<\/b><br \/><audio controls src=\"https:\/\/schuhewiebarfuss.at\/shop\/wp-content\/uploads\/lk\/6344_audio.wav\"><br \/>\n                                            Ihr Browser unterst\u00fctzt diese Audio-Ausgabe leider nicht.<br \/>\n                                            <\/ audio ><\/p>\n","protected":false},"excerpt":{"rendered":"<p>Koel WELLIES Gummistiefel<\/p>\n<p>Passend dazu gibt es den w\u00e4rmenden &#8222;Wellie Bare Sock&#8220; Innensock f\u00fcr die kalten Tage seperat erh\u00e4ltlich!<\/p>\n<p>Obermaterial: Gummi<br \/>\nInnenmaterial: Textilfutter<br \/>\nInnensohle: Textileinlegesohle<br \/>\nSohle: Gummisohle<br \/>\nVerschluss: kein Verschluss<br \/>\nSchl\u00fcpfer<\/p>\n","protected":false},"featured_media":497424,"comment_status":"open","ping_status":"closed","template":"","meta":[],"product_brand":[],"product_cat":[856],"product_tag":[3084,1570,1481,3163,1651,1391,1392,1393,1394,1395,1396,1397,1398,1399,1400,1401,1402,1403,1404,2778],"class_list":{"0":"post-472903","1":"product","2":"type-product","3":"status-publish","4":"has-post-thumbnail","6":"product_cat-damen-2","7":"product_tag-farbe-green-flower","8":"product_tag-farbe-gruen","9":"product_tag-farbe-pink","10":"product_tag-farbe-tractor-blue","11":"product_tag-farbe-weiss","12":"product_tag-groesse-22","13":"product_tag-groesse-23","14":"product_tag-groesse-24","15":"product_tag-groesse-25","16":"product_tag-groesse-26","17":"product_tag-groesse-27","18":"product_tag-groesse-28","19":"product_tag-groesse-29","20":"product_tag-groesse-30","21":"product_tag-groesse-31","22":"product_tag-groesse-32","23":"product_tag-groesse-33","24":"product_tag-groesse-34","25":"product_tag-groesse-35","26":"product_tag-marke-koel-shoes-international","28":"first","29":"instock","30":"taxable","31":"shipping-taxable","32":"purchasable","33":"product-type-variable"},"_links":{"self":[{"href":"https:\/\/schuhewiebarfuss.at\/shop\/wp-json\/wp\/v2\/product\/472903","targetHints":{"allow":["GET"]}}],"collection":[{"href":"https:\/\/schuhewiebarfuss.at\/shop\/wp-json\/wp\/v2\/product"}],"about":[{"href":"https:\/\/schuhewiebarfuss.at\/shop\/wp-json\/wp\/v2\/types\/product"}],"replies":[{"embeddable":true,"href":"https:\/\/schuhewiebarfuss.at\/shop\/wp-json\/wp\/v2\/comments?post=472903"}],"wp:featuredmedia":[{"embeddable":true,"href":"https:\/\/schuhewiebarfuss.at\/shop\/wp-json\/wp\/v2\/media\/497424"}],"wp:attachment":[{"href":"https:\/\/schuhewiebarfuss.at\/shop\/wp-json\/wp\/v2\/media?parent=472903"}],"wp:term":[{"taxonomy":"product_brand","embeddable":true,"href":"https:\/\/schuhewiebarfuss.at\/shop\/wp-json\/wp\/v2\/product_brand?post=472903"},{"taxonomy":"product_cat","embeddable":true,"href":"https:\/\/schuhewiebarfuss.at\/shop\/wp-json\/wp\/v2\/product_cat?post=472903"},{"taxonomy":"product_tag","embeddable":true,"href":"https:\/\/schuhewiebarfuss.at\/shop\/wp-json\/wp\/v2\/product_tag?post=472903"}],"curies":[{"name":"wp","href":"https:\/\/api.w.org\/{rel}","templated":true}]}}