{"id":472861,"date":"2024-04-05T07:36:13","date_gmt":"2024-04-05T05:36:13","guid":{"rendered":"https:\/\/schuhewiebarfuss.at\/shop\/produkt\/denis\/"},"modified":"2026-04-17T18:21:36","modified_gmt":"2026-04-17T16:21:36","slug":"denis","status":"publish","type":"product","link":"https:\/\/schuhewiebarfuss.at\/shop\/produkt\/denis\/","title":{"rendered":"Denis"},"content":{"rendered":"<p>Die Kid&#8217;s Denis von Koel sind bequeme Barfu\u00dfschuhe aus hochwertigen Materialien. Die Halbschuhe sind mit praktischen Klettverschlussriemen ausgestattet, die das An- und Ausziehen kinderleicht machen.<\/p>\n<p>Zudem sind die Schuhe mit einer weichen, mit Leder bezogenen Innensohle ausgestattet, die sich herausnehmen l\u00e4sst. Mit ihr ist alles noch komfortabler. Die Gummisohle ist weich und flexibel. Au\u00dferdem hat sie keinen Absatz und keinerlei Erh\u00f6hungen im Mittelfu\u00df oder im Fersenbereich. Das ist genau das, was Barfu\u00dfschuhe auszeichnet.<\/p>\n<p>Im Zehenbereich ist die Sohle als Schutzkante etwas hochgezogen. Das sch\u00fctzt die Zehen und macht die Schuhe langlebiger gegen Abrieb. Zwei helle Zierstreifen auf jedem Schuh machen diese Barfu\u00dfschuhe zu einem echten Hingucker und verleihen dem Ganzen einen sportlichen Look.<\/p>\n<p>Das Obermaterial besteht aus einer glatten Haptik mit nat\u00fcrlicher Narbenstruktur und biete dadurch eine gewisse Wasserbest\u00e4ndigkeit, die es dem Leder erm\u00f6glicht, die F\u00fc\u00dfe lange trocken zu halten. Es ist ein langlebiges, atmungsaktives und nachhaltiges Material.<br \/>\nGerbung und Veredelung erfolgen gem\u00e4\u00df den europ\u00e4ischen REACH-Vorschriften und werden von einer LWG-zertifizierten Gerberei (Leather Working Group) hergestellt.<\/p>\n<p>Materialdetails:<\/p>\n<p>Obermaterial: Nappaleder, Wildleder<br \/>\nInnenfutter: chromfrei gegerbtes Leder<br \/>\nSohle: Gummisohle<br \/>\nInnensohle: recyceltes Leder, herausnehmbar<br \/>\nAbsatz: Nullabsatz<br \/>\nVerschluss: Klettverschluss<br \/>\nBesonderheiten: niedrig geschnitten, wei\u00dfe Lederstreifen (sportliche Optik), ultra flexibel<br \/>\nMaterialhinweis: Metallringe Nickelfrei, enth\u00e4lt LWG-zertifiziertes Leder, enth\u00e4lt chromfrei gegerbte Materialien<br \/>\nHergestellt in Portugal<\/p>\n<p>Pflege<\/p>\n<p>Vorbeugende Sonneneinstrahlung und st\u00e4ndiger Kontakt mit Fl\u00fcssigkeiten \u00fcber einen l\u00e4ngeren Zeitraum. Geschieht dies nicht, kann es aufgrund der Beschaffenheit des Leders zu Verf\u00e4rbungen kommen. <\/p>\n<p>Pflegen und impr\u00e4gnieren sie das Leder regelm\u00e4\u00dfig! <\/p>\n<p>Zum s\u00e4ubern der Schuhe verwenden Sie ein mit Naturseife angefeuchtetes Baumwolltuch und wischen Sie damit sanft \u00fcber die gesamte Oberfl\u00e4che. Lassen Sie es trocknen, ohne es direkt der Sonne auszusetzen.<\/p>\n<p>Innensohle &#8211; L\u00e4nge\/Breite (mm):<\/p>\n<p>Gr\u00f6\u00dfe: 23 &#8211; L\u00e4nge: 150 mm &#8211; Breite (Zehen): 66 mm<br \/>\nGr\u00f6\u00dfe: 24 &#8211; L\u00e4nge: 155 mm &#8211; Breite (Zehen): 66 mm<br \/>\nGr\u00f6\u00dfe: 25 &#8211; L\u00e4nge: 165 mm &#8211; Breite (Zehen): 67 mm<br \/>\nGr\u00f6\u00dfe: 26 &#8211; L\u00e4nge: 175 mm &#8211; Breite (Zehen): 69 mm<br \/>\nGr\u00f6\u00dfe: 27 &#8211; L\u00e4nge: 180 mm &#8211; Breite (Zehen): 70 mm<br \/>\nGr\u00f6\u00dfe: 28 &#8211; L\u00e4nge: 186 mm &#8211; Breite (Zehen): 70 mm<br \/>\nGr\u00f6\u00dfe: 29 &#8211; L\u00e4nge: 190 mm &#8211; Breite (Zehen): 72 mm<br \/>\nGr\u00f6\u00dfe: 30 &#8211; L\u00e4nge: 200 mm &#8211; Breite (Zehen): 74 mm<br \/>\nGr\u00f6\u00dfe: 31 &#8211; L\u00e4nge: 206 mm &#8211; Breite (Zehen): 76 mm<br \/>\nGr\u00f6\u00dfe: 32 &#8211; L\u00e4nge: 215 mm &#8211; Breite (Zehen): 76 mm<br \/>\nGr\u00f6\u00dfe: 33 &#8211; L\u00e4nge: 220 mm &#8211; Breite (Zehen): 78 mm<\/p>\n<p><b>Audio-Beschreibung<\/b><br \/><audio controls src=\"https:\/\/schuhewiebarfuss.at\/shop\/wp-content\/uploads\/lk\/9462_audio.wav\"><br \/>\n                                            Ihr Browser unterst\u00fctzt diese Audio-Ausgabe leider nicht.<br \/>\n                                            <\/ audio ><\/p>\n","protected":false},"excerpt":{"rendered":"<p>Koel Shoes DENIS Kinder-Sneaker<\/p>\n<p>Obermaterial: Glattleder und Rauleder<br \/>\nInnenfutter: Leder (chromfrei)<br \/>\nSohle: Gummisohle<br \/>\nInnensohle: Leder, herausnehmbar<br \/>\nAbsatz: Nullabsatz<br \/>\nVerschluss: Klettverschluss<br \/>\nHergestellt in Portugal<\/p>\n","protected":false},"featured_media":547062,"comment_status":"open","ping_status":"closed","template":"","meta":[],"product_brand":[],"product_cat":[845],"product_tag":[1479,1544,1570,2639,1480,1481,1600,1392,1393,1394,1395,1396,1397,1398,1399,1400,1401,1402,2778],"class_list":{"0":"post-472861","1":"product","2":"type-product","3":"status-publish","4":"has-post-thumbnail","6":"product_cat-lifestyle-1","7":"product_tag-farbe-blau","8":"product_tag-farbe-braun","9":"product_tag-farbe-gruen","10":"product_tag-farbe-olive","11":"product_tag-farbe-orange","12":"product_tag-farbe-pink","13":"product_tag-farbe-rot","14":"product_tag-groesse-23","15":"product_tag-groesse-24","16":"product_tag-groesse-25","17":"product_tag-groesse-26","18":"product_tag-groesse-27","19":"product_tag-groesse-28","20":"product_tag-groesse-29","21":"product_tag-groesse-30","22":"product_tag-groesse-31","23":"product_tag-groesse-32","24":"product_tag-groesse-33","25":"product_tag-marke-koel-shoes-international","27":"first","28":"instock","29":"taxable","30":"shipping-taxable","31":"purchasable","32":"product-type-variable"},"_links":{"self":[{"href":"https:\/\/schuhewiebarfuss.at\/shop\/wp-json\/wp\/v2\/product\/472861","targetHints":{"allow":["GET"]}}],"collection":[{"href":"https:\/\/schuhewiebarfuss.at\/shop\/wp-json\/wp\/v2\/product"}],"about":[{"href":"https:\/\/schuhewiebarfuss.at\/shop\/wp-json\/wp\/v2\/types\/product"}],"replies":[{"embeddable":true,"href":"https:\/\/schuhewiebarfuss.at\/shop\/wp-json\/wp\/v2\/comments?post=472861"}],"wp:featuredmedia":[{"embeddable":true,"href":"https:\/\/schuhewiebarfuss.at\/shop\/wp-json\/wp\/v2\/media\/547062"}],"wp:attachment":[{"href":"https:\/\/schuhewiebarfuss.at\/shop\/wp-json\/wp\/v2\/media?parent=472861"}],"wp:term":[{"taxonomy":"product_brand","embeddable":true,"href":"https:\/\/schuhewiebarfuss.at\/shop\/wp-json\/wp\/v2\/product_brand?post=472861"},{"taxonomy":"product_cat","embeddable":true,"href":"https:\/\/schuhewiebarfuss.at\/shop\/wp-json\/wp\/v2\/product_cat?post=472861"},{"taxonomy":"product_tag","embeddable":true,"href":"https:\/\/schuhewiebarfuss.at\/shop\/wp-json\/wp\/v2\/product_tag?post=472861"}],"curies":[{"name":"wp","href":"https:\/\/api.w.org\/{rel}","templated":true}]}}