{"id":472851,"date":"2024-04-05T07:29:47","date_gmt":"2024-04-05T05:29:47","guid":{"rendered":"https:\/\/schuhewiebarfuss.at\/shop\/produkt\/otter-tex\/"},"modified":"2026-03-01T18:03:44","modified_gmt":"2026-03-01T17:03:44","slug":"otter-tex","status":"publish","type":"product","link":"https:\/\/schuhewiebarfuss.at\/shop\/produkt\/otter-tex\/","title":{"rendered":"Otter TEX"},"content":{"rendered":"<p>Unser leichter und atmungsaktiver \u00dcbergangsschuh OTTER wurde kreiert, um auch unseren kleinsten Fans einen perfekten Begleiter f\u00fcr ihre ersten Entdeckungen drau\u00dfen zu erm\u00f6glichen. Eine rutschfeste Sohle, die dennoch vollkommen flexibel ist, bietet sicheren Halt und der einfache Klettverschluss erleichtert den Umgang mit den Schuhen, sodass die Schuhe ganz einfach alleine angezogen werden k\u00f6nnen. Au\u00dferdem ist dieses Modell extra mit einer TEX-Membran ausgestattet, damit die Abenteuer auf keine Grenzen sto\u00dfen: Ob Regen oder Sonnenschein, unsere Tex-Membran h\u00e4lt die F\u00fc\u00dfe gesch\u00fctzt. Sie ist wasserabweisend und sch\u00fctzt vor Feuchtigkeit, w\u00e4hrend sie gleichzeitig die Luftzirkulation erm\u00f6glicht. Egal, ob Pf\u00fctzenspringen oder \u00fcber nasses Gras &#8211; Ihre F\u00fc\u00dfe bleiben angenehm trocken! Eine gesunde Entwicklung der F\u00fc\u00dfe der Kinder ist uns besonders wichtig, daher beh\u00e4lt der Schuh nat\u00fcrlich garantierte Flexibilit\u00e4t und absolutes Barfu\u00dfgef\u00fchl. <\/p>\n<p>Verschlussart: Klett<br \/>\nPassform: Mittel<br \/>\nFunktion:\tatmungsaktiv, pflegeleicht, wasserfest (TEX-Membran)<br \/>\nFutter: Synthetikfasern (atmungsaktiv)<br \/>\nObermaterial: Bio-Nappaleder<br \/>\nLaufsohle: Gummi (60% synth.\/40% organic)<br \/>\nInnensohle: Synthetikfasern (atmungsaktiv)<\/p>\n<p>Bio-Leder<br \/>\nBei unserem Lederfutter, welches oft direkt auf unserer Haut getragen wird, gehen wir keine Kompromisse ein und verwenden ausschlie\u00dflich rein pflanzlich gegerbtes Bioleder. Dieses ist ressourcenschonender und umweltfreundlicher als Leder aus einer konventionellen Produktion. Unsere &#8222;Bio-Linie&#8220; besteht auch im Obermaterial komplett aus pflanzlich gegerbtem Bioleder.<\/p>\n<p><b>Audio-Beschreibung<\/b><br \/><audio controls src=\"https:\/\/schuhewiebarfuss.at\/shop\/wp-content\/uploads\/lk\/9494_audio.wav\"><br \/>\n                                            Ihr Browser unterst\u00fctzt diese Audio-Ausgabe leider nicht.<br \/>\n                                            <\/ audio ><\/p>\n","protected":false},"excerpt":{"rendered":"<p>Barfu\u00dfschuh bLIFESTYLE OTTER TEX<\/p>\n<p>Obermaterial: Bio-Nappaleder<br \/>\nFutter: Synthetikfasern<br \/>\nLaufsohle: Gummi<br \/>\nInnensohle: Synthetikfasern<br \/>\nPassform: Mittel<br \/>\nVerschlussart: Klett<br \/>\nAtmungsaktiv<br \/>\nPflegeleicht<br \/>\nWasserfest<\/p>\n","protected":false},"featured_media":514919,"comment_status":"open","ping_status":"closed","template":"","meta":[],"product_brand":[],"product_cat":[3121],"product_tag":[1371,1570,1385,1390,1391,1392,1393,1394,1395,2447,1450],"class_list":{"0":"post-472851","1":"product","2":"type-product","3":"status-publish","4":"has-post-thumbnail","6":"product_cat-sale","7":"product_tag-farbe-grau","8":"product_tag-farbe-gruen","9":"product_tag-groesse-20","10":"product_tag-groesse-21","11":"product_tag-groesse-22","12":"product_tag-groesse-23","13":"product_tag-groesse-24","14":"product_tag-groesse-25","15":"product_tag-groesse-26","16":"product_tag-marke-blifestyle","17":"product_tag-sale","19":"first","20":"instock","21":"sale","22":"taxable","23":"shipping-taxable","24":"purchasable","25":"product-type-variable"},"_links":{"self":[{"href":"https:\/\/schuhewiebarfuss.at\/shop\/wp-json\/wp\/v2\/product\/472851","targetHints":{"allow":["GET"]}}],"collection":[{"href":"https:\/\/schuhewiebarfuss.at\/shop\/wp-json\/wp\/v2\/product"}],"about":[{"href":"https:\/\/schuhewiebarfuss.at\/shop\/wp-json\/wp\/v2\/types\/product"}],"replies":[{"embeddable":true,"href":"https:\/\/schuhewiebarfuss.at\/shop\/wp-json\/wp\/v2\/comments?post=472851"}],"wp:featuredmedia":[{"embeddable":true,"href":"https:\/\/schuhewiebarfuss.at\/shop\/wp-json\/wp\/v2\/media\/514919"}],"wp:attachment":[{"href":"https:\/\/schuhewiebarfuss.at\/shop\/wp-json\/wp\/v2\/media?parent=472851"}],"wp:term":[{"taxonomy":"product_brand","embeddable":true,"href":"https:\/\/schuhewiebarfuss.at\/shop\/wp-json\/wp\/v2\/product_brand?post=472851"},{"taxonomy":"product_cat","embeddable":true,"href":"https:\/\/schuhewiebarfuss.at\/shop\/wp-json\/wp\/v2\/product_cat?post=472851"},{"taxonomy":"product_tag","embeddable":true,"href":"https:\/\/schuhewiebarfuss.at\/shop\/wp-json\/wp\/v2\/product_tag?post=472851"}],"curies":[{"name":"wp","href":"https:\/\/api.w.org\/{rel}","templated":true}]}}