{"id":472840,"date":"2024-04-05T02:12:03","date_gmt":"2024-04-05T00:12:03","guid":{"rendered":"https:\/\/schuhewiebarfuss.at\/shop\/produkt\/froddo-canvas-vegan\/"},"modified":"2026-03-11T21:31:34","modified_gmt":"2026-03-11T20:31:34","slug":"froddo-canvas-vegan","status":"publish","type":"product","link":"https:\/\/schuhewiebarfuss.at\/shop\/produkt\/froddo-canvas-vegan\/","title":{"rendered":"Froddo Canvas Vegan"},"content":{"rendered":"<p>Ein ganz leichter veganer Sneaker f\u00fcr den Fr\u00fchling von Froddo. Die Sohle ist einem nat\u00fcrlichem Fu\u00df nachempfunden: Viel Platz f\u00fcr die Zehen und dazu noch sehr flexibel. Die beste Umgebung f\u00fcr eine nat\u00fcrliche Fu\u00dfentwicklung. Zwei Klettverschl\u00fcsse erm\u00f6glichen ein kinderleichtes auf- und zumachen. Diese flexiblen Sneaker aus der Froddo Barfu\u00dfserie eignen sich perfekt zum Spielen und Toben und lassen den Kinderf\u00fc\u00dfen den Platz, den sie brauchen. Durch das Obermaterial aus Bio-Baumwolle sind sie atmungsaktiv und sehr angenehm zu tragen. Alle drei Eigenschaften eines echten Barfu\u00dfschuhes sind hier toll ausgepr\u00e4gt: bodengleich von vorne bis hinten \u2013 Null Absatz, eine richtig angenehm gro\u00dfe Zehenbox und eine d\u00fcnne flexible Sohle, die jede Bewegung des Kinderfu\u00dfes mitmacht. Und zwar so, dass der Fu\u00df arbeiten muss, und nicht der Schuh eine besondere Unterst\u00fctzung bietet \u2013 einfach, nat\u00fcrlich, minimal.<\/p>\n<p>Breitere Zehenbox sorgt f\u00fcr Stabilit\u00e4t beim Gehen. Kein Absinken der Ferse, extra flexible Gummiau\u00dfensohle und herausnehmbare, antibakterielle Mikrofaser-Einlegesohle. Ultraleicht und atmungsaktiv.<br \/>\nHinweis: Gerade zu Beginn kann die Sohle noch ein wenig steif wirken. Das gibt sich ganz schnell und ist dann genau so biegsam, wie sie sein soll.<\/p>\n<p>Obermaterial: Textil (Bio-Baumwolle) \u2013 frei von k\u00fcnstlichen Farbstoffen und Pestiziden<br \/>\nFutter: Mikrofaser<br \/>\nVerschluss: doppelter Klettverschluss<br \/>\nUmweltfreundlich, biologisch abbaubar, nachhaltig, hypoallergen<br \/>\nEinlegesohle: herausnehmbare, antibakterielle Mikrofaser-Einlegesohle<br \/>\nAu\u00dfensohle: Gummi<br \/>\nKein Chrom VI<br \/>\nUniverselle Passform \u2013 anpassbar an alle Fu\u00dfbreiten<br \/>\nGr\u00f6\u00dfen: weitere Modelle unter dem Artikel &#8222;Froddo D-Velcro Vegan&#8220;<\/p>\n<p>Wir empfehlen, die Schuhe vor dem ersten Tragen zu impr\u00e4gnieren und bei Bedarf zu pflegen.<\/p>\n<p>Innensohle &#8211; L\u00e4nge\/Breite (mm):<\/p>\n<p>Gr\u00f6\u00dfe: 23 &#8211; L\u00e4nge: 152 mm &#8211; Breite: 65 mm<br \/>\nGr\u00f6\u00dfe: 24 &#8211; L\u00e4nge: 159 mm &#8211; Breite: 66 mm<br \/>\nGr\u00f6\u00dfe: 25 &#8211; L\u00e4nge: 166 mm &#8211; Breite: 68 mm<br \/>\nGr\u00f6\u00dfe: 26 &#8211; L\u00e4nge: 172 mm &#8211; Breite: 72 mm<br \/>\nGr\u00f6\u00dfe: 27 &#8211; L\u00e4nge: 181 mm &#8211; Breite: 73 mm<br \/>\nGr\u00f6\u00dfe: 28 &#8211; L\u00e4nge: 185 mm &#8211; Breite: 75 mm<br \/>\nGr\u00f6\u00dfe: 29 &#8211; L\u00e4nge: 193 mm &#8211; Breite: 78 mm<br \/>\nGr\u00f6\u00dfe: 30 &#8211; L\u00e4nge: 203 mm &#8211; Breite: 80 mm<br \/>\nGr\u00f6\u00dfe: 31 &#8211; L\u00e4nge: 207 mm &#8211; Breite: 82 mm<br \/>\nGr\u00f6\u00dfe: 32 &#8211; L\u00e4nge: 212 mm &#8211; Breite: 84 mm<\/p>\n<p><b>Audio-Beschreibung<\/b><br \/><audio controls src=\"https:\/\/schuhewiebarfuss.at\/shop\/wp-content\/uploads\/lk\/9484_audio.wav\"><br \/>\n                                            Ihr Browser unterst\u00fctzt diese Audio-Ausgabe leider nicht.<br \/>\n                                            <\/ audio ><\/p>\n","protected":false},"excerpt":{"rendered":"<p>Froddo Barfu\u00df-Sneaker aus veganer Bio-Baumwolle<\/p>\n<p>Obermaterial: Textil (Bio-Baumwolle)<br \/>\nFutter: Mikrofaser<br \/>\nVerschluss: Klettverschluss<br \/>\nEinlegesohle: herausnehmbare, Mikrofaser<br \/>\nAu\u00dfensohle: Gummi<br \/>\nKein Chrom VI<br \/>\nUniverselle Passform \u2013 anpassbar an alle Fu\u00dfbreiten<br \/>\nDieser Schuh ist Vegan<br \/>\nGr\u00f6\u00dfen: weitere Modelle unter dem Artikel &#8222;Froddo D-Velcro Vegan&#8220;<\/p>\n","protected":false},"featured_media":517725,"comment_status":"open","ping_status":"closed","template":"","meta":[],"product_brand":[],"product_cat":[3121],"product_tag":[1427,1570,1481,1385,1390,1392,1393,1394,1396,1397,2450,1450],"class_list":{"0":"post-472840","1":"product","2":"type-product","3":"status-publish","4":"has-post-thumbnail","6":"product_cat-sale","7":"product_tag-farbe-gelb","8":"product_tag-farbe-gruen","9":"product_tag-farbe-pink","10":"product_tag-groesse-20","11":"product_tag-groesse-21","12":"product_tag-groesse-23","13":"product_tag-groesse-24","14":"product_tag-groesse-25","15":"product_tag-groesse-27","16":"product_tag-groesse-28","17":"product_tag-marke-froddo-ivancia-d-d","18":"product_tag-sale","20":"first","21":"instock","22":"sale","23":"taxable","24":"shipping-taxable","25":"purchasable","26":"product-type-variable"},"_links":{"self":[{"href":"https:\/\/schuhewiebarfuss.at\/shop\/wp-json\/wp\/v2\/product\/472840","targetHints":{"allow":["GET"]}}],"collection":[{"href":"https:\/\/schuhewiebarfuss.at\/shop\/wp-json\/wp\/v2\/product"}],"about":[{"href":"https:\/\/schuhewiebarfuss.at\/shop\/wp-json\/wp\/v2\/types\/product"}],"replies":[{"embeddable":true,"href":"https:\/\/schuhewiebarfuss.at\/shop\/wp-json\/wp\/v2\/comments?post=472840"}],"wp:featuredmedia":[{"embeddable":true,"href":"https:\/\/schuhewiebarfuss.at\/shop\/wp-json\/wp\/v2\/media\/517725"}],"wp:attachment":[{"href":"https:\/\/schuhewiebarfuss.at\/shop\/wp-json\/wp\/v2\/media?parent=472840"}],"wp:term":[{"taxonomy":"product_brand","embeddable":true,"href":"https:\/\/schuhewiebarfuss.at\/shop\/wp-json\/wp\/v2\/product_brand?post=472840"},{"taxonomy":"product_cat","embeddable":true,"href":"https:\/\/schuhewiebarfuss.at\/shop\/wp-json\/wp\/v2\/product_cat?post=472840"},{"taxonomy":"product_tag","embeddable":true,"href":"https:\/\/schuhewiebarfuss.at\/shop\/wp-json\/wp\/v2\/product_tag?post=472840"}],"curies":[{"name":"wp","href":"https:\/\/api.w.org\/{rel}","templated":true}]}}