{"id":472747,"date":"2024-04-05T01:23:31","date_gmt":"2024-04-04T23:23:31","guid":{"rendered":"https:\/\/schuhewiebarfuss.at\/shop\/produkt\/froddo-base\/"},"modified":"2026-04-09T11:07:42","modified_gmt":"2026-04-09T09:07:42","slug":"froddo-base","status":"publish","type":"product","link":"https:\/\/schuhewiebarfuss.at\/shop\/produkt\/froddo-base\/","title":{"rendered":"Froddo Base"},"content":{"rendered":"<p>Extra flexible Schuhe imitieren das barfu\u00df laufen. Der coole Sneaker von FRODDO ist aus sehr weichem Leder gefertigt. Der Freizeitschuh ist mit zwei Klettverschl\u00fcsse zu schliessen, und somit ganz schnell an- und ausgezogen.<br \/>\nBreitere Zehenbox sorgt f\u00fcr Stabilit\u00e4t beim Gehen. Kein Fersenabfall, extra flexible Thermogummi-Au\u00dfensohle und flache, herausnehmbare und antibakterielle Innensohle.<br \/>\nUltraleicht und atmungsaktiv.<\/p>\n<p>Obermaterial: Naturleder \u2013 hochwertig und langlebig<br \/>\nFutter: chromfreies Leder<br \/>\nVerschluss: doppelter Klettverschluss<br \/>\nEinlegesohle: herausnehmbare, antibakterielle Mikrofaser-Einlegesohle mit GRS-Zertifikat<br \/>\nAu\u00dfensohle: TR \u2013 extra Grip, ultraleicht, flexibel, rutschfest<br \/>\nKein Chrom VI<br \/>\nF\u00fcr normal bis breite F\u00fc\u00dfe<br \/>\nGr\u00f6\u00dfen: 21 &#8211; 32<br \/>\nHergestellt in Kroatien<\/p>\n<p>Innensohle-L\u00e4nge (mm)<\/p>\n<p>Gr\u00f6\u00dfe:   21 &#8211; 140 mm<br \/>\nGr\u00f6\u00dfe:   22 &#8211; 146 mm<br \/>\nGr\u00f6\u00dfe:   23 &#8211; 152 mm<br \/>\nGr\u00f6\u00dfe:   24 &#8211; 159 mm<br \/>\nGr\u00f6\u00dfe:   25 &#8211; 166 mm<br \/>\nGr\u00f6\u00dfe:   26 &#8211; 172 mm<br \/>\nGr\u00f6\u00dfe:   27 &#8211; 178 mm<br \/>\nGr\u00f6\u00dfe:   28 &#8211; 184 mm<br \/>\nGr\u00f6\u00dfe:   29 &#8211; 191 mm<br \/>\nGr\u00f6\u00dfe:   30 &#8211; 198 mm<br \/>\nGr\u00f6\u00dfe:   31 &#8211; 205 mm<br \/>\nGr\u00f6\u00dfe:   32 &#8211; 212 mm<\/p>\n<p><b>Audio-Beschreibung<\/b><br \/><audio controls src=\"https:\/\/schuhewiebarfuss.at\/shop\/wp-content\/uploads\/lk\/9481_audio.wav\"><br \/>\n                                            Ihr Browser unterst\u00fctzt diese Audio-Ausgabe leider nicht.<br \/>\n                                            <\/ audio ><\/p>\n","protected":false},"excerpt":{"rendered":"<p>Barfu\u00dfschuh Froddo BASE<\/p>\n<p>Obermaterial: Naturleder<br \/>\nFutter: Leder<br \/>\nVerschluss: Klettverschluss<br \/>\nEinlegesohle: herausnehmbare, Mikrofaser\/Leder<br \/>\nAu\u00dfensohle: TR \u2013 extra Grip<br \/>\nKein Chrom VI<br \/>\nSchnitt: normal bis breit<br \/>\nGr\u00f6\u00dfen: 21 &#8211; 32<\/p>\n","protected":false},"featured_media":790943,"comment_status":"open","ping_status":"closed","template":"","meta":[],"product_brand":[],"product_cat":[845],"product_tag":[1479,1544,1427,2660,1371,1570,2563,1481,3041,1600,1385,1390,1391,1392,1393,1394,1395,1396,1397,1398,1399,1400,1401,2450],"class_list":{"0":"post-472747","1":"product","2":"type-product","3":"status-publish","4":"has-post-thumbnail","6":"product_cat-lifestyle-1","7":"product_tag-farbe-blau","8":"product_tag-farbe-braun","9":"product_tag-farbe-gelb","10":"product_tag-farbe-gold","11":"product_tag-farbe-grau","12":"product_tag-farbe-gruen","13":"product_tag-farbe-hellblau","14":"product_tag-farbe-pink","15":"product_tag-farbe-rosa-glitzer","16":"product_tag-farbe-rot","17":"product_tag-groesse-20","18":"product_tag-groesse-21","19":"product_tag-groesse-22","20":"product_tag-groesse-23","21":"product_tag-groesse-24","22":"product_tag-groesse-25","23":"product_tag-groesse-26","24":"product_tag-groesse-27","25":"product_tag-groesse-28","26":"product_tag-groesse-29","27":"product_tag-groesse-30","28":"product_tag-groesse-31","29":"product_tag-groesse-32","30":"product_tag-marke-froddo-ivancia-d-d","32":"first","33":"instock","34":"taxable","35":"shipping-taxable","36":"purchasable","37":"product-type-variable"},"_links":{"self":[{"href":"https:\/\/schuhewiebarfuss.at\/shop\/wp-json\/wp\/v2\/product\/472747","targetHints":{"allow":["GET"]}}],"collection":[{"href":"https:\/\/schuhewiebarfuss.at\/shop\/wp-json\/wp\/v2\/product"}],"about":[{"href":"https:\/\/schuhewiebarfuss.at\/shop\/wp-json\/wp\/v2\/types\/product"}],"replies":[{"embeddable":true,"href":"https:\/\/schuhewiebarfuss.at\/shop\/wp-json\/wp\/v2\/comments?post=472747"}],"wp:featuredmedia":[{"embeddable":true,"href":"https:\/\/schuhewiebarfuss.at\/shop\/wp-json\/wp\/v2\/media\/790943"}],"wp:attachment":[{"href":"https:\/\/schuhewiebarfuss.at\/shop\/wp-json\/wp\/v2\/media?parent=472747"}],"wp:term":[{"taxonomy":"product_brand","embeddable":true,"href":"https:\/\/schuhewiebarfuss.at\/shop\/wp-json\/wp\/v2\/product_brand?post=472747"},{"taxonomy":"product_cat","embeddable":true,"href":"https:\/\/schuhewiebarfuss.at\/shop\/wp-json\/wp\/v2\/product_cat?post=472747"},{"taxonomy":"product_tag","embeddable":true,"href":"https:\/\/schuhewiebarfuss.at\/shop\/wp-json\/wp\/v2\/product_tag?post=472747"}],"curies":[{"name":"wp","href":"https:\/\/api.w.org\/{rel}","templated":true}]}}