{"id":472742,"date":"2024-04-05T01:15:34","date_gmt":"2024-04-04T23:15:34","guid":{"rendered":"https:\/\/schuhewiebarfuss.at\/shop\/produkt\/emil-napa-tex-wool\/"},"modified":"2026-03-01T13:11:08","modified_gmt":"2026-03-01T12:11:08","slug":"emil-napa-tex-wool","status":"publish","type":"product","link":"https:\/\/schuhewiebarfuss.at\/shop\/produkt\/emil-napa-tex-wool\/","title":{"rendered":"Emil Napa TEX Wool"},"content":{"rendered":"<p>Der perfekte Allrounder f\u00fcr den Winter ist da. Der EMIL Napa Tex Barfussschuhe von Koel. Sie haben ein pflegeleichtes Glattleder und sind ideal f\u00fcr mittelbreite bis breite F\u00fcsse.<\/p>\n<p>Die wundersch\u00f6nen Highcut Barfu\u00dfhalbschuhe mit kuschelig warmen Schurwollfutter sind aus einem butterweichen Leder und wurden mit einer flexiblen, rutschfesten Sohle ausgestattet, nat\u00fcrlich ohne Fersenabsatz oder Fu\u00dfbett. Zus\u00e4tzlich sind sie mit einer feinporigen, stark wasserabweisenden TEX-Membran ausgestattet. Mit ihrem Doppelklett lassen sie sich leicht anziehen und sch\u00f6n anpassen. <\/p>\n<p>Der Barfussschuh erf\u00fcllt folgende Kriterien:<\/p>\n<p>    Null Absatz<br \/>\n    d\u00fcnne Sohle<br \/>\n    super flexibel (hier anfangs noch etwas starr, wird aber beim Tragen weicher und flexibler)<br \/>\n    keine Sprengung<br \/>\n    Zehenbox OK (Kompromiss)<\/p>\n<p>Alles auf einen Blick &#8211; Bio Barfussschuhe von Koel: <\/p>\n<p>    handgemacht in Portugal<br \/>\n    hochwertig verarbeitet<br \/>\n    rutschfeste Sohle<br \/>\n    wasserabweisend<br \/>\n    atmungsaktives Leder<br \/>\n    fair in Europa hergestellt<br \/>\n    aus vegetabil gegerbtem Leder ohne Schadstoffe oder Chrom VI<br \/>\n    mit \u00d6ko Farben gef\u00e4rbt<br \/>\n    gef\u00fcttert mit Schurwolle aus kontrolliert biologischer Tierhaltung<\/p>\n<p><b>Audio-Beschreibung<\/b><br \/><audio controls src=\"https:\/\/schuhewiebarfuss.at\/shop\/wp-content\/uploads\/lk\/6344_audio.wav\"><br \/>\n                                            Ihr Browser unterst\u00fctzt diese Audio-Ausgabe leider nicht.<br \/>\n                                            <\/ audio ><\/p>\n","protected":false},"excerpt":{"rendered":"<p>Art der Schuhe: Stra\u00dfenschuhe, Winterschuhe<br \/>\nGr\u00f6\u00dfe: 31<br \/>\nInnenschuhbreite in mm: 74<br \/>\nInnenschuhl\u00e4nge in mm: 200<br \/>\nMaterial: Leder, Wolle<br \/>\nErweiterter Filter (optional): Minimalsohle<\/p>\n","protected":false},"featured_media":497479,"comment_status":"open","ping_status":"closed","template":"","meta":[],"product_brand":[],"product_cat":[3121],"product_tag":[1479,1544,2233,1392,1393,1394,1395,1396,1397,1398,1399,2778,1450],"class_list":{"0":"post-472742","1":"product","2":"type-product","3":"status-publish","4":"has-post-thumbnail","6":"product_cat-sale","7":"product_tag-farbe-blau","8":"product_tag-farbe-braun","9":"product_tag-farbe-dunkelrot","10":"product_tag-groesse-23","11":"product_tag-groesse-24","12":"product_tag-groesse-25","13":"product_tag-groesse-26","14":"product_tag-groesse-27","15":"product_tag-groesse-28","16":"product_tag-groesse-29","17":"product_tag-groesse-30","18":"product_tag-marke-koel-shoes-international","19":"product_tag-sale","21":"first","22":"instock","23":"sale","24":"taxable","25":"shipping-taxable","26":"purchasable","27":"product-type-variable"},"_links":{"self":[{"href":"https:\/\/schuhewiebarfuss.at\/shop\/wp-json\/wp\/v2\/product\/472742","targetHints":{"allow":["GET"]}}],"collection":[{"href":"https:\/\/schuhewiebarfuss.at\/shop\/wp-json\/wp\/v2\/product"}],"about":[{"href":"https:\/\/schuhewiebarfuss.at\/shop\/wp-json\/wp\/v2\/types\/product"}],"replies":[{"embeddable":true,"href":"https:\/\/schuhewiebarfuss.at\/shop\/wp-json\/wp\/v2\/comments?post=472742"}],"wp:featuredmedia":[{"embeddable":true,"href":"https:\/\/schuhewiebarfuss.at\/shop\/wp-json\/wp\/v2\/media\/497479"}],"wp:attachment":[{"href":"https:\/\/schuhewiebarfuss.at\/shop\/wp-json\/wp\/v2\/media?parent=472742"}],"wp:term":[{"taxonomy":"product_brand","embeddable":true,"href":"https:\/\/schuhewiebarfuss.at\/shop\/wp-json\/wp\/v2\/product_brand?post=472742"},{"taxonomy":"product_cat","embeddable":true,"href":"https:\/\/schuhewiebarfuss.at\/shop\/wp-json\/wp\/v2\/product_cat?post=472742"},{"taxonomy":"product_tag","embeddable":true,"href":"https:\/\/schuhewiebarfuss.at\/shop\/wp-json\/wp\/v2\/product_tag?post=472742"}],"curies":[{"name":"wp","href":"https:\/\/api.w.org\/{rel}","templated":true}]}}