{"id":472681,"date":"2024-04-05T00:43:42","date_gmt":"2024-04-04T22:43:42","guid":{"rendered":"https:\/\/schuhewiebarfuss.at\/shop\/produkt\/froddo-d-velcro-leder\/"},"modified":"2026-04-11T17:15:59","modified_gmt":"2026-04-11T15:15:59","slug":"froddo-d-velcro-leder","status":"publish","type":"product","link":"https:\/\/schuhewiebarfuss.at\/shop\/produkt\/froddo-d-velcro-leder\/","title":{"rendered":"Froddo D-Velcro Leder"},"content":{"rendered":"<p>Der D-Velcro von froddo bietet alles was ein guter Kinderschuh braucht: Er ist aus softem Leder gefertigt und verf\u00fcgt \u00fcber eine weiche, herausnehmbare Innensohle die bei der Ermittlung der optimalen Gr\u00f6\u00dfe hilft. F\u00fcr noch mehr Komfort sind Schaft und Lasche gepolstert. Zwei Klettverschl\u00fcsse sorgen f\u00fcr einen leichten Einstieg und optimalen Sitz.<\/p>\n<p>&#8211; weiche, bequeme Schuhe mit \u00fcber die ganze L\u00e4nge flexibler Sohle<br \/>\n&#8211; praktisches \u00dcberziehen des Gummis \u00fcber die Spitze (Schutz vor Abreiben und Durchn\u00e4ssen)<br \/>\n&#8211; ger\u00e4umig in der Zehnebox<br \/>\n&#8211; geeignet f\u00fcr normale bis etwas breitere F\u00fc\u00dfe<br \/>\n&#8211; sie lassen sich auch um einem schmaleren Kn\u00f6chel festziehen<br \/>\n&#8211; nicht f\u00fcr hohen Spann empfohlen<br \/>\n&#8211; ohne Hinterkappe, aber etwas fester direkt \u00fcber der Ferse dank dem \u00fcberzogenen Gummi<br \/>\n&#8211; gute Wasserbest\u00e4ndigkeit, sie vertragen k\u00fcrzere Gehzeit in nassem Gras, auf den Gehewegen nach Regen usw.<\/p>\n<p><b>Audio-Beschreibung<\/b><br \/><audio controls src=\"https:\/\/schuhewiebarfuss.at\/shop\/wp-content\/uploads\/lk\/6067_audio.wav\"><br \/>\n                                            Ihr Browser unterst\u00fctzt diese Audio-Ausgabe leider nicht.<br \/>\n                                            <\/ audio ><\/p>\n","protected":false},"excerpt":{"rendered":"<p>1) Obermaterial: Leder<br \/>\n2) Futter und Einlegesohle &#8211; Chromfreies Leder<br \/>\n3) Sohle &#8211; Gummi<\/p>\n","protected":false},"featured_media":486954,"comment_status":"open","ping_status":"closed","template":"","meta":[],"product_brand":[],"product_cat":[845],"product_tag":[1479,2233,1570,2563,1798,1429,1480,1600,1413,1385,1390,1391,1392,1393,1394,1395,1396,1397,1398,1399,1400,1401,1402,1403,1404,2450],"class_list":{"0":"post-472681","1":"product","2":"type-product","3":"status-publish","4":"has-post-thumbnail","6":"product_cat-lifestyle-1","7":"product_tag-farbe-blau","8":"product_tag-farbe-dunkelrot","9":"product_tag-farbe-gruen","10":"product_tag-farbe-hellblau","11":"product_tag-farbe-hellbraun","12":"product_tag-farbe-hellgrau","13":"product_tag-farbe-orange","14":"product_tag-farbe-rot","15":"product_tag-farbe-tuerkis","16":"product_tag-groesse-20","17":"product_tag-groesse-21","18":"product_tag-groesse-22","19":"product_tag-groesse-23","20":"product_tag-groesse-24","21":"product_tag-groesse-25","22":"product_tag-groesse-26","23":"product_tag-groesse-27","24":"product_tag-groesse-28","25":"product_tag-groesse-29","26":"product_tag-groesse-30","27":"product_tag-groesse-31","28":"product_tag-groesse-32","29":"product_tag-groesse-33","30":"product_tag-groesse-34","31":"product_tag-groesse-35","32":"product_tag-marke-froddo-ivancia-d-d","34":"first","35":"instock","36":"taxable","37":"shipping-taxable","38":"purchasable","39":"product-type-variable"},"_links":{"self":[{"href":"https:\/\/schuhewiebarfuss.at\/shop\/wp-json\/wp\/v2\/product\/472681","targetHints":{"allow":["GET"]}}],"collection":[{"href":"https:\/\/schuhewiebarfuss.at\/shop\/wp-json\/wp\/v2\/product"}],"about":[{"href":"https:\/\/schuhewiebarfuss.at\/shop\/wp-json\/wp\/v2\/types\/product"}],"replies":[{"embeddable":true,"href":"https:\/\/schuhewiebarfuss.at\/shop\/wp-json\/wp\/v2\/comments?post=472681"}],"wp:featuredmedia":[{"embeddable":true,"href":"https:\/\/schuhewiebarfuss.at\/shop\/wp-json\/wp\/v2\/media\/486954"}],"wp:attachment":[{"href":"https:\/\/schuhewiebarfuss.at\/shop\/wp-json\/wp\/v2\/media?parent=472681"}],"wp:term":[{"taxonomy":"product_brand","embeddable":true,"href":"https:\/\/schuhewiebarfuss.at\/shop\/wp-json\/wp\/v2\/product_brand?post=472681"},{"taxonomy":"product_cat","embeddable":true,"href":"https:\/\/schuhewiebarfuss.at\/shop\/wp-json\/wp\/v2\/product_cat?post=472681"},{"taxonomy":"product_tag","embeddable":true,"href":"https:\/\/schuhewiebarfuss.at\/shop\/wp-json\/wp\/v2\/product_tag?post=472681"}],"curies":[{"name":"wp","href":"https:\/\/api.w.org\/{rel}","templated":true}]}}