{"id":472641,"date":"2024-04-05T00:26:52","date_gmt":"2024-04-04T22:26:52","guid":{"rendered":"https:\/\/schuhewiebarfuss.at\/shop\/produkt\/opossum\/"},"modified":"2026-02-28T20:07:43","modified_gmt":"2026-02-28T19:07:43","slug":"opossum","status":"publish","type":"product","link":"https:\/\/schuhewiebarfuss.at\/shop\/produkt\/opossum\/","title":{"rendered":"Opossum"},"content":{"rendered":"<p>Das Modell Opossum ist der perfekte Begleiter f\u00fcr Kinderf\u00fc\u00dfe. Der Barfu\u00dfschuh hat eine breite Zehenbox, keine Erh\u00f6hung in der Ferse und ist sehr flexibel. bLifestyle setzt zudem auf schadstofffreie Materialien, die einen sehr hohen Standart entsprechen kbA, GOTS,\u00d6ko-Tex, CADS, pflanzlich gegerbtes Bioleder).<\/p>\n<p><b>Audio-Beschreibung<\/b><br \/><audio controls src=\"https:\/\/schuhewiebarfuss.at\/shop\/wp-content\/uploads\/lk\/6019_audio.wav\"><br \/>\n                                            Ihr Browser unterst\u00fctzt diese Audio-Ausgabe leider nicht.<br \/>\n                                            <\/ audio ><\/p>\n","protected":false},"excerpt":{"rendered":"<p>Material: micro suede \/ Oilskin<br \/>\nF\u00fctterung: weiches Bioleder (pflanzlich gegerbt, chromfrei!)<br \/>\nFarbe: pink\/rot \/ Sohle: synth. Gummi<br \/>\nGeschlecht: Unisex<br \/>\nVerschluss: Schn\u00fcrung<br \/>\nWeitere Eigenschaften: wasserabweisend, flexible 3mm d\u00fcnne Au\u00dfensohle, herausnehmbare Innensohle<\/p>\n","protected":false},"featured_media":472640,"comment_status":"open","ping_status":"closed","template":"","meta":[],"product_brand":[],"product_cat":[3121],"product_tag":[1371,1570,1481,1385,1390,1391,1392,1393,1394,1395,2447,1450],"class_list":{"0":"post-472641","1":"product","2":"type-product","3":"status-publish","4":"has-post-thumbnail","6":"product_cat-sale","7":"product_tag-farbe-grau","8":"product_tag-farbe-gruen","9":"product_tag-farbe-pink","10":"product_tag-groesse-20","11":"product_tag-groesse-21","12":"product_tag-groesse-22","13":"product_tag-groesse-23","14":"product_tag-groesse-24","15":"product_tag-groesse-25","16":"product_tag-groesse-26","17":"product_tag-marke-blifestyle","18":"product_tag-sale","20":"first","21":"outofstock","22":"taxable","23":"shipping-taxable","24":"product-type-variable"},"_links":{"self":[{"href":"https:\/\/schuhewiebarfuss.at\/shop\/wp-json\/wp\/v2\/product\/472641","targetHints":{"allow":["GET"]}}],"collection":[{"href":"https:\/\/schuhewiebarfuss.at\/shop\/wp-json\/wp\/v2\/product"}],"about":[{"href":"https:\/\/schuhewiebarfuss.at\/shop\/wp-json\/wp\/v2\/types\/product"}],"replies":[{"embeddable":true,"href":"https:\/\/schuhewiebarfuss.at\/shop\/wp-json\/wp\/v2\/comments?post=472641"}],"wp:featuredmedia":[{"embeddable":true,"href":"https:\/\/schuhewiebarfuss.at\/shop\/wp-json\/wp\/v2\/media\/472640"}],"wp:attachment":[{"href":"https:\/\/schuhewiebarfuss.at\/shop\/wp-json\/wp\/v2\/media?parent=472641"}],"wp:term":[{"taxonomy":"product_brand","embeddable":true,"href":"https:\/\/schuhewiebarfuss.at\/shop\/wp-json\/wp\/v2\/product_brand?post=472641"},{"taxonomy":"product_cat","embeddable":true,"href":"https:\/\/schuhewiebarfuss.at\/shop\/wp-json\/wp\/v2\/product_cat?post=472641"},{"taxonomy":"product_tag","embeddable":true,"href":"https:\/\/schuhewiebarfuss.at\/shop\/wp-json\/wp\/v2\/product_tag?post=472641"}],"curies":[{"name":"wp","href":"https:\/\/api.w.org\/{rel}","templated":true}]}}