{"id":472418,"date":"2024-04-04T23:31:55","date_gmt":"2024-04-04T21:31:55","guid":{"rendered":"https:\/\/schuhewiebarfuss.at\/shop\/produkt\/froddo-prewalkers-classic\/"},"modified":"2026-03-28T18:18:56","modified_gmt":"2026-03-28T17:18:56","slug":"froddo-prewalkers-classic","status":"publish","type":"product","link":"https:\/\/schuhewiebarfuss.at\/shop\/produkt\/froddo-prewalkers-classic\/","title":{"rendered":"Froddo Prewalkers Classic"},"content":{"rendered":"<p>Weil die ersten Schritte am wichtigsten sind &#8211; Inspiriert von den kleinen F\u00fc\u00dfen, die gerade beginnen zu gehen, haben wir die sanftesten Schuhe kreiert\u2013 Froddo Prewalkers. F\u00fcr ihr Produktion w\u00e4hlten wir die weichste vegetabil Leder, die mit nat\u00fcrlichen Tanninen gegerbt wurden, ohne sch\u00e4dliche chemische Verbindungen. Froddo Prewalkers, leicht wie Wolken, imitieren das Barfu\u00dflaufen, und erm\u00f6glichen nat\u00fcrliche und gesunde Entwicklung der Kinderf\u00fc\u00dfe.<\/p>\n<p>Obermaterial: Leder<br \/>\nInnenmaterial: Leder<br \/>\nSohle: Gummi<br \/>\nVerschlussart: Klettverschluss<br \/>\nLauflern Schuh <\/p>\n<p><b>Audio-Beschreibung<\/b><br \/><audio controls src=\"https:\/\/schuhewiebarfuss.at\/shop\/wp-content\/uploads\/lk\/6072_audio.wav\"><br \/>\n                                            Ihr Browser unterst\u00fctzt diese Audio-Ausgabe leider nicht.<br \/>\n                                            <\/ audio ><\/p>\n","protected":false},"excerpt":{"rendered":"<p>Obermaterial: Leder<br \/>\nInnenmaterial: Leder<br \/>\nSohle: Gummi<br \/>\nVerschlussart: Klettverschluss<br \/>\nLauflern Schuh <\/p>\n","protected":false},"featured_media":472417,"comment_status":"open","ping_status":"closed","template":"","meta":[],"product_brand":[],"product_cat":[3121],"product_tag":[1426,1429,2308,1549,1550,1483,1385,1390,1391,1392,1393,1394,1395,1396,2450,1450],"class_list":{"0":"post-472418","1":"product","2":"type-product","3":"status-publish","4":"has-post-thumbnail","6":"product_cat-sale","7":"product_tag-farbe-dunkelblau","8":"product_tag-farbe-hellgrau","9":"product_tag-farbe-rosa","10":"product_tag-groesse-17","11":"product_tag-groesse-18","12":"product_tag-groesse-19","13":"product_tag-groesse-20","14":"product_tag-groesse-21","15":"product_tag-groesse-22","16":"product_tag-groesse-23","17":"product_tag-groesse-24","18":"product_tag-groesse-25","19":"product_tag-groesse-26","20":"product_tag-groesse-27","21":"product_tag-marke-froddo-ivancia-d-d","22":"product_tag-sale","24":"first","25":"instock","26":"taxable","27":"shipping-taxable","28":"purchasable","29":"product-type-variable"},"_links":{"self":[{"href":"https:\/\/schuhewiebarfuss.at\/shop\/wp-json\/wp\/v2\/product\/472418","targetHints":{"allow":["GET"]}}],"collection":[{"href":"https:\/\/schuhewiebarfuss.at\/shop\/wp-json\/wp\/v2\/product"}],"about":[{"href":"https:\/\/schuhewiebarfuss.at\/shop\/wp-json\/wp\/v2\/types\/product"}],"replies":[{"embeddable":true,"href":"https:\/\/schuhewiebarfuss.at\/shop\/wp-json\/wp\/v2\/comments?post=472418"}],"wp:featuredmedia":[{"embeddable":true,"href":"https:\/\/schuhewiebarfuss.at\/shop\/wp-json\/wp\/v2\/media\/472417"}],"wp:attachment":[{"href":"https:\/\/schuhewiebarfuss.at\/shop\/wp-json\/wp\/v2\/media?parent=472418"}],"wp:term":[{"taxonomy":"product_brand","embeddable":true,"href":"https:\/\/schuhewiebarfuss.at\/shop\/wp-json\/wp\/v2\/product_brand?post=472418"},{"taxonomy":"product_cat","embeddable":true,"href":"https:\/\/schuhewiebarfuss.at\/shop\/wp-json\/wp\/v2\/product_cat?post=472418"},{"taxonomy":"product_tag","embeddable":true,"href":"https:\/\/schuhewiebarfuss.at\/shop\/wp-json\/wp\/v2\/product_tag?post=472418"}],"curies":[{"name":"wp","href":"https:\/\/api.w.org\/{rel}","templated":true}]}}