{"id":472281,"date":"2024-04-04T22:54:56","date_gmt":"2024-04-04T20:54:56","guid":{"rendered":"https:\/\/schuhewiebarfuss.at\/shop\/produkt\/airstyle\/"},"modified":"2026-03-01T19:20:40","modified_gmt":"2026-03-01T18:20:40","slug":"airstyle","status":"publish","type":"product","link":"https:\/\/schuhewiebarfuss.at\/shop\/produkt\/airstyle\/","title":{"rendered":"airStyle"},"content":{"rendered":"<p>Etwas liegt in der Luft: unser neuer veganer airSTYLE. Dieser Schuh beschreibt euer neues Tragegef\u00fchl schon mit seinem Namen, denn mit ihm wird jeder Gang leicht und luftig! Perfekt f\u00fcr die warmen Fr\u00fchlings- und Sommertage begleitet euch dieser Schuh mit seinem atmungsaktiven Obermaterial aus Mikrofaser und Textil, seinem atmungsaktiven Lining und seinem zeitlosen Design. Dank der Sohle aus TPU und den kleinen Noppen habt ihr einen rutschfesten und veganen Begleiter.<\/p>\n<p>Material &amp; Pflegehinweis:<br \/>\nBitte wasche deinen Schuh nicht in der Waschmaschine und s\u00e4ubere ihn nur mit einem geeigneten Reinigungsmittel. Wir empfehlen die Innensohle regelm\u00e4\u00dfig zum L\u00fcften aus dem Schuh zu nehmen und Staun\u00e4sse somit zu vermeiden. F\u00fcr optimale Produkteigenschaften sollten unsere Schuhe vor dem Einsatz impr\u00e4gniert werden, dies ist vor allem bei Schuhen mit Textilanteil wichtig.<\/p>\n<p><b>Audio-Beschreibung<\/b><br \/><audio controls src=\"https:\/\/schuhewiebarfuss.at\/shop\/wp-content\/uploads\/lk\/6024_audio.wav\"><br \/>\n                                            Ihr Browser unterst\u00fctzt diese Audio-Ausgabe leider nicht.<br \/>\n                                            <\/ audio ><\/p>\n","protected":false},"excerpt":{"rendered":"<p>Funktion: \tatmungsaktiv<br \/>\nFutter: Synthetikfasern (atmungsaktiv)<br \/>\nGeschlecht: Unisex<br \/>\nInnensohle: Synthetikfasern (atmungsaktiv)<br \/>\nLaufsohle: TPU<br \/>\nObermaterial: Microfaser \/ Textil<br \/>\nProduktionsland: Portugal<br \/>\nWeitere Eigenschaften: Vegan<\/p>\n","protected":false},"featured_media":472280,"comment_status":"open","ping_status":"closed","template":"","meta":[],"product_brand":[],"product_cat":[3121],"product_tag":[2026,1408,1362,1368,1373,1374,1375,1376,1377,2447,1450],"class_list":{"0":"post-472281","1":"product","2":"type-product","3":"status-publish","4":"has-post-thumbnail","6":"product_cat-sale","7":"product_tag-farbe-beige","8":"product_tag-farbe-schwarz","9":"product_tag-groesse-36","10":"product_tag-groesse-37","11":"product_tag-groesse-38","12":"product_tag-groesse-39","13":"product_tag-groesse-40","14":"product_tag-groesse-41","15":"product_tag-groesse-42","16":"product_tag-marke-blifestyle","17":"product_tag-sale","19":"first","20":"instock","21":"taxable","22":"shipping-taxable","23":"purchasable","24":"product-type-variable"},"_links":{"self":[{"href":"https:\/\/schuhewiebarfuss.at\/shop\/wp-json\/wp\/v2\/product\/472281","targetHints":{"allow":["GET"]}}],"collection":[{"href":"https:\/\/schuhewiebarfuss.at\/shop\/wp-json\/wp\/v2\/product"}],"about":[{"href":"https:\/\/schuhewiebarfuss.at\/shop\/wp-json\/wp\/v2\/types\/product"}],"replies":[{"embeddable":true,"href":"https:\/\/schuhewiebarfuss.at\/shop\/wp-json\/wp\/v2\/comments?post=472281"}],"wp:featuredmedia":[{"embeddable":true,"href":"https:\/\/schuhewiebarfuss.at\/shop\/wp-json\/wp\/v2\/media\/472280"}],"wp:attachment":[{"href":"https:\/\/schuhewiebarfuss.at\/shop\/wp-json\/wp\/v2\/media?parent=472281"}],"wp:term":[{"taxonomy":"product_brand","embeddable":true,"href":"https:\/\/schuhewiebarfuss.at\/shop\/wp-json\/wp\/v2\/product_brand?post=472281"},{"taxonomy":"product_cat","embeddable":true,"href":"https:\/\/schuhewiebarfuss.at\/shop\/wp-json\/wp\/v2\/product_cat?post=472281"},{"taxonomy":"product_tag","embeddable":true,"href":"https:\/\/schuhewiebarfuss.at\/shop\/wp-json\/wp\/v2\/product_tag?post=472281"}],"curies":[{"name":"wp","href":"https:\/\/api.w.org\/{rel}","templated":true}]}}