{"id":472254,"date":"2024-04-04T22:48:12","date_gmt":"2024-04-04T20:48:12","guid":{"rendered":"https:\/\/schuhewiebarfuss.at\/shop\/produkt\/callisto-canvas-dunkelblau\/"},"modified":"2026-02-28T18:14:04","modified_gmt":"2026-02-28T17:14:04","slug":"callisto-canvas-dunkelblau","status":"publish","type":"product","link":"https:\/\/schuhewiebarfuss.at\/shop\/produkt\/callisto-canvas-dunkelblau\/","title":{"rendered":"Callisto Canvas Dunkelblau"},"content":{"rendered":"<p>Sommerliches Optik bietet der neue Callisto Canvas.<\/p>\n<p>Mit dem Callisto kommt eine ganz neue Optik in die Sole Runner Kollektion<\/p>\n<p>\u00a0Das neue Sole Runner Modell ist weit geschnitten. In der Zehenbox hat der Fu\u00df Platz zum Arbeiten, die Zehen haben optimale Bewegungsfreiheit.<\/p>\n<p>Die Laufsohle des Callisto ist ca. 2,5mm d\u00fcnn, erlaubt einen fast direkten Kontakt zum Boden und erm\u00f6glicht ein gesch\u00fctztes barfu\u00df laufen fast wie auf der eigenen Fu\u00dfsohle.<\/p>\n<p>Sole Runner Barfu\u00dfschuhe erm\u00f6glichen gesch\u00fctztes barfusslaufen und werden nach dem ISO zertifizierten Mondopoint Gr\u00f6\u00dfensystem gefertigt.<\/p>\n<p><b>Audio-Beschreibung<\/b><br \/><audio controls src=\"https:\/\/schuhewiebarfuss.at\/shop\/wp-content\/uploads\/lk\/5129_audio.wav\"><br \/>\n                                            Ihr Browser unterst\u00fctzt diese Audio-Ausgabe leider nicht.<br \/>\n                                            <\/ audio ><\/p>\n","protected":false},"excerpt":{"rendered":"<p>Obermaterial: Canvas<br \/>\nInnen: Stoff<br \/>\nForm: weit<br \/>\nLaufsohle: Gummi, Non Marking (nicht abf\u00e4rbend)<\/p>\n","protected":false},"featured_media":472253,"comment_status":"open","ping_status":"closed","template":"","meta":[],"product_brand":[],"product_cat":[3121],"product_tag":[1362,1368,1373,1374,1375,1376,1377,1378,1379,1380,1381,2449,1450],"class_list":{"0":"post-472254","1":"product","2":"type-product","3":"status-publish","4":"has-post-thumbnail","6":"product_cat-sale","7":"product_tag-groesse-36","8":"product_tag-groesse-37","9":"product_tag-groesse-38","10":"product_tag-groesse-39","11":"product_tag-groesse-40","12":"product_tag-groesse-41","13":"product_tag-groesse-42","14":"product_tag-groesse-43","15":"product_tag-groesse-44","16":"product_tag-groesse-45","17":"product_tag-groesse-46","18":"product_tag-marke-sole-runner","19":"product_tag-sale","21":"first","22":"instock","23":"taxable","24":"shipping-taxable","25":"purchasable","26":"product-type-variable"},"_links":{"self":[{"href":"https:\/\/schuhewiebarfuss.at\/shop\/wp-json\/wp\/v2\/product\/472254","targetHints":{"allow":["GET"]}}],"collection":[{"href":"https:\/\/schuhewiebarfuss.at\/shop\/wp-json\/wp\/v2\/product"}],"about":[{"href":"https:\/\/schuhewiebarfuss.at\/shop\/wp-json\/wp\/v2\/types\/product"}],"replies":[{"embeddable":true,"href":"https:\/\/schuhewiebarfuss.at\/shop\/wp-json\/wp\/v2\/comments?post=472254"}],"wp:featuredmedia":[{"embeddable":true,"href":"https:\/\/schuhewiebarfuss.at\/shop\/wp-json\/wp\/v2\/media\/472253"}],"wp:attachment":[{"href":"https:\/\/schuhewiebarfuss.at\/shop\/wp-json\/wp\/v2\/media?parent=472254"}],"wp:term":[{"taxonomy":"product_brand","embeddable":true,"href":"https:\/\/schuhewiebarfuss.at\/shop\/wp-json\/wp\/v2\/product_brand?post=472254"},{"taxonomy":"product_cat","embeddable":true,"href":"https:\/\/schuhewiebarfuss.at\/shop\/wp-json\/wp\/v2\/product_cat?post=472254"},{"taxonomy":"product_tag","embeddable":true,"href":"https:\/\/schuhewiebarfuss.at\/shop\/wp-json\/wp\/v2\/product_tag?post=472254"}],"curies":[{"name":"wp","href":"https:\/\/api.w.org\/{rel}","templated":true}]}}