{"id":472186,"date":"2024-04-04T22:38:51","date_gmt":"2024-04-04T20:38:51","guid":{"rendered":"https:\/\/schuhewiebarfuss.at\/shop\/produkt\/espadrillastyle\/"},"modified":"2026-03-10T21:33:55","modified_gmt":"2026-03-10T20:33:55","slug":"espadrillastyle","status":"publish","type":"product","link":"https:\/\/schuhewiebarfuss.at\/shop\/produkt\/espadrillastyle\/","title":{"rendered":"espadrillaStyle"},"content":{"rendered":"<p>Espadrilles sind das Must-Haves f\u00fcr jeden Sommer! Dank unserem espadrillaSTYLE m\u00fcsst ihr euch jetzt nicht mehr zwischen modischem und bequemen Schuh entscheiden, denn wir haben beides in einem! Au\u00dfer der Barfu\u00dfsohle aus Kautschuk bestehen diese Espadrilles aus Baumwolle aus kontrolliert biologischem Anbau. Als Futter setzen wir hier Tencel ein, eine Zellulosefaser, die aus Holz gewonnen wird. Diese ben\u00f6tigt in der Herstellung nicht nur deutlich weniger Wasser als vergleichbare Fasern, sondern ist auch noch besonders atmungsaktiv und somit perfekt daf\u00fcr geeignet, den Schuh tats\u00e4chlich barfu\u00df zu tragen.<\/p>\n<p><b>Audio-Beschreibung<\/b><br \/><audio controls src=\"https:\/\/schuhewiebarfuss.at\/shop\/wp-content\/uploads\/lk\/6009_audio.wav\"><br \/>\n                                            Ihr Browser unterst\u00fctzt diese Audio-Ausgabe leider nicht.<br \/>\n                                            <\/ audio ><\/p>\n","protected":false},"excerpt":{"rendered":"<p>Obermaterial: Bio-Baumwolle (kbA)<br \/>\nInnenmaterial; Tencel<br \/>\nSohle: 100 % synth. Kautschuk<br \/>\nVerschlussart: Schl\u00fcpfer <\/p>\n","protected":false},"featured_media":472185,"comment_status":"open","ping_status":"closed","template":"","meta":[],"product_brand":[],"product_cat":[3121],"product_tag":[1479,1427,1371,1368,1373,1374,1375,1376,1377,1378,1379,1380,1381,2447,1450],"class_list":{"0":"post-472186","1":"product","2":"type-product","3":"status-publish","4":"has-post-thumbnail","6":"product_cat-sale","7":"product_tag-farbe-blau","8":"product_tag-farbe-gelb","9":"product_tag-farbe-grau","10":"product_tag-groesse-37","11":"product_tag-groesse-38","12":"product_tag-groesse-39","13":"product_tag-groesse-40","14":"product_tag-groesse-41","15":"product_tag-groesse-42","16":"product_tag-groesse-43","17":"product_tag-groesse-44","18":"product_tag-groesse-45","19":"product_tag-groesse-46","20":"product_tag-marke-blifestyle","21":"product_tag-sale","23":"first","24":"instock","25":"sale","26":"taxable","27":"shipping-taxable","28":"purchasable","29":"product-type-variable"},"_links":{"self":[{"href":"https:\/\/schuhewiebarfuss.at\/shop\/wp-json\/wp\/v2\/product\/472186","targetHints":{"allow":["GET"]}}],"collection":[{"href":"https:\/\/schuhewiebarfuss.at\/shop\/wp-json\/wp\/v2\/product"}],"about":[{"href":"https:\/\/schuhewiebarfuss.at\/shop\/wp-json\/wp\/v2\/types\/product"}],"replies":[{"embeddable":true,"href":"https:\/\/schuhewiebarfuss.at\/shop\/wp-json\/wp\/v2\/comments?post=472186"}],"wp:featuredmedia":[{"embeddable":true,"href":"https:\/\/schuhewiebarfuss.at\/shop\/wp-json\/wp\/v2\/media\/472185"}],"wp:attachment":[{"href":"https:\/\/schuhewiebarfuss.at\/shop\/wp-json\/wp\/v2\/media?parent=472186"}],"wp:term":[{"taxonomy":"product_brand","embeddable":true,"href":"https:\/\/schuhewiebarfuss.at\/shop\/wp-json\/wp\/v2\/product_brand?post=472186"},{"taxonomy":"product_cat","embeddable":true,"href":"https:\/\/schuhewiebarfuss.at\/shop\/wp-json\/wp\/v2\/product_cat?post=472186"},{"taxonomy":"product_tag","embeddable":true,"href":"https:\/\/schuhewiebarfuss.at\/shop\/wp-json\/wp\/v2\/product_tag?post=472186"}],"curies":[{"name":"wp","href":"https:\/\/api.w.org\/{rel}","templated":true}]}}