{"id":472166,"date":"2024-04-04T22:28:49","date_gmt":"2024-04-04T20:28:49","guid":{"rendered":"https:\/\/schuhewiebarfuss.at\/shop\/produkt\/x-trail-schwarz\/"},"modified":"2026-02-28T19:59:18","modified_gmt":"2026-02-28T18:59:18","slug":"x-trail-schwarz","status":"publish","type":"product","link":"https:\/\/schuhewiebarfuss.at\/shop\/produkt\/x-trail-schwarz\/","title":{"rendered":"X-Trail Schwarz"},"content":{"rendered":"<p>L\u00e4stiges Riemen einstellen geh\u00f6rt der Vergangenheit an. Mit nur einem Dreh ist die Sandale sicher an deinem Fu\u00df fixiert. Schnell und einfach kann in kleinsten Schritten nachjustiert werden, um den Sitz w\u00e4hrend des Gehens zu optimieren.<\/p>\n<p>Das Obermaterial besteht aus einem speziellen gummierten Textil, welches robust, schmutzabweisend und einfach zu reinigen ist. Das Lycra Textil auf der Innenseite sorgt f\u00fcr den ben\u00f6tigten Komfort und f\u00fchlt sich angenehm weich auf der Haut an.<\/p>\n<p>Die X-Trail ist ein wahrer Allrounder und eignet sich perfekt f\u00fcr kombinierte Verh\u00e4ltnisse. Der 3-lagige Sohlenaufbau bietet beste Performance und macht die Sohlenplatte \u00e4u\u00dferst flexibel, damit sie sich dem Untergrund und deinem Fu\u00df anschmiegt. Das Profil der 4,5mm Vibram Newflex Sohle bietet Sicherheit abseits von Stra\u00dfen, auf Waldwegen oder Naturpfaden. Die 2mm EVA Mittelschicht stellt gleichzeitig den ben\u00f6tigten Komfort auf h\u00e4rteren Untergr\u00fcnden zur Verf\u00fcgung. Das 1mm dicke Microfaser Fu\u00dfbett ist rutschhemmend und antibakteriell zugleich.<\/p>\n<p>Die X-Trail Casual Sandale basiert auf dem 2021 Modell, mit modifizierten Zehenband, wie bei den\u00a0Pro Modellen. Das Zehenband wurde 7mm weiter vorne platziert, um den Druck zwischen den Zehen zu minimieren und dadurch den Komfort zu erh\u00f6hen.<\/p>\n<p><b>Audio-Beschreibung<\/b><br \/><audio controls src=\"https:\/\/schuhewiebarfuss.at\/shop\/wp-content\/uploads\/lk\/5691_audio.wav\"><br \/>\n                                            Ihr Browser unterst\u00fctzt diese Audio-Ausgabe leider nicht.<br \/>\n                                            <\/ audio ><\/p>\n","protected":false},"excerpt":{"rendered":"<p>einzigartiger Drehverschluss zum Anpassen der Sandale<br \/>\nWeicher Zehentrenner aus Baumwolle<br \/>\nSohle: 6,5\u00a0mm Vibram-Gummisohle mit dreilagigem Aufbau<br \/>\nvegan<\/p>\n","protected":false},"featured_media":472165,"comment_status":"open","ping_status":"closed","template":"","meta":[],"product_brand":[],"product_cat":[852],"product_tag":[1368,1373,1374,1375,1376,1377,1378,1379,1380,1381,1449,2469,1360],"class_list":{"0":"post-472166","1":"product","2":"type-product","3":"status-publish","4":"has-post-thumbnail","6":"product_cat-sandalen-3","7":"product_tag-groesse-37","8":"product_tag-groesse-38","9":"product_tag-groesse-39","10":"product_tag-groesse-40","11":"product_tag-groesse-41","12":"product_tag-groesse-42","13":"product_tag-groesse-43","14":"product_tag-groesse-44","15":"product_tag-groesse-45","16":"product_tag-groesse-46","17":"product_tag-groesse-47","18":"product_tag-marke-avo","19":"product_tag-standard","21":"first","22":"instock","23":"taxable","24":"shipping-taxable","25":"purchasable","26":"product-type-variable"},"_links":{"self":[{"href":"https:\/\/schuhewiebarfuss.at\/shop\/wp-json\/wp\/v2\/product\/472166","targetHints":{"allow":["GET"]}}],"collection":[{"href":"https:\/\/schuhewiebarfuss.at\/shop\/wp-json\/wp\/v2\/product"}],"about":[{"href":"https:\/\/schuhewiebarfuss.at\/shop\/wp-json\/wp\/v2\/types\/product"}],"replies":[{"embeddable":true,"href":"https:\/\/schuhewiebarfuss.at\/shop\/wp-json\/wp\/v2\/comments?post=472166"}],"wp:featuredmedia":[{"embeddable":true,"href":"https:\/\/schuhewiebarfuss.at\/shop\/wp-json\/wp\/v2\/media\/472165"}],"wp:attachment":[{"href":"https:\/\/schuhewiebarfuss.at\/shop\/wp-json\/wp\/v2\/media?parent=472166"}],"wp:term":[{"taxonomy":"product_brand","embeddable":true,"href":"https:\/\/schuhewiebarfuss.at\/shop\/wp-json\/wp\/v2\/product_brand?post=472166"},{"taxonomy":"product_cat","embeddable":true,"href":"https:\/\/schuhewiebarfuss.at\/shop\/wp-json\/wp\/v2\/product_cat?post=472166"},{"taxonomy":"product_tag","embeddable":true,"href":"https:\/\/schuhewiebarfuss.at\/shop\/wp-json\/wp\/v2\/product_tag?post=472166"}],"curies":[{"name":"wp","href":"https:\/\/api.w.org\/{rel}","templated":true}]}}