{"id":472127,"date":"2024-04-04T22:11:45","date_gmt":"2024-04-04T20:11:45","guid":{"rendered":"https:\/\/schuhewiebarfuss.at\/shop\/produkt\/scott-iii-herren-leder-schwarz\/"},"modified":"2026-02-28T17:55:27","modified_gmt":"2026-02-28T16:55:27","slug":"scott-iii-herren-leder-schwarz","status":"publish","type":"product","link":"https:\/\/schuhewiebarfuss.at\/shop\/produkt\/scott-iii-herren-leder-schwarz\/","title":{"rendered":"Scott III Herren Leder Schwarz"},"content":{"rendered":"<p>Mit den Stiefeln Vivobarefoot\u00a0Scoot III ist\u00a0es m\u00f6glich, den Herbst und Winter wie barfu\u00df zu erleben! Das Obermaterial aus Wild Hide Leder von frei lebenden Rindern in \u00c4thopien ist pflegeleicht und wasserabweisend. Das Innenmaterial aus warmem, filz\u00e4hnlichem Stoff, der aus recycelten PET Flaschen hergestellt wurde, h\u00e4lt die F\u00fc\u00dfe auch an kalten Wintertagen warm. Die rutschfeste, flexible Sohle mit hexagonaler Struktur bietet besten Halt auf nass-kalten, matschigen Oberfl\u00e4chen.<\/p>\n<p>Die herausnehmbare, 3 mm d\u00fcnne Thermal-Einlegesohle sch\u00fctzt vor Bodenk\u00e4lte und die Wasserlasche, welche die Zune mit dem Schaft verbindet, verhindert das Eindringen von Schnee und Feuchtigkeit.\u00a0<\/p>\n<p><b>Audio-Beschreibung<\/b><br \/><audio controls src=\"https:\/\/schuhewiebarfuss.at\/shop\/wp-content\/uploads\/lk\/4858_audio.wav\"><br \/>\n                                            Ihr Browser unterst\u00fctzt diese Audio-Ausgabe leider nicht.<br \/>\n                                            <\/ audio ><\/p>\n","protected":false},"excerpt":{"rendered":"<p>Modell: Winterschuh<br \/>\nObermaterial: Wild Leder<br \/>\nInnenmaterial: warmer, filz\u00e4hnlicher Stoff aus rexycelten PET Flaschen<br \/>\nInnensohle: Thermo<br \/>\nSohle: Rutschfest, 5mm V Multi HEX-FLEX Sohle<br \/>\nH\u00f6he: \u00dcber Kn\u00f6chel<br \/>\nSchn\u00fcrschuh <\/p>\n","protected":false},"featured_media":472126,"comment_status":"open","ping_status":"closed","template":"","meta":[],"product_brand":[],"product_cat":[3121],"product_tag":[1375,1376,1377,1378,1379,1380,1381,1449,2451,1450],"class_list":{"0":"post-472127","1":"product","2":"type-product","3":"status-publish","4":"has-post-thumbnail","6":"product_cat-sale","7":"product_tag-groesse-40","8":"product_tag-groesse-41","9":"product_tag-groesse-42","10":"product_tag-groesse-43","11":"product_tag-groesse-44","12":"product_tag-groesse-45","13":"product_tag-groesse-46","14":"product_tag-groesse-47","15":"product_tag-marke-vivobarefoot","16":"product_tag-sale","18":"first","19":"outofstock","20":"taxable","21":"shipping-taxable","22":"product-type-variable"},"_links":{"self":[{"href":"https:\/\/schuhewiebarfuss.at\/shop\/wp-json\/wp\/v2\/product\/472127","targetHints":{"allow":["GET"]}}],"collection":[{"href":"https:\/\/schuhewiebarfuss.at\/shop\/wp-json\/wp\/v2\/product"}],"about":[{"href":"https:\/\/schuhewiebarfuss.at\/shop\/wp-json\/wp\/v2\/types\/product"}],"replies":[{"embeddable":true,"href":"https:\/\/schuhewiebarfuss.at\/shop\/wp-json\/wp\/v2\/comments?post=472127"}],"wp:featuredmedia":[{"embeddable":true,"href":"https:\/\/schuhewiebarfuss.at\/shop\/wp-json\/wp\/v2\/media\/472126"}],"wp:attachment":[{"href":"https:\/\/schuhewiebarfuss.at\/shop\/wp-json\/wp\/v2\/media?parent=472127"}],"wp:term":[{"taxonomy":"product_brand","embeddable":true,"href":"https:\/\/schuhewiebarfuss.at\/shop\/wp-json\/wp\/v2\/product_brand?post=472127"},{"taxonomy":"product_cat","embeddable":true,"href":"https:\/\/schuhewiebarfuss.at\/shop\/wp-json\/wp\/v2\/product_cat?post=472127"},{"taxonomy":"product_tag","embeddable":true,"href":"https:\/\/schuhewiebarfuss.at\/shop\/wp-json\/wp\/v2\/product_tag?post=472127"}],"curies":[{"name":"wp","href":"https:\/\/api.w.org\/{rel}","templated":true}]}}