{"id":471942,"date":"2024-04-04T20:24:51","date_gmt":"2024-04-04T18:24:51","guid":{"rendered":"https:\/\/schuhewiebarfuss.at\/shop\/produkt\/starlite-herren-schwarz\/"},"modified":"2026-03-01T12:14:29","modified_gmt":"2026-03-01T11:14:29","slug":"starlite-herren-schwarz","status":"publish","type":"product","link":"https:\/\/schuhewiebarfuss.at\/shop\/produkt\/starlite-herren-schwarz\/","title":{"rendered":"Starlite Herren Schwarz"},"content":{"rendered":"<p>Mach den ersten Schritt mit dem Groundies Starlite und erlebe das ultimative Barfu\u00dfgef\u00fchl f\u00fcr deinen urbanen Lifestyle. Dieser Sneaker markiert den Beginn einer Reise zu einem authentischen, nat\u00fcrlichen Laufstil und einem revolution\u00e4ren K\u00f6rperbewusstsein. Er kombiniert h\u00f6chste Qualit\u00e4t und minimalistisches Design mit unserer innovativen Street Performance Sohle mit Zero Drop ? optisch erh\u00f6ht, ist diese dabei absolut flach und flexibel. In Verbindung mit der gegen\u00fcber herk\u00f6mmlichen Sneakern breiteren Zehenbox, wird so, genau wie beim Barfu\u00dflaufen, der maximale Kontakt zum Boden und die nat\u00fcrliche St\u00e4rkung deiner Fu\u00dfmuskulatur erm\u00f6glicht. So entsteht ein Laufgef\u00fchl, das du so vermutlich noch nicht erlebt hast. Damit sich dein Fu\u00df den ganzen Tag \u00fcber durchgehend frisch f\u00fchlt, bietet das atmungsaktive OnSteam\u00ae Innenfutter einen au\u00dfergew\u00f6hnlichen Tragekomfort und ein optimales Fu\u00dfklima. Mit dem Starlite bist du rundum perfekt ausgestattet f\u00fcr deinen City Trip und machst jeden Schritt zu einem stylishen und gesunden Wohlf\u00fchlerlebnis.<\/p>\n<p>Erweiterter Regular Fit: breiter als \u00fcbliche Sneaker f\u00fcr mehr Fu\u00dffreiheit<br \/>\nTrueSense\u00ae GSP1 Sohle mit 3,2 mm Basis und 2,8 mm Profil<br \/>\nZero Drop: Nullabsatz &amp; neutrales Fu\u00dfbett<br \/>\nObermaterial: Mix aus Glatt- und Veloursleder sowie Textil mit Crinkle-Effekt<br \/>\nWeiches, atmungsaktives OnSteam\u00ae Innenfutter<br \/>\nFlache und feinf\u00fchlige Sohle<br \/>\nFlexibel, rutsch- und abriebfest<br \/>\nDesigned in Germany. Made in Portugal<br \/>\nGr\u00f6\u00dfenhinweis: F\u00e4llt eine Nummer gr\u00f6\u00dfer aus<\/p>\n<p>Pflegehinweise:<\/p>\n<p>Mit Bedacht solltest du deine Lederschuhe behandeln. Wir bitten dich hier die \u00fcblichen Hinweise zur richtigen Pflege von Lederschuhen zu beachten. Leder darf nicht mit Reinigungsmittel ges\u00e4ubert werden und ben\u00f6tigt immer mal wieder Feuchtigkeit. Die Behandlung mit einfachem Wachs oder einem Lederpflegemittel aus unserem Zubeh\u00f6r k\u00f6nnen wir empfehlen.<\/p>\n<p><b>Audio-Beschreibung<\/b><br \/><audio controls src=\"https:\/\/schuhewiebarfuss.at\/shop\/wp-content\/uploads\/lk\/9388_audio.wav\"><br \/>\n                                            Ihr Browser unterst\u00fctzt diese Audio-Ausgabe leider nicht.<br \/>\n                                            <\/ audio ><\/p>\n","protected":false},"excerpt":{"rendered":"<p>Glatt- und Veloursleder sowie Textil mit Crinkle-Effekt<br \/>\natmungsaktives Innenfutter<br \/>\nFlache und feinf\u00fchlige Sohle<br \/>\nFlexibel, rutsch- und abriebfest<br \/>\nErweiterter Regular Fit: breiter als \u00fcbliche Sneaker<\/p>\n","protected":false},"featured_media":471941,"comment_status":"open","ping_status":"closed","template":"","meta":[],"product_brand":[],"product_cat":[838],"product_tag":[1375,1376,1377,1378,1379,1380,1381,1449,2953],"class_list":{"0":"post-471942","1":"product","2":"type-product","3":"status-publish","4":"has-post-thumbnail","6":"product_cat-sport-3","7":"product_tag-groesse-40","8":"product_tag-groesse-41","9":"product_tag-groesse-42","10":"product_tag-groesse-43","11":"product_tag-groesse-44","12":"product_tag-groesse-45","13":"product_tag-groesse-46","14":"product_tag-groesse-47","15":"product_tag-marke-groundies","17":"first","18":"instock","19":"taxable","20":"shipping-taxable","21":"purchasable","22":"product-type-variable"},"_links":{"self":[{"href":"https:\/\/schuhewiebarfuss.at\/shop\/wp-json\/wp\/v2\/product\/471942","targetHints":{"allow":["GET"]}}],"collection":[{"href":"https:\/\/schuhewiebarfuss.at\/shop\/wp-json\/wp\/v2\/product"}],"about":[{"href":"https:\/\/schuhewiebarfuss.at\/shop\/wp-json\/wp\/v2\/types\/product"}],"replies":[{"embeddable":true,"href":"https:\/\/schuhewiebarfuss.at\/shop\/wp-json\/wp\/v2\/comments?post=471942"}],"wp:featuredmedia":[{"embeddable":true,"href":"https:\/\/schuhewiebarfuss.at\/shop\/wp-json\/wp\/v2\/media\/471941"}],"wp:attachment":[{"href":"https:\/\/schuhewiebarfuss.at\/shop\/wp-json\/wp\/v2\/media?parent=471942"}],"wp:term":[{"taxonomy":"product_brand","embeddable":true,"href":"https:\/\/schuhewiebarfuss.at\/shop\/wp-json\/wp\/v2\/product_brand?post=471942"},{"taxonomy":"product_cat","embeddable":true,"href":"https:\/\/schuhewiebarfuss.at\/shop\/wp-json\/wp\/v2\/product_cat?post=471942"},{"taxonomy":"product_tag","embeddable":true,"href":"https:\/\/schuhewiebarfuss.at\/shop\/wp-json\/wp\/v2\/product_tag?post=471942"}],"curies":[{"name":"wp","href":"https:\/\/api.w.org\/{rel}","templated":true}]}}