{"id":471887,"date":"2024-04-04T19:55:58","date_gmt":"2024-04-04T17:55:58","guid":{"rendered":"https:\/\/schuhewiebarfuss.at\/shop\/produkt\/geo-court-herren\/"},"modified":"2026-02-28T21:08:58","modified_gmt":"2026-02-28T20:08:58","slug":"geo-court-herren","status":"publish","type":"product","link":"https:\/\/schuhewiebarfuss.at\/shop\/produkt\/geo-court-herren\/","title":{"rendered":"Geo Court Herren"},"content":{"rendered":"<p>Der GEO COURT erweitert unser Barfu\u00dfschuh-Sortiment um einen zeitgem\u00e4\u00dfen Touch. Ein klares, schlichtes und doch unverwechselbares Design.<\/p>\n<p>Das schlichte Obermaterial ruht auf einer sechseckig strukturierten Gummisohle, die sich um die Ferse legt. Ein dezent gepr\u00e4gtesVIVOBAREFOOT Branding an der Schuhseite und eine farblich abgesetzte Fersenpartie verleihen dem Schuh ein elegantes Erscheinungsbild. Biobaumwoll-Schn\u00fcrsenkel und ein hochwertiges Lederinnenfutter runden den minimalistischen Barfu\u00dfschuh ab.<\/p>\n<p><b>Audio-Beschreibung<\/b><br \/><audio controls src=\"https:\/\/schuhewiebarfuss.at\/shop\/wp-content\/uploads\/lk\/6149_audio.wav\"><br \/>\n                                            Ihr Browser unterst\u00fctzt diese Audio-Ausgabe leider nicht.<br \/>\n                                            <\/ audio ><\/p>\n","protected":false},"excerpt":{"rendered":"<p>Obermaterial: Recyceltes Glattleder<br \/>\nInnenmaterial: Leder<br \/>\nSohle: Patentierte, durchsto\u00dffeste 3mm PRO5 Movement-Sohle mit Wabenstruktur<br \/>\nSohlendicke: weniger als 6 mm<br \/>\nFu\u00dfform: breit, mittlere Breite, mittlere Spannh\u00f6he<br \/>\nSchn\u00fcrung: Bio-Baumwoll Schn\u00fcrsenkel<br \/>\nherausnehmbare Performance-Einlegesohle<\/p>\n","protected":false},"featured_media":471886,"comment_status":"open","ping_status":"closed","template":"","meta":[],"product_brand":[],"product_cat":[3121],"product_tag":[1479,1371,1408,1651,1375,1376,1377,1378,1379,1380,1381,1449,2451,1450],"class_list":{"0":"post-471887","1":"product","2":"type-product","3":"status-publish","4":"has-post-thumbnail","6":"product_cat-sale","7":"product_tag-farbe-blau","8":"product_tag-farbe-grau","9":"product_tag-farbe-schwarz","10":"product_tag-farbe-weiss","11":"product_tag-groesse-40","12":"product_tag-groesse-41","13":"product_tag-groesse-42","14":"product_tag-groesse-43","15":"product_tag-groesse-44","16":"product_tag-groesse-45","17":"product_tag-groesse-46","18":"product_tag-groesse-47","19":"product_tag-marke-vivobarefoot","20":"product_tag-sale","22":"first","23":"instock","24":"taxable","25":"shipping-taxable","26":"purchasable","27":"product-type-variable"},"_links":{"self":[{"href":"https:\/\/schuhewiebarfuss.at\/shop\/wp-json\/wp\/v2\/product\/471887","targetHints":{"allow":["GET"]}}],"collection":[{"href":"https:\/\/schuhewiebarfuss.at\/shop\/wp-json\/wp\/v2\/product"}],"about":[{"href":"https:\/\/schuhewiebarfuss.at\/shop\/wp-json\/wp\/v2\/types\/product"}],"replies":[{"embeddable":true,"href":"https:\/\/schuhewiebarfuss.at\/shop\/wp-json\/wp\/v2\/comments?post=471887"}],"wp:featuredmedia":[{"embeddable":true,"href":"https:\/\/schuhewiebarfuss.at\/shop\/wp-json\/wp\/v2\/media\/471886"}],"wp:attachment":[{"href":"https:\/\/schuhewiebarfuss.at\/shop\/wp-json\/wp\/v2\/media?parent=471887"}],"wp:term":[{"taxonomy":"product_brand","embeddable":true,"href":"https:\/\/schuhewiebarfuss.at\/shop\/wp-json\/wp\/v2\/product_brand?post=471887"},{"taxonomy":"product_cat","embeddable":true,"href":"https:\/\/schuhewiebarfuss.at\/shop\/wp-json\/wp\/v2\/product_cat?post=471887"},{"taxonomy":"product_tag","embeddable":true,"href":"https:\/\/schuhewiebarfuss.at\/shop\/wp-json\/wp\/v2\/product_tag?post=471887"}],"curies":[{"name":"wp","href":"https:\/\/api.w.org\/{rel}","templated":true}]}}