{"id":471848,"date":"2024-04-04T19:50:44","date_gmt":"2024-04-04T17:50:44","guid":{"rendered":"https:\/\/schuhewiebarfuss.at\/shop\/produkt\/hana-canvas-herren\/"},"modified":"2026-03-01T16:35:49","modified_gmt":"2026-03-01T15:35:49","slug":"hana-canvas-herren","status":"publish","type":"product","link":"https:\/\/schuhewiebarfuss.at\/shop\/produkt\/hana-canvas-herren\/","title":{"rendered":"Hana Canvas Herren"},"content":{"rendered":"<p>Minimalistischer, l\u00e4ssiger Casual Schuh aus wasserabweisendem Canvas<\/p>\n<p>Der Hana ist der erste geschlossene Schuh des Barfu\u00dfsportsandalen Innovators Xero und kommt mit einer 5,5mm Sohle + herausnehmbaren 2mm Einlegesohle daher, die Barfu\u00dfeinsteiger begeistern und Barfu\u00dfprofis \u00fcberraschen wird. Nach 3 Tagen Eintragen weich und flexibel, hat die Sohle ein leichtes Profil mit gutem Grip und macht daher viel mehr mit als ein 08\/15 Sneaker. Das Canvas Obermaterial aus Baumwolle ist tough und dazu noch wasserabweisend behandelt, h\u00e4lt also auch ein paar Regentropfen oder taunasses Gras aus. Wie bei allen hydrophobierten Schuhen bitte regelm\u00e4\u00dfig mit Impr\u00e4gniermittel  nachbehandeln damit es so bleibt. Die Zehenbox ist wunderbar breit, langlebig durch die d\u00fcnne Gummikappe und durch den Huarache Riehmen an der  Schn\u00fcrung und Ferse hast du IMMER einen sicheren Sitz um den Mittelfu\u00df und K\u00f6chel damit deine Zehen sich entspannen k\u00f6nnen. Gummieins\u00e4tze am Einstieg lassen dich einmal schn\u00fcren und dann einfach rein und raus schl\u00fcpfen!<\/p>\n<p><b>Audio-Beschreibung<\/b><br \/><audio controls src=\"https:\/\/schuhewiebarfuss.at\/shop\/wp-content\/uploads\/lk\/5973_audio.wav\"><br \/>\n                                            Ihr Browser unterst\u00fctzt diese Audio-Ausgabe leider nicht.<br \/>\n                                            <\/ audio ><\/p>\n","protected":false},"excerpt":{"rendered":"<p>Natural fit Fu\u00dff\u00f6rmiger Schnitt mit breiter Zehenbox f\u00fcr gerade Zehen und entspanntes Abrollen, Sohle ohne Sprengung f\u00fcr nat\u00fcrlich aufrechte K\u00f6rperhaltung<br \/>\nNatural Function 5,5mm patentierte FeelTrue Sohle mit 5 000 Meilen Garantie; biegsam im L\u00e4ngs- und im Quergew\u00f6lbe damit deine F\u00fc\u00dfe ihre volle Flexibilit\u00e4t entfalten k\u00f6nnen<br \/>\nNatural Feel federleicht mit 226g in M8 geben dir deine Xeros guten Groundfeel f\u00fcr optimales K\u00f6rpergef\u00fchl und genug Schutz f\u00fcr sicheres Auftreten<br \/>\nwasserabweisend<br \/>\nVegan<br \/>\nReinigung: mit Wasser und Seife<br \/>\npassend f\u00fcr normale und breite F\u00fc\u00dfe<\/p>\n","protected":false},"featured_media":471847,"comment_status":"open","ping_status":"closed","template":"","meta":[],"product_brand":[],"product_cat":[3121],"product_tag":[3157,1371,1480,1408,1375,1376,1377,1378,1379,1380,1381,1449,2446,1450],"class_list":{"0":"post-471848","1":"product","2":"type-product","3":"status-publish","4":"has-post-thumbnail","6":"product_cat-sale","7":"product_tag-farbe-carob","8":"product_tag-farbe-grau","9":"product_tag-farbe-orange","10":"product_tag-farbe-schwarz","11":"product_tag-groesse-40","12":"product_tag-groesse-41","13":"product_tag-groesse-42","14":"product_tag-groesse-43","15":"product_tag-groesse-44","16":"product_tag-groesse-45","17":"product_tag-groesse-46","18":"product_tag-groesse-47","19":"product_tag-marke-xero","20":"product_tag-sale","22":"first","23":"instock","24":"taxable","25":"shipping-taxable","26":"purchasable","27":"product-type-variable"},"_links":{"self":[{"href":"https:\/\/schuhewiebarfuss.at\/shop\/wp-json\/wp\/v2\/product\/471848","targetHints":{"allow":["GET"]}}],"collection":[{"href":"https:\/\/schuhewiebarfuss.at\/shop\/wp-json\/wp\/v2\/product"}],"about":[{"href":"https:\/\/schuhewiebarfuss.at\/shop\/wp-json\/wp\/v2\/types\/product"}],"replies":[{"embeddable":true,"href":"https:\/\/schuhewiebarfuss.at\/shop\/wp-json\/wp\/v2\/comments?post=471848"}],"wp:featuredmedia":[{"embeddable":true,"href":"https:\/\/schuhewiebarfuss.at\/shop\/wp-json\/wp\/v2\/media\/471847"}],"wp:attachment":[{"href":"https:\/\/schuhewiebarfuss.at\/shop\/wp-json\/wp\/v2\/media?parent=471848"}],"wp:term":[{"taxonomy":"product_brand","embeddable":true,"href":"https:\/\/schuhewiebarfuss.at\/shop\/wp-json\/wp\/v2\/product_brand?post=471848"},{"taxonomy":"product_cat","embeddable":true,"href":"https:\/\/schuhewiebarfuss.at\/shop\/wp-json\/wp\/v2\/product_cat?post=471848"},{"taxonomy":"product_tag","embeddable":true,"href":"https:\/\/schuhewiebarfuss.at\/shop\/wp-json\/wp\/v2\/product_tag?post=471848"}],"curies":[{"name":"wp","href":"https:\/\/api.w.org\/{rel}","templated":true}]}}