{"id":471781,"date":"2024-04-04T19:37:55","date_gmt":"2024-04-04T17:37:55","guid":{"rendered":"https:\/\/schuhewiebarfuss.at\/shop\/produkt\/alpine-damen-weiss\/"},"modified":"2026-02-28T18:38:49","modified_gmt":"2026-02-28T17:38:49","slug":"alpine-damen","status":"publish","type":"product","link":"https:\/\/schuhewiebarfuss.at\/shop\/produkt\/alpine-damen\/","title":{"rendered":"Alpine Damen"},"content":{"rendered":"<p>Der Xero Alpine ist ein minimalistischer, leichter und wasserdichter Schneestiefel. Er h\u00e4lt die F\u00fc\u00dfe auch im tiefsten Winter warm und trocken, ohne sie in ihrer Bewegungsfreiheit einzuschr\u00e4nken.\u00a0<br \/>\nDurch seinen vollst\u00e4ndig nahtversiegelten Innenschuh und einer wasserabweisenden Membran im Schaft des Stiefels wird die N\u00e4sse  drau\u00dfen gehalten. Das isolierende Futter aus Polyester-Fleece speichert die W\u00e4rme im Schuh. Zus\u00e4tzlich sch\u00fctzt eine w\u00e4rmereflektierende Einlegesohle vor der Bodenk\u00e4lte.\u00a0<br \/>\nDie FeelTrue-Gummisohle sorgt f\u00fcr gute Bodenhaftung auf allen Untergr\u00fcnden.<br \/>\nAchtung: Die Sohle der Xero Alpine ist\u00a0f\u00fcr einen Barfu\u00dfschuh relativ steiff, sie wird jedoch durch das Tragen der Schuhe flexibler.\u00a0<\/p>\n<p><b>Audio-Beschreibung<\/b><br \/><audio controls src=\"https:\/\/schuhewiebarfuss.at\/shop\/wp-content\/uploads\/lk\/5415_audio.wav\"><br \/>\n                                            Ihr Browser unterst\u00fctzt diese Audio-Ausgabe leider nicht.<br \/>\n                                            <\/ audio ><\/p>\n","protected":false},"excerpt":{"rendered":"<p>Obermaterial:\u00a0Textil<br \/>\nInnenmaterial:\u00a0Polyester-Fleece<br \/>\nwasserdichte Membran<br \/>\nherausnehmbare, w\u00e4rmereflektierende\u00a0Einlegesohle<br \/>\nvegan<br \/>\nergonomische Zehenbox<\/p>\n","protected":false},"featured_media":471780,"comment_status":"open","ping_status":"closed","template":"","meta":[],"product_brand":[],"product_cat":[3121],"product_tag":[1651,1362,1368,1373,1374,1375,1376,2317,2446,1450],"class_list":{"0":"post-471781","1":"product","2":"type-product","3":"status-publish","4":"has-post-thumbnail","6":"product_cat-sale","7":"product_tag-farbe-weiss","8":"product_tag-groesse-36","9":"product_tag-groesse-37","10":"product_tag-groesse-38","11":"product_tag-groesse-39","12":"product_tag-groesse-40","13":"product_tag-groesse-41","14":"product_tag-groesse-41-5","15":"product_tag-marke-xero","16":"product_tag-sale","18":"first","19":"instock","20":"taxable","21":"shipping-taxable","22":"purchasable","23":"product-type-variable"},"_links":{"self":[{"href":"https:\/\/schuhewiebarfuss.at\/shop\/wp-json\/wp\/v2\/product\/471781","targetHints":{"allow":["GET"]}}],"collection":[{"href":"https:\/\/schuhewiebarfuss.at\/shop\/wp-json\/wp\/v2\/product"}],"about":[{"href":"https:\/\/schuhewiebarfuss.at\/shop\/wp-json\/wp\/v2\/types\/product"}],"replies":[{"embeddable":true,"href":"https:\/\/schuhewiebarfuss.at\/shop\/wp-json\/wp\/v2\/comments?post=471781"}],"wp:featuredmedia":[{"embeddable":true,"href":"https:\/\/schuhewiebarfuss.at\/shop\/wp-json\/wp\/v2\/media\/471780"}],"wp:attachment":[{"href":"https:\/\/schuhewiebarfuss.at\/shop\/wp-json\/wp\/v2\/media?parent=471781"}],"wp:term":[{"taxonomy":"product_brand","embeddable":true,"href":"https:\/\/schuhewiebarfuss.at\/shop\/wp-json\/wp\/v2\/product_brand?post=471781"},{"taxonomy":"product_cat","embeddable":true,"href":"https:\/\/schuhewiebarfuss.at\/shop\/wp-json\/wp\/v2\/product_cat?post=471781"},{"taxonomy":"product_tag","embeddable":true,"href":"https:\/\/schuhewiebarfuss.at\/shop\/wp-json\/wp\/v2\/product_tag?post=471781"}],"curies":[{"name":"wp","href":"https:\/\/api.w.org\/{rel}","templated":true}]}}