{"id":471752,"date":"2024-04-04T19:35:52","date_gmt":"2024-04-04T17:35:52","guid":{"rendered":"https:\/\/schuhewiebarfuss.at\/shop\/produkt\/ashland-damen\/"},"modified":"2026-03-06T07:04:04","modified_gmt":"2026-03-06T06:04:04","slug":"ashland-damen","status":"publish","type":"product","link":"https:\/\/schuhewiebarfuss.at\/shop\/produkt\/ashland-damen\/","title":{"rendered":"Ashland Damen"},"content":{"rendered":"<p>Material: Au\u00dfensohle: Gummi, Obermaterial: Wasserabweisender Hanf. Innenfutter: weicher Flanell, Faux-Shearling. 100% vegan.<\/p>\n<p>Suchst Du einen l\u00e4ssigen Freizeitstiefel, in den man in sekundenschnelle reingeschl\u00fcpft ist und der auch noch zu fast jedem Outfit passt? Dann ist der Ashland-Boot von Xero Shoes genau der richtige f\u00fcr Dich.<br \/>\nDas Obermaterial besteht aus einem nachhaltig erzeugten, nat\u00fcrlich wasserabweisenden Hanf-Gewebe, das Deine F\u00fc\u00dfe auch an regnerischen Tagen trocken h\u00e4lt. Das kuschelig weiche Flanell-Innenfutter, abgerundet mit einem Faux-Shearling Kragen, sorgt f\u00fcr zus\u00e4tzliche W\u00e4rme und Komfort.<br \/>\nDurch die 5,5mm d\u00fcnne FeelTrue\u00ae Sohle wird jeder Bewegung des Fu\u00dfes Freiraum gegeben, w\u00e4hrend ihr spezielles Double Chevron Profil f\u00fcr einen hervorragenden Grip sorgt.<\/p>\n<p><b>Audio-Beschreibung<\/b><br \/><audio controls src=\"https:\/\/schuhewiebarfuss.at\/shop\/wp-content\/uploads\/lk\/5968_audio.wav\"><br \/>\n                                            Ihr Browser unterst\u00fctzt diese Audio-Ausgabe leider nicht.<br \/>\n                                            <\/ audio ><\/p>\n","protected":false},"excerpt":{"rendered":"<p>Au\u00dfensohle: Gummi<br \/>\nObermaterial: Wasserabweisender Hanf<br \/>\nInnenfutter: weicher Flanell, Faux-Shearling<br \/>\n100% vegan.<\/p>\n","protected":false},"featured_media":471751,"comment_status":"open","ping_status":"closed","template":"","meta":[],"product_brand":[],"product_cat":[834],"product_tag":[1544,1371,1408,3076,1362,1368,2315,1373,1525,1374,1375,1376,2317,1377,2412,2446],"class_list":{"0":"post-471752","1":"product","2":"type-product","3":"status-publish","4":"has-post-thumbnail","6":"product_cat-winterschuhe-4","7":"product_tag-farbe-braun","8":"product_tag-farbe-grau","9":"product_tag-farbe-schwarz","10":"product_tag-farbe-sparrow","11":"product_tag-groesse-36","12":"product_tag-groesse-37","13":"product_tag-groesse-37-5","14":"product_tag-groesse-38","15":"product_tag-groesse-38-5","16":"product_tag-groesse-39","17":"product_tag-groesse-40","18":"product_tag-groesse-41","19":"product_tag-groesse-41-5","20":"product_tag-groesse-42","21":"product_tag-groesse-42-5","22":"product_tag-marke-xero","24":"first","25":"instock","26":"taxable","27":"shipping-taxable","28":"purchasable","29":"product-type-variable"},"_links":{"self":[{"href":"https:\/\/schuhewiebarfuss.at\/shop\/wp-json\/wp\/v2\/product\/471752","targetHints":{"allow":["GET"]}}],"collection":[{"href":"https:\/\/schuhewiebarfuss.at\/shop\/wp-json\/wp\/v2\/product"}],"about":[{"href":"https:\/\/schuhewiebarfuss.at\/shop\/wp-json\/wp\/v2\/types\/product"}],"replies":[{"embeddable":true,"href":"https:\/\/schuhewiebarfuss.at\/shop\/wp-json\/wp\/v2\/comments?post=471752"}],"wp:featuredmedia":[{"embeddable":true,"href":"https:\/\/schuhewiebarfuss.at\/shop\/wp-json\/wp\/v2\/media\/471751"}],"wp:attachment":[{"href":"https:\/\/schuhewiebarfuss.at\/shop\/wp-json\/wp\/v2\/media?parent=471752"}],"wp:term":[{"taxonomy":"product_brand","embeddable":true,"href":"https:\/\/schuhewiebarfuss.at\/shop\/wp-json\/wp\/v2\/product_brand?post=471752"},{"taxonomy":"product_cat","embeddable":true,"href":"https:\/\/schuhewiebarfuss.at\/shop\/wp-json\/wp\/v2\/product_cat?post=471752"},{"taxonomy":"product_tag","embeddable":true,"href":"https:\/\/schuhewiebarfuss.at\/shop\/wp-json\/wp\/v2\/product_tag?post=471752"}],"curies":[{"name":"wp","href":"https:\/\/api.w.org\/{rel}","templated":true}]}}