{"id":471559,"date":"2024-04-04T18:56:59","date_gmt":"2024-04-04T16:56:59","guid":{"rendered":"https:\/\/schuhewiebarfuss.at\/shop\/produkt\/zelen-damen\/"},"modified":"2026-02-28T19:30:19","modified_gmt":"2026-02-28T18:30:19","slug":"zelen-damen","status":"publish","type":"product","link":"https:\/\/schuhewiebarfuss.at\/shop\/produkt\/zelen-damen\/","title":{"rendered":"Zelen Damen"},"content":{"rendered":"<p>Wir stellen den umweltfreundlichen Zelen vor: Komfort und Nachhaltigkeit vereinen sich in diesem minimalistischen, Zero-Drop Stra\u00dfenlaufschuh aus biologisch abbaubaren und recycelten Materialien.<br \/>\nUMWELTFREUNDLICH. VEGAN-FREUNDLICH. FUSSFREUNDLICH<\/p>\n<p>Der Zelen verf\u00fcgt \u00fcber ein atmungsaktives, gestricktes Obermaterial aus rPET-Recyclingmaterial und eine seidig-weiche, biologisch abbaubare Einlegesohle, damit Sie es Kilometer f\u00fcr Kilometer k\u00fchl und bequem haben.<\/p>\n<p>Die flexible und dennoch strapazierf\u00e4hige 5,0 mm FeelTrue\u00ae-Sohle besteht aus verbessertem, biologisch abbaubarem Gummi und verf\u00fcgt \u00fcber ein von Reifen inspiriertes Profil, das Ihnen sicheren Halt und Kontrolle auf Asphalt, Zement und Stra\u00dfenpflaster bietet \u2013 und das alles, ohne das Bodengef\u00fchl und Feedback zu beeintr\u00e4chtigen, das Sie an Xero Shoes lieben.<\/p>\n<p>Die aus umweltfreundlichen, recycelten Materialien gefertigten Spanngurte sind verstellbar und sorgen f\u00fcr zus\u00e4tzlichen Halt und Stabilit\u00e4t, damit du weiter und schneller laufen kannst. Mit einem Gewicht von 221 Gramm pro Schuh in der Herrengr\u00f6\u00dfe 42 (185 Gramm pro Schuh in der Damengr\u00f6\u00dfe 37.5) wird dich das kaum sp\u00fcrbare Gef\u00fchl dieses nachhaltigen Laufschuhs die Stra\u00dfe hinunterfliegen und &#8222;Zelen&#8220; schreien lassen!<br \/>\nLEISTUNG UND STIL<\/p>\n<p>Der brandneue Zelen ist ein umweltfreundlicher Performance-Schuh, der schnell genug ist, um den n\u00e4chsten Halbmarathon zu bew\u00e4ltigen, aber auch stylisch genug, um ihn mit Jeans, Shorts oder so ziemlich jedem Outfit zu kombinieren. <\/p>\n<p><b>Audio-Beschreibung<\/b><br \/><audio controls src=\"https:\/\/schuhewiebarfuss.at\/shop\/wp-content\/uploads\/lk\/5992_audio.wav\"><br \/>\n                                            Ihr Browser unterst\u00fctzt diese Audio-Ausgabe leider nicht.<br \/>\n                                            <\/ audio ><\/p>\n","protected":false},"excerpt":{"rendered":"<p>Obermaterial: Textil\/Mesh<br \/>\nInnenmaterail: Mesh<br \/>\nInnensohle: Herausnehmbar<br \/>\nSohle: FeelTrue<br \/>\nVerschlussart: Schn\u00fcrung <\/p>\n","protected":false},"featured_media":471558,"comment_status":"open","ping_status":"closed","template":"","meta":[],"product_brand":[],"product_cat":[3121],"product_tag":[1479,2233,1371,1408,1362,1368,1373,1374,1375,1376,1377,2446,1450],"class_list":{"0":"post-471559","1":"product","2":"type-product","3":"status-publish","4":"has-post-thumbnail","6":"product_cat-sale","7":"product_tag-farbe-blau","8":"product_tag-farbe-dunkelrot","9":"product_tag-farbe-grau","10":"product_tag-farbe-schwarz","11":"product_tag-groesse-36","12":"product_tag-groesse-37","13":"product_tag-groesse-38","14":"product_tag-groesse-39","15":"product_tag-groesse-40","16":"product_tag-groesse-41","17":"product_tag-groesse-42","18":"product_tag-marke-xero","19":"product_tag-sale","21":"first","22":"instock","23":"sale","24":"taxable","25":"shipping-taxable","26":"purchasable","27":"product-type-variable"},"_links":{"self":[{"href":"https:\/\/schuhewiebarfuss.at\/shop\/wp-json\/wp\/v2\/product\/471559","targetHints":{"allow":["GET"]}}],"collection":[{"href":"https:\/\/schuhewiebarfuss.at\/shop\/wp-json\/wp\/v2\/product"}],"about":[{"href":"https:\/\/schuhewiebarfuss.at\/shop\/wp-json\/wp\/v2\/types\/product"}],"replies":[{"embeddable":true,"href":"https:\/\/schuhewiebarfuss.at\/shop\/wp-json\/wp\/v2\/comments?post=471559"}],"wp:featuredmedia":[{"embeddable":true,"href":"https:\/\/schuhewiebarfuss.at\/shop\/wp-json\/wp\/v2\/media\/471558"}],"wp:attachment":[{"href":"https:\/\/schuhewiebarfuss.at\/shop\/wp-json\/wp\/v2\/media?parent=471559"}],"wp:term":[{"taxonomy":"product_brand","embeddable":true,"href":"https:\/\/schuhewiebarfuss.at\/shop\/wp-json\/wp\/v2\/product_brand?post=471559"},{"taxonomy":"product_cat","embeddable":true,"href":"https:\/\/schuhewiebarfuss.at\/shop\/wp-json\/wp\/v2\/product_cat?post=471559"},{"taxonomy":"product_tag","embeddable":true,"href":"https:\/\/schuhewiebarfuss.at\/shop\/wp-json\/wp\/v2\/product_tag?post=471559"}],"curies":[{"name":"wp","href":"https:\/\/api.w.org\/{rel}","templated":true}]}}