{"id":471491,"date":"2024-04-04T18:11:46","date_gmt":"2024-04-04T16:11:46","guid":{"rendered":"https:\/\/schuhewiebarfuss.at\/shop\/produkt\/primus-knit-ii-damen\/"},"modified":"2026-03-01T07:38:48","modified_gmt":"2026-03-01T06:38:48","slug":"primus-knit-ii-damen","status":"publish","type":"product","link":"https:\/\/schuhewiebarfuss.at\/shop\/produkt\/primus-knit-ii-damen\/","title":{"rendered":"Primus Knit II Damen"},"content":{"rendered":"<p>Der supernat\u00fcrliche Sneaker f\u00fcr jeden Tag, gut f\u00fcr F\u00fc\u00dfe und Planeten<\/p>\n<p>Erleben Sie jeden Tag unbeschwerten Komfort. Der Primus Knit II besteht aus einer gestrickten Wollsocke und wurde in Zusammenarbeit mit The Woolmark Company\u00ae entwickelt. Dieses Schuhwerk hebt die bemerkenswerten nat\u00fcrlichen W\u00e4rmeregulierungseigenschaften von Wolle hervor. Als \u00fcberlegenes Naturmaterial erm\u00f6glicht Wolle eine hervorragende Atmungsaktivit\u00e4t, die synthetische Materialien nur schwer erreichen k\u00f6nnen. Diese Schuhe halten Ihre F\u00fc\u00dfe warm, wenn das Wetter kalt ist, und k\u00fchl, wenn es hei\u00df ist.<\/p>\n<p>Nat\u00fcrliche Materialien f\u00fcr nat\u00fcrliche F\u00fc\u00dfe<br \/>\nFu\u00dff\u00f6rmig (nicht schuhf\u00f6rmig), damit Ihre F\u00fc\u00dfe ihre nat\u00fcrliche Sache tun k\u00f6nnen.<br \/>\n\u2022 WIDE f\u00fcr nat\u00fcrliche Stabilit\u00e4t<br \/>\n\u2022 D\u00dcNN, damit Sie mehr f\u00fchlen k\u00f6nnen<br \/>\n\u2022 FLEXIBEL, um nat\u00fcrliche Bewegungen zu erm\u00f6glichen<\/p>\n<p>? (Wieder) neu und verbessert \u2013 neu hergestellt aus nachhaltigeren Materialien, die die Auswirkungen dieser Schuhe auf den Planeten verringert haben.<\/p>\n<p>? Verwendung unserer charakteristischen superflexiblen 4-mm-Sohle f\u00fcr maximales sensorisches Feedback bei minimaler Beeintr\u00e4chtigung.<\/p>\n<p>? Obermaterial aus Woolmark\u00ae-Stricksocken f\u00fcr perfekte Passform, nat\u00fcrliche Atmungsaktivit\u00e4t, Temperaturregulierung und geruchsneutralisierende Eigenschaften.<\/p>\n<p>Produktmerkmale<\/p>\n<p>AKTIVE LAUFSOHLE<br \/>\nDie Active Sole bietet das sensorischste Erlebnis unter den F\u00fc\u00dfen und bietet ultimativen Grip und Haltbarkeit auf harten Oberfl\u00e4chen in st\u00e4dtischen Umgebungen. Die charakteristische 4 mm d\u00fcnne Sohle sorgt f\u00fcr ein Minimum an Material zwischen Ihren F\u00fc\u00dfen und dem Boden.<\/p>\n<p>WILDLEDER<br \/>\nHergestellt aus nat\u00fcrlich vernarbtem Leder von freilaufenden Rindern von Kleinbauern.<\/p>\n<p>WOLLEMARK<br \/>\nHergestellt aus Woolmark\u00a9-zertifizierter Merinowolle mit nat\u00fcrlicher Atmungsaktivit\u00e4t, Temperaturregulierung und schwei\u00dfableitenden Eigenschaften. Die Woolmark \u00a9 -Zertifizierung bietet den h\u00f6chsten Standard an Qualit\u00e4t und Beschaffungssicherheit.<\/p>\n<p>Hergestellt aus nachwachsenden Naturmaterialien.<\/p>\n<p><b>Audio-Beschreibung<\/b><br \/><audio controls src=\"https:\/\/schuhewiebarfuss.at\/shop\/wp-content\/uploads\/lk\/6167_audio.wav\"><br \/>\n                                            Ihr Browser unterst\u00fctzt diese Audio-Ausgabe leider nicht.<br \/>\n                                            <\/ audio ><\/p>\n","protected":false},"excerpt":{"rendered":"<p>Obermaterial: Wildleder &#8211; das nat\u00fcrlich vernarbte Leder von freilaufenden Rindern aus kleinb\u00e4uerlichen Betrieben und Woolmark\u00a9-zertifizierte Merinowolle mit nat\u00fcrlicher Atmungsaktivit\u00e4t und temperaturregulierenden Eigenschaften<br \/>\nInnenmaterial: Mesh aus recycelten PET Flaschen<br \/>\nInnensohle: Leder<br \/>\nSohle: 3 mm d\u00fcnne Active-Laufsohle sorgt f\u00fcr ein gutes Barfu\u00dfgef\u00fchl und Halt im urbanen Umfeld<br \/>\nHerausnehmbare 3mm Performance Einlegesohle<br \/>\nSchn\u00fcrschuh\/Schlupfschuh<\/p>\n","protected":false},"featured_media":471490,"comment_status":"open","ping_status":"closed","template":"","meta":[],"product_brand":[],"product_cat":[3121],"product_tag":[2308,1408,1362,1368,1373,1374,1375,1376,1377,2451,1450],"class_list":{"0":"post-471491","1":"product","2":"type-product","3":"status-publish","4":"has-post-thumbnail","6":"product_cat-sale","7":"product_tag-farbe-rosa","8":"product_tag-farbe-schwarz","9":"product_tag-groesse-36","10":"product_tag-groesse-37","11":"product_tag-groesse-38","12":"product_tag-groesse-39","13":"product_tag-groesse-40","14":"product_tag-groesse-41","15":"product_tag-groesse-42","16":"product_tag-marke-vivobarefoot","17":"product_tag-sale","19":"first","20":"instock","21":"sale","22":"taxable","23":"shipping-taxable","24":"purchasable","25":"product-type-variable"},"_links":{"self":[{"href":"https:\/\/schuhewiebarfuss.at\/shop\/wp-json\/wp\/v2\/product\/471491","targetHints":{"allow":["GET"]}}],"collection":[{"href":"https:\/\/schuhewiebarfuss.at\/shop\/wp-json\/wp\/v2\/product"}],"about":[{"href":"https:\/\/schuhewiebarfuss.at\/shop\/wp-json\/wp\/v2\/types\/product"}],"replies":[{"embeddable":true,"href":"https:\/\/schuhewiebarfuss.at\/shop\/wp-json\/wp\/v2\/comments?post=471491"}],"wp:featuredmedia":[{"embeddable":true,"href":"https:\/\/schuhewiebarfuss.at\/shop\/wp-json\/wp\/v2\/media\/471490"}],"wp:attachment":[{"href":"https:\/\/schuhewiebarfuss.at\/shop\/wp-json\/wp\/v2\/media?parent=471491"}],"wp:term":[{"taxonomy":"product_brand","embeddable":true,"href":"https:\/\/schuhewiebarfuss.at\/shop\/wp-json\/wp\/v2\/product_brand?post=471491"},{"taxonomy":"product_cat","embeddable":true,"href":"https:\/\/schuhewiebarfuss.at\/shop\/wp-json\/wp\/v2\/product_cat?post=471491"},{"taxonomy":"product_tag","embeddable":true,"href":"https:\/\/schuhewiebarfuss.at\/shop\/wp-json\/wp\/v2\/product_tag?post=471491"}],"curies":[{"name":"wp","href":"https:\/\/api.w.org\/{rel}","templated":true}]}}