{"id":471426,"date":"2024-04-04T17:51:58","date_gmt":"2024-04-04T15:51:58","guid":{"rendered":"https:\/\/schuhewiebarfuss.at\/shop\/produkt\/vapor-glove-6-damen\/"},"modified":"2026-04-11T17:19:31","modified_gmt":"2026-04-11T15:19:31","slug":"vapor-glove-6-damen","status":"publish","type":"product","link":"https:\/\/schuhewiebarfuss.at\/shop\/produkt\/vapor-glove-6-damen\/","title":{"rendered":"Vapor Glove 6 Damen"},"content":{"rendered":"<p>Der Vapor Glove 6 &#8211; Maximale leichtgewichtige Performance in einem minimalistischen Trailrunning- und Trainingsdesign.<br \/>\nDie wohl minimalistischsten Schuhe von Merrell bieten eine Vibram EcoStep Laufsohle, die den Fu\u00df umschlie\u00dft und so maximalen Halt bietet. Das Obermaterial aus atmungsaktiven Mesh h\u00e4lt den Fu\u00df frisch. Der Vapor Glove 6 bietet maximale Leichtgewichts-Performance f\u00fcr minimalistisches Trailrunning und Training. Die Gesamth\u00f6he betr\u00e4gt bei diesen Schuhen 6 mm.<br \/>\nIdeal f\u00fcr Trails mit gelegentlichen Hindernissen und wenig bis keinem Ger\u00f6ll. Wenige Richtungs\u00e4nderungen, verschiedene Arten von Terrain mit hartem Untergrund.<\/p>\n<p>Merkmale:<\/p>\n<p>Obermaterial, Schn\u00fcrsenkel und Gewebe aus zu 100 % recyceltem atmungsaktivem Mesh<br \/>\nDurchgehende Zunge gegen das Eindringen von Schmutz<br \/>\nExterne Schlaufe hinten sichert die Ferse<br \/>\nNXT-Beschichtung gegen Geruchsbildung<br \/>\nIntegrierte Innensohle aus 30 % recyceltem EVA-Schaum<br \/>\nMit der Merrell Barefoot 2 Konstruktion nimmt der Fu\u00df eine nat\u00fcrliche Position ein<br \/>\nVibram EcoStep Recycle Laufsohle aus 30 % recyceltem Gummi f\u00fcr Strapazierf\u00e4higkeit und optimale Bodenhaftung auf nassen und trockenen Oberfl\u00e4chen<br \/>\nVegan<\/p>\n<p><b>Audio-Beschreibung<\/b><br \/><audio controls src=\"https:\/\/schuhewiebarfuss.at\/shop\/wp-content\/uploads\/lk\/6301_audio.wav\"><br \/>\n                                            Ihr Browser unterst\u00fctzt diese Audio-Ausgabe leider nicht.<br \/>\n                                            <\/ audio ><\/p>\n","protected":false},"excerpt":{"rendered":"<p>Merrell VAPOR GLOVE 6<\/p>\n<p>Obermaterial: recyceltes Mesh (Textil)<br \/>\nInnenfutter: recyceltes Mesh (Textil)<br \/>\nSohle: Vibram EcoStep Recycle Laufsohle<br \/>\nInnensohle: Integrierte Innensohle aus 30 % recyceltem EVA-Schaum, nicht herausnehmbar<br \/>\nSchn\u00fcrung: Schn\u00fcrsenkel aus recyceltem Material<br \/>\nBesonderheiten: Merrell Barefoot 2 Konstruktion, Durchgehende Zunge, NXT-Beschichtung gegen Geruchsbildung, Vegan<\/p>\n","protected":false},"featured_media":788738,"comment_status":"open","ping_status":"closed","template":"","meta":[],"product_brand":[],"product_cat":[830],"product_tag":[1479,1371,1570,2563,1429,2629,1481,2308,1600,1408,1362,1368,1373,1374,1375,1376,1377,2468],"class_list":{"0":"post-471426","1":"product","2":"type-product","3":"status-publish","4":"has-post-thumbnail","6":"product_cat-lifestyle-4","7":"product_tag-farbe-blau","8":"product_tag-farbe-grau","9":"product_tag-farbe-gruen","10":"product_tag-farbe-hellblau","11":"product_tag-farbe-hellgrau","12":"product_tag-farbe-lila","13":"product_tag-farbe-pink","14":"product_tag-farbe-rosa","15":"product_tag-farbe-rot","16":"product_tag-farbe-schwarz","17":"product_tag-groesse-36","18":"product_tag-groesse-37","19":"product_tag-groesse-38","20":"product_tag-groesse-39","21":"product_tag-groesse-40","22":"product_tag-groesse-41","23":"product_tag-groesse-42","24":"product_tag-marke-merrell","26":"first","27":"instock","28":"taxable","29":"shipping-taxable","30":"purchasable","31":"product-type-variable"},"_links":{"self":[{"href":"https:\/\/schuhewiebarfuss.at\/shop\/wp-json\/wp\/v2\/product\/471426","targetHints":{"allow":["GET"]}}],"collection":[{"href":"https:\/\/schuhewiebarfuss.at\/shop\/wp-json\/wp\/v2\/product"}],"about":[{"href":"https:\/\/schuhewiebarfuss.at\/shop\/wp-json\/wp\/v2\/types\/product"}],"replies":[{"embeddable":true,"href":"https:\/\/schuhewiebarfuss.at\/shop\/wp-json\/wp\/v2\/comments?post=471426"}],"wp:featuredmedia":[{"embeddable":true,"href":"https:\/\/schuhewiebarfuss.at\/shop\/wp-json\/wp\/v2\/media\/788738"}],"wp:attachment":[{"href":"https:\/\/schuhewiebarfuss.at\/shop\/wp-json\/wp\/v2\/media?parent=471426"}],"wp:term":[{"taxonomy":"product_brand","embeddable":true,"href":"https:\/\/schuhewiebarfuss.at\/shop\/wp-json\/wp\/v2\/product_brand?post=471426"},{"taxonomy":"product_cat","embeddable":true,"href":"https:\/\/schuhewiebarfuss.at\/shop\/wp-json\/wp\/v2\/product_cat?post=471426"},{"taxonomy":"product_tag","embeddable":true,"href":"https:\/\/schuhewiebarfuss.at\/shop\/wp-json\/wp\/v2\/product_tag?post=471426"}],"curies":[{"name":"wp","href":"https:\/\/api.w.org\/{rel}","templated":true}]}}