{"id":471340,"date":"2024-04-04T17:25:47","date_gmt":"2024-04-04T15:25:47","guid":{"rendered":"https:\/\/schuhewiebarfuss.at\/shop\/produkt\/miranda-velour-alt-rose\/"},"modified":"2026-03-11T19:48:44","modified_gmt":"2026-03-11T18:48:44","slug":"miranda-velour-alt-rose","status":"publish","type":"product","link":"https:\/\/schuhewiebarfuss.at\/shop\/produkt\/miranda-velour-alt-rose\/","title":{"rendered":"Miranda Velour Alt Ros\u00e9"},"content":{"rendered":"<p>Der neue Ballerina Miranda erg\u00e4nzt die erfolgreiche Sole Runner Damenschuh Kollektion. Mit seinem handschuhweichen Veloursleder passt dieser modische Damen Barfu\u00dfschuh zur Jeans genauso wie zum Business Outfit. Das Oberleder, wasserabweisend und atmungsaktiv ist nicht mit Deckfarbe behandelt und dadurch noch weicher und anschmiegsamer.<br \/>\nSeit dem Modelljahr 2022 hat der Miranda Rosee ein sehr anschmiegsames Lederfutter, dies erh\u00f6ht den Tragekomfort extrem.<br \/>\nZur Pflege dieses feinen Leders empfehlen wir handels\u00fcbliches Impr\u00e4gnierspray sowie eine Velourslederb\u00fcrste.<\/p>\n<p>Da ein Fu\u00df im Schuh beim Gehen immer noch etwas nach vorn rutscht, bitte zu der gemessenen Fu\u00dfl\u00e4nge noch ca. 3-5 mm addieren.<\/p>\n<p>Dieser Artikel f\u00e4llt etwa eine halbe Nummer kleiner aus.<\/p>\n<p>Obermaterial: feinstes Velours Leder, wasserabweisend<br \/>\nInnenfutter: Leder<br \/>\nVerschluss: Schlupf<br \/>\nForm: Normal (Weite G)<br \/>\nGr\u00f6\u00dfen: 36-42<br \/>\nGewicht: 100 gr. Gr\u00f6sse 41<br \/>\nLaufsohle: ca.3,5mm Gummi, Non Marking (nicht abf\u00e4rbend).<br \/>\nErlaubt einen m\u00f6glichst direkten Kontakt zum Boden. Fast wie Gehen auf der eigenen Fu\u00dfsohle<\/p>\n<p><b>Audio-Beschreibung<\/b><br \/><audio controls src=\"https:\/\/schuhewiebarfuss.at\/shop\/wp-content\/uploads\/lk\/5097_audio.wav\"><br \/>\n                                            Ihr Browser unterst\u00fctzt diese Audio-Ausgabe leider nicht.<br \/>\n                                            <\/ audio ><\/p>\n","protected":false},"excerpt":{"rendered":"<p>Barfu\u00dfschuh Ballerina Miranda Velours<\/p>\n<p>Der neue Ballerina Miranda erg\u00e4nzt die erfolgreiche Sole Runner Damenschuh Kollektion. <\/p>\n<p>Weite: G (normal)<br \/>\nModell: Miranda<br \/>\nHersteller: Sole Runner<br \/>\nInhalt: 1 Paar<\/p>\n","protected":false},"featured_media":471339,"comment_status":"open","ping_status":"closed","template":"","meta":[],"product_brand":[],"product_cat":[828],"product_tag":[1362,1368,1373,1374,1375,1376,1377,2449,1360],"class_list":{"0":"post-471340","1":"product","2":"type-product","3":"status-publish","4":"has-post-thumbnail","6":"product_cat-ballerinas","7":"product_tag-groesse-36","8":"product_tag-groesse-37","9":"product_tag-groesse-38","10":"product_tag-groesse-39","11":"product_tag-groesse-40","12":"product_tag-groesse-41","13":"product_tag-groesse-42","14":"product_tag-marke-sole-runner","15":"product_tag-standard","17":"first","18":"instock","19":"taxable","20":"shipping-taxable","21":"purchasable","22":"product-type-variable"},"_links":{"self":[{"href":"https:\/\/schuhewiebarfuss.at\/shop\/wp-json\/wp\/v2\/product\/471340","targetHints":{"allow":["GET"]}}],"collection":[{"href":"https:\/\/schuhewiebarfuss.at\/shop\/wp-json\/wp\/v2\/product"}],"about":[{"href":"https:\/\/schuhewiebarfuss.at\/shop\/wp-json\/wp\/v2\/types\/product"}],"replies":[{"embeddable":true,"href":"https:\/\/schuhewiebarfuss.at\/shop\/wp-json\/wp\/v2\/comments?post=471340"}],"wp:featuredmedia":[{"embeddable":true,"href":"https:\/\/schuhewiebarfuss.at\/shop\/wp-json\/wp\/v2\/media\/471339"}],"wp:attachment":[{"href":"https:\/\/schuhewiebarfuss.at\/shop\/wp-json\/wp\/v2\/media?parent=471340"}],"wp:term":[{"taxonomy":"product_brand","embeddable":true,"href":"https:\/\/schuhewiebarfuss.at\/shop\/wp-json\/wp\/v2\/product_brand?post=471340"},{"taxonomy":"product_cat","embeddable":true,"href":"https:\/\/schuhewiebarfuss.at\/shop\/wp-json\/wp\/v2\/product_cat?post=471340"},{"taxonomy":"product_tag","embeddable":true,"href":"https:\/\/schuhewiebarfuss.at\/shop\/wp-json\/wp\/v2\/product_tag?post=471340"}],"curies":[{"name":"wp","href":"https:\/\/api.w.org\/{rel}","templated":true}]}}