{"id":471271,"date":"2024-04-04T12:28:35","date_gmt":"2024-04-04T10:28:35","guid":{"rendered":"https:\/\/schuhewiebarfuss.at\/shop\/produkt\/madison-2-0\/"},"modified":"2026-04-10T21:51:39","modified_gmt":"2026-04-10T19:51:39","slug":"madison-2-0","status":"publish","type":"product","link":"https:\/\/schuhewiebarfuss.at\/shop\/produkt\/madison-2-0\/","title":{"rendered":"Madison 2.0"},"content":{"rendered":"<p>Die Koel Barefoot Madison 2.0 sind hochwertige Kinder-Sandalen und f\u00fcr alles, was die kleinen Abenteuerer im Sommer vorhaben, ideal. Der minimalistische Schuh ist nach dem Barfu\u00dfschuhkonzept gefertigt, erm\u00f6glicht daher eine neutrale K\u00f6rperhaltung und unterst\u00fctzt die nat\u00fcrliche Schrittbewegung sowie Fu\u00dfsensorik optimal. Die F\u00fc\u00dfe k\u00f6nnen den Untergrund sehr sensibel wahrnehmen &#8211; eine wichtige Voraussetzung f\u00fcr die schnelle und pr\u00e4zise Bewegungskoordination.<br \/>\nSie geben den Kindern durch ihre d\u00fcnne, flexible Sohle in Verbindung mit flacher Fu\u00dfposition direkten Bodenkontakt und ein nat\u00fcrliches Gef\u00fchl f\u00fcr den Untergrund. Zudem f\u00f6rdert die Madison 2.0 eine optimale Kr\u00e4ftigung der Fu\u00df- und Beinmuskulatur, unterst\u00fctzt die nat\u00fcrliche Entwicklung heranwachsender F\u00fc\u00dfe und hilft indirekt beim Vermeiden von Haltungssch\u00e4den im Erwachsenenalter mit.<\/p>\n<p>Diese luftig sportlichen Sandalen mit ultrad\u00fcnner Sohle versprechen viel Bewegungsfreiheit f\u00fcr den Fu\u00df. Die Sandalen sind zu 100% Vegan und bieten durch die Outdoorsohle &#8222;Santi&#8220; einen guten Grip auf rutschigen oder unebenen Untergr\u00fcnden. Zur Befestigung verf\u00fcgen die Schuhe \u00fcber einen bequemen Klettverschluss und elastischem Gummizug. Ferse, Zehen und Seiten der Sandalen sind alle geschlossen und das Ergebnis ist eine Sandale mit zus\u00e4tzlichem Halt und hohem Komfort. Mit Klettriemen und Schnellschn\u00fcrung ist das An- und Ausziehen einfach erledigt. In Sachen Passform, geeignet f\u00fcr mittelbreite und etwas breitere F\u00fc\u00dfe mit mittlerem Spann, setzt der optimal bel\u00fcftete Schuh auf Top Komfort durch eine breite Vorfu\u00dfzone. <\/p>\n<p>Wo man sie tr\u00e4gt: Diese Sandalen eignen sich hervorragend f\u00fcr alle Sommeraktivit\u00e4ten \u2013 Klettern, Spielen, Laufen, Wandern und Radfahren. Sie k\u00f6nnen sie getrost bei Waldwanderungen, auf dem Spielplatz oder drinnen tragen.<\/p>\n<p>Materialdetails:<\/p>\n<p>Obermaterial: weiches Polyurethan und Polyester, aus nat\u00fcrlichen und synthetischen Textilien<br \/>\nInnenfutter: glattes Lycra-Futter und Polyester, aus nat\u00fcrliche und synthetischen Textilien<br \/>\nSohle: Outdoorsohle &#8222;Santi&#8220;, 6 mm Gummisohle mit Anti-Rutsch-Profil, guten Grip, flexibel und d\u00fcnn<br \/>\nInnensohle: herausnehmbare Recycle-Innensohle<br \/>\nAbsatz: Nullabsatz, keine Absenkung von der Ferse bis zu den Zehen<br \/>\nZehenbox: breite Zehenbox, die der nat\u00fcrlichen Form der Zehen folgt<br \/>\nPassform: f\u00fcr F\u00fc\u00dfe mittlerer oder etwas breiterer Breite konzipiert<br \/>\nVerschluss: Schnellschn\u00fcrung (Gummizug), Klettverschluss<br \/>\nBesonderheiten: keine Fu\u00dfgew\u00f6lbeunterst\u00fctzung, weiche Innenseiten, sehr Leicht, ohne Membran, schnell trocknend<br \/>\nMaterialhinweis: bestehen aus PU-Materialien, Gummisohle deckt die Zehenbox ab und sch\u00fctzt sie vor Kratzern, Vegan und damit frei von tierischen Produkten<br \/>\nFair und nachhaltig hergestellt in Portugal<\/p>\n<p>Pflege: Um die Lebensdauer Ihrer Schuhe zu verl\u00e4ngern und die Pflege zu vereinfachen, verwenden Sie regelm\u00e4\u00dfig geeignete Pflegeprodukte.<\/p>\n<p>Innensohle &#8211; L\u00e4nge\/Breite (mm):<\/p>\n<p>Gr\u00f6\u00dfe: 28 &#8211; L\u00e4nge: 186 mm &#8211; Breite (Zehen): 72 mm<br \/>\nGr\u00f6\u00dfe: 29 &#8211; L\u00e4nge: 193 mm &#8211; Breite (Zehen): 74 mm<br \/>\nGr\u00f6\u00dfe: 30 &#8211; L\u00e4nge: 200 mm &#8211; Breite (Zehen): 76 mm<br \/>\nGr\u00f6\u00dfe: 31 &#8211; L\u00e4nge: 207 mm &#8211; Breite (Zehen): 78 mm<br \/>\nGr\u00f6\u00dfe: 32 &#8211; L\u00e4nge: 214 mm &#8211; Breite (Zehen): 80 mm<br \/>\nGr\u00f6\u00dfe: 33 &#8211; L\u00e4nge: 221 mm &#8211; Breite (Zehen): 82 mm<br \/>\nGr\u00f6\u00dfe: 34 &#8211; L\u00e4nge: 229 mm &#8211; Breite (Zehen): 84 mm<br \/>\nGr\u00f6\u00dfe: 35 &#8211; L\u00e4nge: 236 mm &#8211; Breite (Zehen): 86 mm<\/p>\n<p><b>Audio-Beschreibung<\/b><br \/><audio controls src=\"https:\/\/schuhewiebarfuss.at\/shop\/wp-content\/uploads\/lk\/9463_audio.wav\"><br \/>\n                                            Ihr Browser unterst\u00fctzt diese Audio-Ausgabe leider nicht.<br \/>\n                                            <\/ audio ><\/p>\n","protected":false},"excerpt":{"rendered":"<p>Koel Shoes MADISON 2.0 Kinder-Outdoor-Sandale<\/p>\n<p>Obermaterial: veganes Textil (PU Fabrics)<br \/>\nInnenfutter: veganes Textil (Lycra)<br \/>\nSohle: Outdoor-Sohle (Gummi)<br \/>\nInnensohle: herausnehmbar<br \/>\nAbsatz: Nullabsatz<br \/>\nZehenbox: Breite<br \/>\nVerschluss: Klett- und Schnellverschluss<br \/>\nschnel trocknend<br \/>\nVegan<br \/>\nHergestellt in Portugal<\/p>\n","protected":false},"featured_media":546825,"comment_status":"open","ping_status":"closed","template":"","meta":[],"product_brand":[],"product_cat":[3121],"product_tag":[1479,1570,1600,1397,1398,1399,1400,1401,1402,1403,1404,1362,1373,1375,1376,2778,1450],"class_list":{"0":"post-471271","1":"product","2":"type-product","3":"status-publish","4":"has-post-thumbnail","6":"product_cat-sale","7":"product_tag-farbe-blau","8":"product_tag-farbe-gruen","9":"product_tag-farbe-rot","10":"product_tag-groesse-28","11":"product_tag-groesse-29","12":"product_tag-groesse-30","13":"product_tag-groesse-31","14":"product_tag-groesse-32","15":"product_tag-groesse-33","16":"product_tag-groesse-34","17":"product_tag-groesse-35","18":"product_tag-groesse-36","19":"product_tag-groesse-38","20":"product_tag-groesse-40","21":"product_tag-groesse-41","22":"product_tag-marke-koel-shoes-international","23":"product_tag-sale","25":"first","26":"instock","27":"taxable","28":"shipping-taxable","29":"purchasable","30":"product-type-variable"},"_links":{"self":[{"href":"https:\/\/schuhewiebarfuss.at\/shop\/wp-json\/wp\/v2\/product\/471271","targetHints":{"allow":["GET"]}}],"collection":[{"href":"https:\/\/schuhewiebarfuss.at\/shop\/wp-json\/wp\/v2\/product"}],"about":[{"href":"https:\/\/schuhewiebarfuss.at\/shop\/wp-json\/wp\/v2\/types\/product"}],"replies":[{"embeddable":true,"href":"https:\/\/schuhewiebarfuss.at\/shop\/wp-json\/wp\/v2\/comments?post=471271"}],"wp:featuredmedia":[{"embeddable":true,"href":"https:\/\/schuhewiebarfuss.at\/shop\/wp-json\/wp\/v2\/media\/546825"}],"wp:attachment":[{"href":"https:\/\/schuhewiebarfuss.at\/shop\/wp-json\/wp\/v2\/media?parent=471271"}],"wp:term":[{"taxonomy":"product_brand","embeddable":true,"href":"https:\/\/schuhewiebarfuss.at\/shop\/wp-json\/wp\/v2\/product_brand?post=471271"},{"taxonomy":"product_cat","embeddable":true,"href":"https:\/\/schuhewiebarfuss.at\/shop\/wp-json\/wp\/v2\/product_cat?post=471271"},{"taxonomy":"product_tag","embeddable":true,"href":"https:\/\/schuhewiebarfuss.at\/shop\/wp-json\/wp\/v2\/product_tag?post=471271"}],"curies":[{"name":"wp","href":"https:\/\/api.w.org\/{rel}","templated":true}]}}